{"id":2556,"date":"2023-09-28T11:31:28","date_gmt":"2023-09-28T09:31:28","guid":{"rendered":"http:\/\/www.unimedia.tech.mialias.net\/politica-de-privacitat\/"},"modified":"2026-02-04T17:18:21","modified_gmt":"2026-02-04T16:18:21","slug":"politica-de-privacitat","status":"publish","type":"page","link":"https:\/\/www.unimedia.tech\/ca\/politica-de-privacitat\/","title":{"rendered":"Pol\u00edtica de privacitat"},"content":{"rendered":"\t\t<div data-elementor-type=\"wp-page\" data-elementor-id=\"2556\" class=\"elementor elementor-2556 elementor-392\" data-elementor-post-type=\"page\">\n\t\t\t\t\t\t<section class=\"elementor-section elementor-top-section elementor-element elementor-element-f4dc359 elementor-section-boxed elementor-section-height-default elementor-section-height-default\" data-id=\"f4dc359\" data-element_type=\"section\" data-e-type=\"section\">\n\t\t\t\t\t\t<div class=\"elementor-container elementor-column-gap-default\">\n\t\t\t\t\t<div class=\"elementor-column elementor-col-100 elementor-top-column elementor-element elementor-element-0400c07\" data-id=\"0400c07\" data-element_type=\"column\" data-e-type=\"column\">\n\t\t\t<div class=\"elementor-widget-wrap elementor-element-populated\">\n\t\t\t\t\t\t<div class=\"elementor-element elementor-element-2e1093b elementor-widget elementor-widget-heading\" data-id=\"2e1093b\" data-element_type=\"widget\" data-e-type=\"widget\" data-widget_type=\"heading.default\">\n\t\t\t\t<div class=\"elementor-widget-container\">\n\t\t\t\t\t<h1 class=\"elementor-heading-title elementor-size-default\">Pol\u00edtica de privacitat<\/h1>\t\t\t\t<\/div>\n\t\t\t\t<\/div>\n\t\t\t\t<div class=\"elementor-element elementor-element-60c2b09 elementor-widget elementor-widget-text-editor\" data-id=\"60c2b09\" data-element_type=\"widget\" data-e-type=\"widget\" data-widget_type=\"text-editor.default\">\n\t\t\t\t<div class=\"elementor-widget-container\">\n\t\t\t\t\t\t\t\t\t<h2>Responsable del tractament de dades<\/h2>\n<p>Identitat: Unimedia Technology SLU<\/p>\n<p>NIF: B66934365<\/p>\n<p>Adre\u00e7a: C\/Esteve Terradas, 1, 111A &#8211; Parc Tecnol\u00f2gic del Mediterrani (PMT) &#8211; 08860 Castelldefels, Barcelona, \u200b\u200bEspanya<\/p>\n<p>Tel\u00e8fon de contacte: +34 936 01 40 40<\/p>\n<p>Correu electr\u00f2nic: info@unimedia.tech<\/p>\n<h2>Normativa de gesti\u00f3 de dades<\/h2>\n<p>Les nostres activitats es regeixen pel Reglament General de Protecci\u00f3 de Dades (GDPR), que \u00e9s el Reglament (UE) 2016\/679 del Parlament Europeu i del Consell, de 27 d&#8217;abril de 2016, sobre la protecci\u00f3 de les persones f\u00edsiques pel que fa al tractament de dades personals i sobre la lliure circulaci\u00f3 d&#8217;aquestes dades, per la Llei Org\u00e0nica 3\/2018, de 5 de desembre, de Protecci\u00f3 de Dades de Car\u00e0cter Personal i Garantia dels Drets Digitals (LOPDGDD), i per la resta de normativa nacional aplicable.<\/p>\n<h2>Principis aplicats en el tractament de dades<\/h2>\n<p>En el tractament de les TEVES dades personals, Unimedia Technology SLU aplicar\u00e0 els seg\u00fcents principis que compleixen amb els requisits de la normativa europea de protecci\u00f3 de dades:<\/p>\n<p>Principi de licitud, lleialtat i transpar\u00e8ncia: Unimedia Technology SLU requerir\u00e0 sempre el TEU consentiment per al tractament de les TEVES dades personals, que pot ser per a una o diverses finalitats espec\u00edfiques de les quals s&#8217;informar\u00e0 pr\u00e8viament amb absoluta transpar\u00e8ncia.<\/p>\n<p>Principi de minimitzaci\u00f3 de dades: Unimedia Technology sol\u00b7licitar\u00e0 nom\u00e9s les dades estrictament necess\u00e0ries per a la finalitat o finalitats per a les quals es sol\u00b7licita.<\/p>\n<p>Principi de limitaci\u00f3 del termini de conservaci\u00f3: Les dades es conservaran durant el temps estrictament necessari per a la finalitat o finalitats del tractament.<\/p>\n<p>Principi d&#8217;integritat i confidencialitat: Les dades seran tractades de manera que es garanteixi una seguretat adequada de les dades personals i es mantingui la confidencialitat.<\/p>\n<h2>Recollida de Dades Personals<\/h2>\n<p>Per navegar pel nostre lloc web, no cal proporcionar cap dada personal. Els casos en qu\u00e8 es facilitaran dades personals s\u00f3n els seg\u00fcents:<\/p>\n<p>Quan es contacta mitjan\u00e7ant formularis de contacte.<br \/>Quan es realitza sol\u00b7licituds de consultes i\/o serveis.<br \/>Quan s&#8217;aplica a una oferta de feina.<\/p>\n<h2>Els teus drets<\/h2>\n<p>Unimedia Technology SLU t&#8217;informa que en relaci\u00f3 a les teves dades personals tens dret a:<\/p>\n<ul>\n<li>Sol\u00b7licitar acc\u00e9s a les dades emmagatzemades. Pots preguntar-nos si estem tractant les teves dades i com.<\/li>\n<li>Sol\u00b7licitar la rectificaci\u00f3 o cancel\u00b7laci\u00f3. Pots demanar-nos que actualitzem les teves dades personals si s\u00f3n incorrectes, i les suprimim si ho solicites, ja no s\u00f3n necess\u00e0ries per al tractament, retirise el teu consentiment, hi hagi un tractament sigui il\u00b7l\u00edcit o hi hagi una obligaci\u00f3 legal de fer-ho. Analitzarem el cas i aplicarem la llei.<\/li>\n<li>Sol\u00b7licitar la limitaci\u00f3 del seu tractament. En aquest cas, \u00fanicament seran conservades per Unimedia Technology SLU per a l&#8217;exercici o la defensa de reclamacions.<\/li>\n<li>Oposar-te a la tramitaci\u00f3. Despr\u00e9s de la teva sol\u00b7licitud d&#8217;oposici\u00f3 al tractament, Unimedia Technology SLU deixar\u00e0 de tractar les dades en la forma que ens indiquis llevat que per motius leg\u00edtims imperiosos o l&#8217;exercici o la defensa de possibles reclamacions s&#8217;hagin de continuar tractant.<\/li>\n<li>Sol\u00b7licitar la portabilitat de les teves dades. En cas que vulguis que les teves dades siguin tractades per una altra empresa, Unimedia Technology SLU facilitar\u00e0 la portabilitat de les teves dades al nou responsable.<\/li>\n<li>Retirar el consentiment donat. La retirada del consentiment no afectar\u00e0 la licitud del tractament basat en el consentiment anterior a la seva retirada.<\/li>\n<\/ul>\n<p>L&#8217;exercici d&#8217;aquests drets \u00e9s personal i, per tant, ha de ser exercit directament per l&#8217;interessat, sol\u00b7licitant-ho directament als titulars.<\/p>\n<h2>Seguretat de les dades personals<\/h2>\n<p>Unimedia Technology SLU es compromet en el \u00fas de dades, a respectar-ne la confidencialitat ia utilitzar-les d&#8217;acord amb la seva finalitat, aix\u00ed com a complir amb la seva obligaci\u00f3 d&#8217;emmagatzemar-les i adaptar totes les mesures per evitar-ne l&#8217;alteraci\u00f3, p\u00e8rdua, tractament o acc\u00e9s no autoritzat, d&#8217;acord amb el que estableix la normativa vigent de protecci\u00f3 de dades.<\/p>\n<h2>Canvis a la pol\u00edtica de privadesa<\/h2>\n<p>Unimedia Technology SLU es reserva el dret a modificar aquesta pol\u00edtica per adaptar-la a canvis legislatius o jurisprudencials. En aquest cas, Unimedia Technology anunciar\u00e0 en aquesta p\u00e0gina els canvis introdu\u00efts amb un av\u00eds raonable abans de la seva implementaci\u00f3.<\/p>\n<p>Per con\u00e8ixer la nostra <strong>Pol\u00edtica de cookies<\/strong> , visita: <a href=\"https:\/\/www.unimedia.tech\/ca\/politica-de-cookies\/\">https:\/\/www.unimedia.tech\/cookies-policy\/<\/a><\/p>\n<h2>Contacta amb nosaltres<\/h2>\n<p class=\"nitro-offscreen\">Si tens cap pregunta sobre la nostra Pol\u00edtica de privadesa, no dubtis en posar-te en contacte amb nosaltres.<\/p>\n\t\t\t\t\t\t\t\t<\/div>\n\t\t\t\t<\/div>\n\t\t\t\t\t<\/div>\n\t\t<\/div>\n\t\t\t\t\t<\/div>\n\t\t<\/section>\n\t\t\t\t<\/div>\n\t\t","protected":false},"excerpt":{"rendered":"<p>Responsable del tractament de dades Identitat: Unimedia Technology SLU NIF: B66934365 Adre\u00e7a: C\/Esteve Terradas, 1, 111A &#8211; Parc Tecnol\u00f2gic del Mediterrani (PMT) &#8211; 08860 Castelldefels, Barcelona, \u200b\u200bEspanya Tel\u00e8fon de contacte: +34 936 01 40 40 Correu electr\u00f2nic: info@unimedia.tech Normativa de gesti\u00f3 de dades Les nostres activitats es regeixen pel Reglament General de Protecci\u00f3 de Dades [&hellip;]<\/p>\n","protected":false},"author":4,"featured_media":0,"parent":0,"menu_order":0,"comment_status":"closed","ping_status":"closed","template":"elementor_header_footer","meta":{"_acf_changed":false,"footnotes":""},"class_list":["post-2556","page","type-page","status-publish","hentry"],"acf":[],"yoast_head":"<!-- This site is optimized with the Yoast SEO Premium plugin v21.6 (Yoast SEO v27.1.1) - https:\/\/yoast.com\/product\/yoast-seo-premium-wordpress\/ -->\n<title>Pol\u00edtica de privacitat<\/title>\n<meta name=\"description\" content=\"A Unimedia Tech, la nostra pol\u00edtica de privadesa garanteix la protecci\u00f3 i el tractament responsable de les vostres dades personals.\" \/>\n<meta name=\"robots\" content=\"noindex, follow\" \/>\n<meta property=\"og:locale\" content=\"ca_ES\" \/>\n<meta property=\"og:type\" content=\"article\" \/>\n<meta property=\"og:title\" content=\"Pol\u00edtica de privacitat\" \/>\n<meta property=\"og:description\" content=\"A Unimedia Tech, la nostra pol\u00edtica de privadesa garanteix la protecci\u00f3 i el tractament responsable de les vostres dades personals.\" \/>\n<meta property=\"og:url\" content=\"https:\/\/www.unimedia.tech\/ca\/politica-de-privacitat\/\" \/>\n<meta property=\"og:site_name\" content=\"Unimedia Technology\" \/>\n<meta property=\"article:publisher\" content=\"https:\/\/www.linkedin.com\/company\/unimedia-technology\/\" \/>\n<meta property=\"article:modified_time\" content=\"2026-02-04T16:18:21+00:00\" \/>\n<meta property=\"og:image\" content=\"https:\/\/www.unimedia.tech\/wp-content\/uploads\/2023\/12\/cloud_border-3.png\" \/>\n\t<meta property=\"og:image:width\" content=\"403\" \/>\n\t<meta property=\"og:image:height\" content=\"309\" \/>\n\t<meta property=\"og:image:type\" content=\"image\/png\" \/>\n<meta name=\"twitter:card\" content=\"summary_large_image\" \/>\n<meta name=\"twitter:site\" content=\"@UnimediaCTO\" \/>\n<meta name=\"twitter:label1\" content=\"Temps estimat de lectura\" \/>\n\t<meta name=\"twitter:data1\" content=\"4 minuts\" \/>\n<!-- \/ Yoast SEO Premium plugin. -->","yoast_head_json":{"title":"Pol\u00edtica de privacitat","description":"A Unimedia Tech, la nostra pol\u00edtica de privadesa garanteix la protecci\u00f3 i el tractament responsable de les vostres dades personals.","robots":{"index":"noindex","follow":"follow"},"og_locale":"ca_ES","og_type":"article","og_title":"Pol\u00edtica de privacitat","og_description":"A Unimedia Tech, la nostra pol\u00edtica de privadesa garanteix la protecci\u00f3 i el tractament responsable de les vostres dades personals.","og_url":"https:\/\/www.unimedia.tech\/ca\/politica-de-privacitat\/","og_site_name":"Unimedia Technology","article_publisher":"https:\/\/www.linkedin.com\/company\/unimedia-technology\/","article_modified_time":"2026-02-04T16:18:21+00:00","og_image":[{"width":403,"height":309,"url":"https:\/\/www.unimedia.tech\/wp-content\/uploads\/2023\/12\/cloud_border-3.png","type":"image\/png"}],"twitter_card":"summary_large_image","twitter_site":"@UnimediaCTO","twitter_misc":{"Temps estimat de lectura":"4 minuts"},"schema":{"@context":"https:\/\/schema.org","@graph":[{"@type":"WebPage","@id":"https:\/\/www.unimedia.tech\/ca\/politica-de-privacitat\/","url":"https:\/\/www.unimedia.tech\/ca\/politica-de-privacitat\/","name":"Pol\u00edtica de privacitat","isPartOf":{"@id":"https:\/\/www.unimedia.tech\/ca\/#website"},"datePublished":"2023-09-28T09:31:28+00:00","dateModified":"2026-02-04T16:18:21+00:00","description":"A Unimedia Tech, la nostra pol\u00edtica de privadesa garanteix la protecci\u00f3 i el tractament responsable de les vostres dades personals.","breadcrumb":{"@id":"https:\/\/www.unimedia.tech\/ca\/politica-de-privacitat\/#breadcrumb"},"inLanguage":"ca","potentialAction":[{"@type":"ReadAction","target":["https:\/\/www.unimedia.tech\/ca\/politica-de-privacitat\/"]}]},{"@type":"BreadcrumbList","@id":"https:\/\/www.unimedia.tech\/ca\/politica-de-privacitat\/#breadcrumb","itemListElement":[{"@type":"ListItem","position":1,"name":"Home","item":"https:\/\/www.unimedia.tech\/ca\/"},{"@type":"ListItem","position":2,"name":"Pol\u00edtica de privacitat"}]},{"@type":"WebSite","@id":"https:\/\/www.unimedia.tech\/ca\/#website","url":"https:\/\/www.unimedia.tech\/ca\/","name":"Unimedia Technology","description":"Your software development partner","publisher":{"@id":"https:\/\/www.unimedia.tech\/ca\/#organization"},"alternateName":"Unimedia Tech","potentialAction":[{"@type":"SearchAction","target":{"@type":"EntryPoint","urlTemplate":"https:\/\/www.unimedia.tech\/ca\/?s={search_term_string}"},"query-input":{"@type":"PropertyValueSpecification","valueRequired":true,"valueName":"search_term_string"}}],"inLanguage":"ca"},{"@type":"Organization","@id":"https:\/\/www.unimedia.tech\/ca\/#organization","name":"Unimedia Technology","alternateName":"Unimedia Tech","url":"https:\/\/www.unimedia.tech\/ca\/","logo":{"@type":"ImageObject","inLanguage":"ca","@id":"https:\/\/www.unimedia.tech\/ca\/#\/schema\/logo\/image\/","url":"https:\/\/www.unimedia.tech\/wp-content\/uploads\/2023\/12\/cloud_border-3.png","contentUrl":"https:\/\/www.unimedia.tech\/wp-content\/uploads\/2023\/12\/cloud_border-3.png","width":403,"height":309,"caption":"Unimedia Technology"},"image":{"@id":"https:\/\/www.unimedia.tech\/ca\/#\/schema\/logo\/image\/"},"sameAs":["https:\/\/www.linkedin.com\/company\/unimedia-technology\/","https:\/\/x.com\/UnimediaCTO","https:\/\/www.instagram.com\/unimedia.technology\/"]}]}},"_links":{"self":[{"href":"https:\/\/www.unimedia.tech\/ca\/wp-json\/wp\/v2\/pages\/2556","targetHints":{"allow":["GET"]}}],"collection":[{"href":"https:\/\/www.unimedia.tech\/ca\/wp-json\/wp\/v2\/pages"}],"about":[{"href":"https:\/\/www.unimedia.tech\/ca\/wp-json\/wp\/v2\/types\/page"}],"author":[{"embeddable":true,"href":"https:\/\/www.unimedia.tech\/ca\/wp-json\/wp\/v2\/users\/4"}],"replies":[{"embeddable":true,"href":"https:\/\/www.unimedia.tech\/ca\/wp-json\/wp\/v2\/comments?post=2556"}],"version-history":[{"count":1,"href":"https:\/\/www.unimedia.tech\/ca\/wp-json\/wp\/v2\/pages\/2556\/revisions"}],"predecessor-version":[{"id":17378,"href":"https:\/\/www.unimedia.tech\/ca\/wp-json\/wp\/v2\/pages\/2556\/revisions\/17378"}],"wp:attachment":[{"href":"https:\/\/www.unimedia.tech\/ca\/wp-json\/wp\/v2\/media?parent=2556"}],"curies":[{"name":"wp","href":"https:\/\/api.w.org\/{rel}","templated":true}]}}