{"id":2641,"date":"2023-09-28T11:31:10","date_gmt":"2023-09-28T09:31:10","guid":{"rendered":"http:\/\/www.unimedia.tech.mialias.net\/avis-legal\/"},"modified":"2026-02-04T17:15:05","modified_gmt":"2026-02-04T16:15:05","slug":"avis-legal","status":"publish","type":"page","link":"https:\/\/www.unimedia.tech\/ca\/avis-legal\/","title":{"rendered":"Av\u00eds Legal"},"content":{"rendered":"\t\t<div data-elementor-type=\"wp-page\" data-elementor-id=\"2641\" class=\"elementor elementor-2641 elementor-390\" data-elementor-post-type=\"page\">\n\t\t\t\t\t\t<section class=\"elementor-section elementor-top-section elementor-element elementor-element-4d15bd1e elementor-section-boxed elementor-section-height-default elementor-section-height-default\" data-id=\"4d15bd1e\" data-element_type=\"section\" data-e-type=\"section\">\n\t\t\t\t\t\t<div class=\"elementor-container elementor-column-gap-default\">\n\t\t\t\t\t<div class=\"elementor-column elementor-col-100 elementor-top-column elementor-element elementor-element-a9c1718\" data-id=\"a9c1718\" data-element_type=\"column\" data-e-type=\"column\">\n\t\t\t<div class=\"elementor-widget-wrap elementor-element-populated\">\n\t\t\t\t\t\t<div class=\"elementor-element elementor-element-15c4c84 elementor-widget elementor-widget-heading\" data-id=\"15c4c84\" data-element_type=\"widget\" data-e-type=\"widget\" data-widget_type=\"heading.default\">\n\t\t\t\t<div class=\"elementor-widget-container\">\n\t\t\t\t\t<h1 class=\"elementor-heading-title elementor-size-default\">Av\u00eds Legal<\/h1>\t\t\t\t<\/div>\n\t\t\t\t<\/div>\n\t\t\t\t<div class=\"elementor-element elementor-element-7cba4574 elementor-widget elementor-widget-text-editor\" data-id=\"7cba4574\" data-element_type=\"widget\" data-e-type=\"widget\" data-widget_type=\"text-editor.default\">\n\t\t\t\t<div class=\"elementor-widget-container\">\n\t\t\t\t\t\t\t\t\t<h2>Identificaci\u00f3 del titular<\/h2><p>Nom de l&#8217;empresa: Unimedia Technology SLU<\/p><p>NIF: B66934365<\/p><p>Domicili social: C\/Esteve Terradas, 1, 111A &#8211; Parc Tecnol\u00f2gic del Mediterrani (PMT) &#8211; 08860 Castelldefels, Barcelona, \u200b\u200bEspanya<\/p><p>Correu electr\u00f2nic de contacte: info@unimedia.tech<\/p><p>Tel\u00e8fon: +34 936 01 40 40<\/p><h2>Prop\u00f2sit<\/h2><p>El present Av\u00eds Legal regula l&#8217;\u00fas i la utilitzaci\u00f3 del lloc web <a href=\"https:\/\/www.unimedia.tech\/ca\/\">https:\/\/www.unimedia.tech\/<\/a> , propietat d&#8217;Unimedia Technology SLU. La navegaci\u00f3 pel lloc web del Titular atorga la condici\u00f3 d&#8217;usuari i implica l&#8217;acceptaci\u00f3 plena i sense reserves de totes i cadascuna de les disposicions incloses en aquest Av\u00eds Legal, que poden patir modificacions.<\/p><h2>\u00das del lloc web<\/h2><p>El lloc web i els seus serveis s\u00f3n d&#8217;acc\u00e9s lliure i gratu\u00eft, no obstant aix\u00f2, Unimedia Technology SLU condiciona la utilitzaci\u00f3 d&#8217;alguns dels serveis que s&#8217;ofereixen al seu lloc web a la pr\u00e8via complimentaci\u00f3 del formulari corresponent.<br \/>L&#8217;usuari garanteix l&#8217;autenticitat i actualitat de totes les dades comunicades a Unimedia Technology SLU i ser\u00e0 l&#8217;\u00fanic responsable de les manifestacions falses o inexactes que realitzi.<\/p><h2>Propietat Intel\u00b7lectual i Industrial<\/h2><p>Unimedia Technology SLU \u00e9s titular de tots els drets de propietat intel\u00b7lectual i industrial del seu lloc web, aix\u00ed com dels elements que hi cont\u00e9. Qualsevol \u00fas no autoritzat pr\u00e8viament per Unimedia Technology SLU ser\u00e0 considerat un incompliment greu dels drets de propietat intel\u00b7lectual o industrial de l&#8217;autor.<\/p><h2>Exclusi\u00f3 de garanties i responsabilitat<\/h2><p>Unimedia Technology SLU no atorga cap garantia i no es fa responsable, en cap cas, dels danys i perjudicis de qualsevol naturalesa que es puguin ocasionar per la falta de disponibilitat, manteniment i funcionament efectiu del lloc web o dels seus serveis i continguts.<\/p><h2>Modificacions<\/h2><p>Unimedia Technology SLU es reserva el dret d&#8217;efectuar sense previ av\u00eds les modificacions que consideri oportunes a la seva p\u00e0gina web, podent modificar, suprimir o afegir tant els continguts i serveis que es presten a trav\u00e9s de la mateixa, com la forma en qu\u00e8 aquests es presenten o localitzats al seu portal.<\/p><h2>Enlla\u00e7os<\/h2><p>En el cas que a la web estiguin disponibles enlla\u00e7os o hipervincles a altres llocs d&#8217;Internet, Unimedia Technology SLU no exercir\u00e0 cap control sobre aquests llocs i continguts. Unimedia Technology SLU no t\u00e9 control sobre el contingut, les pol\u00edtiques de privadesa o les pr\u00e0ctiques de llocs web o serveis de tercers i no n&#8217;assumeix cap responsabilitat.<\/p><h2>Dret d&#8217;exclusi\u00f3<\/h2><p>Unimedia Technology SLU es reserva el dret a denegar o retirar l&#8217;acc\u00e9s al portal i\/o als serveis oferts sense previ av\u00eds, a criteri propi o d&#8217;un tercer, a aquells usuaris que incompleixin el present Av\u00eds Legal.<\/p><h2>Legislaci\u00f3 aplicable i jurisdicci\u00f3<\/h2><p>La relaci\u00f3 entre Unimedia Technology SLU i l&#8217;usuari es regir\u00e0 per la normativa espanyola vigent i qualsevol controv\u00e8rsia se sotmetr\u00e0 als Jutjats i Tribunals de la ciutat de Barcelona, \u200b\u200bEspanya.<\/p><h2>Contacta amb nosaltres<\/h2><p class=\"nitro-offscreen\">Si teniu cap pregunta sobre aquestes Condicions, poseu-vos en contacte amb nosaltres.<\/p>\t\t\t\t\t\t\t\t<\/div>\n\t\t\t\t<\/div>\n\t\t\t\t\t<\/div>\n\t\t<\/div>\n\t\t\t\t\t<\/div>\n\t\t<\/section>\n\t\t\t\t<\/div>\n\t\t","protected":false},"excerpt":{"rendered":"<p>Identificaci\u00f3 del titular Nom de l&#8217;empresa: Unimedia Technology SLU NIF: B66934365 Domicili social: C\/Esteve Terradas, 1, 111A &#8211; Parc Tecnol\u00f2gic del Mediterrani (PMT) &#8211; 08860 Castelldefels, Barcelona, \u200b\u200bEspanya Correu electr\u00f2nic de contacte: info@unimedia.tech Tel\u00e8fon: +34 936 01 40 40 Prop\u00f2sit El present Av\u00eds Legal regula l&#8217;\u00fas i la utilitzaci\u00f3 del lloc web https:\/\/www.unimedia.tech\/ , propietat [&hellip;]<\/p>\n","protected":false},"author":4,"featured_media":0,"parent":0,"menu_order":0,"comment_status":"closed","ping_status":"closed","template":"elementor_header_footer","meta":{"_acf_changed":false,"footnotes":""},"class_list":["post-2641","page","type-page","status-publish","hentry"],"acf":[],"yoast_head":"<!-- This site is optimized with the Yoast SEO Premium plugin v21.6 (Yoast SEO v27.1.1) - https:\/\/yoast.com\/product\/yoast-seo-premium-wordpress\/ -->\n<title>Av\u00eds Legal<\/title>\n<meta name=\"description\" content=\"El nostre av\u00eds legal a Unimedia Tech ofereix una visi\u00f3 detallada dels nostres termes i condicions, garantint la transpar\u00e8ncia i la confian\u00e7a.\" \/>\n<meta name=\"robots\" content=\"noindex, follow\" \/>\n<meta property=\"og:locale\" content=\"ca_ES\" \/>\n<meta property=\"og:type\" content=\"article\" \/>\n<meta property=\"og:title\" content=\"Av\u00eds Legal\" \/>\n<meta property=\"og:description\" content=\"El nostre av\u00eds legal a Unimedia Tech ofereix una visi\u00f3 detallada dels nostres termes i condicions, garantint la transpar\u00e8ncia i la confian\u00e7a.\" \/>\n<meta property=\"og:url\" content=\"https:\/\/www.unimedia.tech\/ca\/avis-legal\/\" \/>\n<meta property=\"og:site_name\" content=\"Unimedia Technology\" \/>\n<meta property=\"article:publisher\" content=\"https:\/\/www.linkedin.com\/company\/unimedia-technology\/\" \/>\n<meta property=\"article:modified_time\" content=\"2026-02-04T16:15:05+00:00\" \/>\n<meta property=\"og:image\" content=\"https:\/\/www.unimedia.tech\/wp-content\/uploads\/2023\/12\/cloud_border-3.png\" \/>\n\t<meta property=\"og:image:width\" content=\"403\" \/>\n\t<meta property=\"og:image:height\" content=\"309\" \/>\n\t<meta property=\"og:image:type\" content=\"image\/png\" \/>\n<meta name=\"twitter:card\" content=\"summary_large_image\" \/>\n<meta name=\"twitter:site\" content=\"@UnimediaCTO\" \/>\n<meta name=\"twitter:label1\" content=\"Temps estimat de lectura\" \/>\n\t<meta name=\"twitter:data1\" content=\"2 minuts\" \/>\n<!-- \/ Yoast SEO Premium plugin. -->","yoast_head_json":{"title":"Av\u00eds Legal","description":"El nostre av\u00eds legal a Unimedia Tech ofereix una visi\u00f3 detallada dels nostres termes i condicions, garantint la transpar\u00e8ncia i la confian\u00e7a.","robots":{"index":"noindex","follow":"follow"},"og_locale":"ca_ES","og_type":"article","og_title":"Av\u00eds Legal","og_description":"El nostre av\u00eds legal a Unimedia Tech ofereix una visi\u00f3 detallada dels nostres termes i condicions, garantint la transpar\u00e8ncia i la confian\u00e7a.","og_url":"https:\/\/www.unimedia.tech\/ca\/avis-legal\/","og_site_name":"Unimedia Technology","article_publisher":"https:\/\/www.linkedin.com\/company\/unimedia-technology\/","article_modified_time":"2026-02-04T16:15:05+00:00","og_image":[{"width":403,"height":309,"url":"https:\/\/www.unimedia.tech\/wp-content\/uploads\/2023\/12\/cloud_border-3.png","type":"image\/png"}],"twitter_card":"summary_large_image","twitter_site":"@UnimediaCTO","twitter_misc":{"Temps estimat de lectura":"2 minuts"},"schema":{"@context":"https:\/\/schema.org","@graph":[{"@type":"WebPage","@id":"https:\/\/www.unimedia.tech\/ca\/avis-legal\/","url":"https:\/\/www.unimedia.tech\/ca\/avis-legal\/","name":"Av\u00eds Legal","isPartOf":{"@id":"https:\/\/www.unimedia.tech\/ca\/#website"},"datePublished":"2023-09-28T09:31:10+00:00","dateModified":"2026-02-04T16:15:05+00:00","description":"El nostre av\u00eds legal a Unimedia Tech ofereix una visi\u00f3 detallada dels nostres termes i condicions, garantint la transpar\u00e8ncia i la confian\u00e7a.","breadcrumb":{"@id":"https:\/\/www.unimedia.tech\/ca\/avis-legal\/#breadcrumb"},"inLanguage":"ca","potentialAction":[{"@type":"ReadAction","target":["https:\/\/www.unimedia.tech\/ca\/avis-legal\/"]}]},{"@type":"BreadcrumbList","@id":"https:\/\/www.unimedia.tech\/ca\/avis-legal\/#breadcrumb","itemListElement":[{"@type":"ListItem","position":1,"name":"Home","item":"https:\/\/www.unimedia.tech\/ca\/"},{"@type":"ListItem","position":2,"name":"Av\u00eds Legal"}]},{"@type":"WebSite","@id":"https:\/\/www.unimedia.tech\/ca\/#website","url":"https:\/\/www.unimedia.tech\/ca\/","name":"Unimedia Technology","description":"Your software development partner","publisher":{"@id":"https:\/\/www.unimedia.tech\/ca\/#organization"},"alternateName":"Unimedia Tech","potentialAction":[{"@type":"SearchAction","target":{"@type":"EntryPoint","urlTemplate":"https:\/\/www.unimedia.tech\/ca\/?s={search_term_string}"},"query-input":{"@type":"PropertyValueSpecification","valueRequired":true,"valueName":"search_term_string"}}],"inLanguage":"ca"},{"@type":"Organization","@id":"https:\/\/www.unimedia.tech\/ca\/#organization","name":"Unimedia Technology","alternateName":"Unimedia Tech","url":"https:\/\/www.unimedia.tech\/ca\/","logo":{"@type":"ImageObject","inLanguage":"ca","@id":"https:\/\/www.unimedia.tech\/ca\/#\/schema\/logo\/image\/","url":"https:\/\/www.unimedia.tech\/wp-content\/uploads\/2023\/12\/cloud_border-3.png","contentUrl":"https:\/\/www.unimedia.tech\/wp-content\/uploads\/2023\/12\/cloud_border-3.png","width":403,"height":309,"caption":"Unimedia Technology"},"image":{"@id":"https:\/\/www.unimedia.tech\/ca\/#\/schema\/logo\/image\/"},"sameAs":["https:\/\/www.linkedin.com\/company\/unimedia-technology\/","https:\/\/x.com\/UnimediaCTO","https:\/\/www.instagram.com\/unimedia.technology\/"]}]}},"_links":{"self":[{"href":"https:\/\/www.unimedia.tech\/ca\/wp-json\/wp\/v2\/pages\/2641","targetHints":{"allow":["GET"]}}],"collection":[{"href":"https:\/\/www.unimedia.tech\/ca\/wp-json\/wp\/v2\/pages"}],"about":[{"href":"https:\/\/www.unimedia.tech\/ca\/wp-json\/wp\/v2\/types\/page"}],"author":[{"embeddable":true,"href":"https:\/\/www.unimedia.tech\/ca\/wp-json\/wp\/v2\/users\/4"}],"replies":[{"embeddable":true,"href":"https:\/\/www.unimedia.tech\/ca\/wp-json\/wp\/v2\/comments?post=2641"}],"version-history":[{"count":1,"href":"https:\/\/www.unimedia.tech\/ca\/wp-json\/wp\/v2\/pages\/2641\/revisions"}],"predecessor-version":[{"id":17376,"href":"https:\/\/www.unimedia.tech\/ca\/wp-json\/wp\/v2\/pages\/2641\/revisions\/17376"}],"wp:attachment":[{"href":"https:\/\/www.unimedia.tech\/ca\/wp-json\/wp\/v2\/media?parent=2641"}],"curies":[{"name":"wp","href":"https:\/\/api.w.org\/{rel}","templated":true}]}}