{"id":2548,"date":"2023-09-28T11:31:49","date_gmt":"2023-09-28T09:31:49","guid":{"rendered":"http:\/\/www.unimedia.tech.mialias.net\/cookies-politik\/"},"modified":"2026-02-04T17:27:27","modified_gmt":"2026-02-04T16:27:27","slug":"cookies-politik","status":"publish","type":"page","link":"https:\/\/www.unimedia.tech\/de\/cookies-politik\/","title":{"rendered":"Cookies-Politik"},"content":{"rendered":"\t\t<div data-elementor-type=\"wp-page\" data-elementor-id=\"2548\" class=\"elementor elementor-2548 elementor-395\" data-elementor-post-type=\"page\">\n\t\t\t\t\t\t<section class=\"elementor-section elementor-top-section elementor-element elementor-element-5867924e elementor-section-boxed elementor-section-height-default elementor-section-height-default\" data-id=\"5867924e\" data-element_type=\"section\" data-e-type=\"section\">\n\t\t\t\t\t\t<div class=\"elementor-container elementor-column-gap-default\">\n\t\t\t\t\t<div class=\"elementor-column elementor-col-100 elementor-top-column elementor-element elementor-element-2f6b6fe6\" data-id=\"2f6b6fe6\" data-element_type=\"column\" data-e-type=\"column\">\n\t\t\t<div class=\"elementor-widget-wrap elementor-element-populated\">\n\t\t\t\t\t\t<div class=\"elementor-element elementor-element-04dcd03 elementor-widget elementor-widget-heading\" data-id=\"04dcd03\" data-element_type=\"widget\" data-e-type=\"widget\" data-widget_type=\"heading.default\">\n\t\t\t\t<div class=\"elementor-widget-container\">\n\t\t\t\t\t<h1 class=\"elementor-heading-title elementor-size-default\">Cookies-Politik<\/h1>\t\t\t\t<\/div>\n\t\t\t\t<\/div>\n\t\t\t\t<div class=\"elementor-element elementor-element-4f6c591c elementor-widget elementor-widget-text-editor\" data-id=\"4f6c591c\" data-element_type=\"widget\" data-e-type=\"widget\" data-widget_type=\"text-editor.default\">\n\t\t\t\t<div class=\"elementor-widget-container\">\n\t\t\t\t\t\t\t\t\t<p>In \u00dcbereinstimmung mit dem Gesetz 34\/2002 vom 11. Juli \u00fcber Dienstleistungen der Informationsgesellschaft und des elektronischen Handels informiert Unimedia Technology SLU seine Nutzer \u00fcber die Verwendung von Cookies zur Verbesserung des angebotenen Dienstes.<\/p>\n<h2>Was sind Cookies?<\/h2>\n<p><span style=\"font-weight: 400;\">Ein &#8220;Cookie&#8221; ist eine kleine Textdatei, die in Ihrem Browser gespeichert wird, wenn Sie eine beliebige Webseite besuchen. Ihr Nutzen besteht darin, dass sich die Website an Ihren Besuch erinnern kann, wenn Sie die Seite erneut aufrufen. Cookies speichern in der Regel technische Informationen, pers\u00f6nliche Pr\u00e4ferenzen, die Personalisierung von Inhalten, Nutzungsstatistiken, Links zu sozialen Netzwerken, den Zugang zu Benutzerkonten usw. Der Zweck des Cookies besteht darin, die Webinhalte an Ihr Profil und Ihre Bed\u00fcrfnisse anzupassen.<\/span><\/p>\n<p>Cookies k\u00f6nnen sein:<\/p>\n<p>Sitzungs-Cookies: Dabei handelt es sich um einen Cookie-Typ, der dazu dient, Daten zu sammeln und zu speichern, w\u00e4hrend der Nutzer eine Webseite aufruft. Diese Cookies werden nicht auf dem Computer des Nutzers gespeichert, wenn die Sitzung abl\u00e4uft oder der Nutzer den Browser schlie\u00dft.<\/p>\n<p>Dauerhafte Cookies: Hierbei handelt es sich um eine Art von Cookie, bei dem die Daten auf dem Computer des Nutzers gespeichert bleiben und abgerufen und verarbeitet werden k\u00f6nnen, wenn der Nutzer die Webseite verl\u00e4sst und sich erneut mit ihr verbindet. Diese Cookies k\u00f6nnen vom Nutzer jederzeit gel\u00f6scht werden.<\/p>\n<h2>Welche Art von Cookies werden auf dieser Website verwendet?<\/h2>\n<ul>\n<li>Technische Cookies: Sie erm\u00f6glichen es dem Nutzer, durch eine Webseite, Plattform oder Anwendung zu navigieren und die verschiedenen Optionen oder Dienste zu nutzen, die dort angeboten werden.<\/li>\n<li>Analytische Cookies: Diese erm\u00f6glichen es dem Verantwortlichen, das Verhalten der Nutzer der verlinkten Website zu verfolgen und zu analysieren. Die durch diese Art von Cookie gesammelten Informationen werden zur Messung der Aktivit\u00e4t der Website, der Plattform oder der Anwendung und zur Erstellung von Navigationsprofilen der Nutzer solcher Websites, Plattformen oder Anwendungen verwendet, um auf der Grundlage der Analyse der Nutzungsdaten der Nutzer Verbesserungen vorzunehmen.<\/li>\n<\/ul>\n<h2>Cookies von Dritten<\/h2>\n<p>Zus\u00e4tzlich zu unseren eigenen Cookies k\u00f6nnen wir auch Cookies von Drittanbietern verwenden, um das Surferlebnis unserer Nutzer zu verbessern und interessante Inhalte und Werbung anzubieten.<\/p>\n<h2>Cookies zulassen, blockieren oder l\u00f6schen<\/h2>\n<p>Sie k\u00f6nnen die auf Ihrem Computer installierten Cookies zulassen, blockieren oder l\u00f6schen, indem Sie die Optionen des auf Ihrem Computer installierten Browsers konfigurieren.<\/p>\n<p>Beachten Sie jedoch, dass Sie m\u00f6glicherweise nicht alle von uns angebotenen Funktionen nutzen k\u00f6nnen, wenn Sie Cookies l\u00f6schen oder deren Annahme verweigern, dass Sie Ihre Einstellungen nicht speichern k\u00f6nnen und dass einige unserer Seiten m\u00f6glicherweise nicht richtig angezeigt werden.<\/p>\n<p>Weitere Informationen dar\u00fcber, wie Sie Cookies in Ihrem Browser l\u00f6schen oder blockieren k\u00f6nnen, finden Sie hier:<\/p>\n<ul class=\"nitro-offscreen\">\n<li>F\u00fcr den Webbrowser Chrome besuchen Sie bitte diese Seite von Google: <a href=\"https:\/\/support.google.com\/accounts\/answer\/32050\" target=\"_self\" rel=\"nofollow external noopener noreferrer\" data-wpel-link=\"external\">https:\/\/support.google.com\/accounts\/answer\/32050<\/a><\/li>\n<li>F\u00fcr den Webbrowser Microsoft Edge: <a href=\"https:\/\/support.microsoft.com\/en-us\/windows\/delete-and-manage-cookies-168dab11-0753-043d-7c16-ede5947fc64d\">https:\/\/support.microsoft.com\/en-us\/windows\/delete-and-manage-cookies-168dab11-0753-043d-7c16-ede5947fc64d<\/a><\/li>\n<li>F\u00fcr den Firefox-Webbrowser besuchen Sie bitte diese Seite von Mozilla: <a href=\"https:\/\/support.mozilla.org\/en-US\/kb\/delete-cookies-remove-info-websites-stored\" target=\"_self\" rel=\"nofollow external noopener noreferrer\" data-wpel-link=\"external\">https:\/\/support.mozilla.org\/en-US\/kb\/delete-cookies-remove-info-websites-stored<\/a><\/li>\n<li>F\u00fcr den Safari-Webbrowser besuchen Sie bitte diese Seite von Apple: <a href=\"https:\/\/support.apple.com\/guide\/safari\/manage-cookies-and-website-data-sfri11471\/mac\" target=\"_self\" rel=\"nofollow external noopener noreferrer\" data-wpel-link=\"external\">https:\/\/support.apple.com\/guide\/safari\/manage-cookies-and-website-data-sfri11471\/mac<\/a><\/li>\n<li>F\u00fcr alle anderen Webbrowser besuchen Sie bitte die offiziellen Webseiten Ihres Webbrowsers.<\/li>\n<\/ul>\n<h2> <\/h2>\n<h2 class=\"nitro-offscreen\">Wo k\u00f6nnen Sie weitere Informationen \u00fcber Cookies finden?<\/h2>\n<p class=\"nitro-offscreen\">Sie k\u00f6nnen mehr \u00fcber Cookies und die folgenden Websites Dritter erfahren:<\/p>\n<ul class=\"nitro-offscreen\">\n<li>AllAboutCookies: <a href=\"http:\/\/www.allaboutcookies.org\/\" target=\"_self\" rel=\"nofollow external noopener noreferrer\" data-wpel-link=\"external\">http:\/\/www.allaboutcookies.org\/<\/a><\/li>\n<li>Initiative f\u00fcr Netzwerkwerbung: <a href=\"http:\/\/www.networkadvertising.org\/\" target=\"_self\" rel=\"nofollow external noopener noreferrer\" data-wpel-link=\"external\">http:\/\/www.networkadvertising.org\/<\/a><\/li>\n<\/ul>\n\t\t\t\t\t\t\t\t<\/div>\n\t\t\t\t<\/div>\n\t\t\t\t\t<\/div>\n\t\t<\/div>\n\t\t\t\t\t<\/div>\n\t\t<\/section>\n\t\t\t\t<\/div>\n\t\t","protected":false},"excerpt":{"rendered":"<p>In \u00dcbereinstimmung mit dem Gesetz 34\/2002 vom 11. Juli \u00fcber Dienstleistungen der Informationsgesellschaft und des elektronischen Handels informiert Unimedia Technology SLU seine Nutzer \u00fcber die Verwendung von Cookies zur Verbesserung des angebotenen Dienstes. Was sind Cookies? Ein &#8220;Cookie&#8221; ist eine kleine Textdatei, die in Ihrem Browser gespeichert wird, wenn Sie eine beliebige Webseite besuchen. Ihr [&hellip;]<\/p>\n","protected":false},"author":4,"featured_media":0,"parent":0,"menu_order":0,"comment_status":"closed","ping_status":"closed","template":"elementor_header_footer","meta":{"_acf_changed":false,"footnotes":""},"class_list":["post-2548","page","type-page","status-publish","hentry"],"acf":[],"yoast_head":"<!-- This site is optimized with the Yoast SEO Premium plugin v21.6 (Yoast SEO v27.1.1) - https:\/\/yoast.com\/product\/yoast-seo-premium-wordpress\/ -->\n<title>Cookies-Politik<\/title>\n<meta name=\"description\" content=\"Erfahren Sie, wie unsere Cookie-Richtlinie bei Unimedia Tech Ihre Online-Erfahrung mit Sicherheit und Transparenz verbessert.\" \/>\n<meta name=\"robots\" content=\"noindex, follow\" \/>\n<meta property=\"og:locale\" content=\"de_DE\" \/>\n<meta property=\"og:type\" content=\"article\" \/>\n<meta property=\"og:title\" content=\"Cookies-Politik\" \/>\n<meta property=\"og:description\" content=\"Erfahren Sie, wie unsere Cookie-Richtlinie bei Unimedia Tech Ihre Online-Erfahrung mit Sicherheit und Transparenz verbessert.\" \/>\n<meta property=\"og:url\" content=\"https:\/\/www.unimedia.tech\/de\/cookies-politik\/\" \/>\n<meta property=\"og:site_name\" content=\"Unimedia Technology\" \/>\n<meta property=\"article:publisher\" content=\"https:\/\/www.linkedin.com\/company\/unimedia-technology\/\" \/>\n<meta property=\"article:modified_time\" content=\"2026-02-04T16:27:27+00:00\" \/>\n<meta property=\"og:image\" content=\"https:\/\/www.unimedia.tech\/wp-content\/uploads\/2023\/12\/cloud_border-3.png\" \/>\n\t<meta property=\"og:image:width\" content=\"403\" \/>\n\t<meta property=\"og:image:height\" content=\"309\" \/>\n\t<meta property=\"og:image:type\" content=\"image\/png\" \/>\n<meta name=\"twitter:card\" content=\"summary_large_image\" \/>\n<meta name=\"twitter:site\" content=\"@UnimediaCTO\" \/>\n<meta name=\"twitter:label1\" content=\"Gesch\u00e4tzte Lesezeit\" \/>\n\t<meta name=\"twitter:data1\" content=\"3\u00a0Minuten\" \/>\n<!-- \/ Yoast SEO Premium plugin. -->","yoast_head_json":{"title":"Cookies-Politik","description":"Erfahren Sie, wie unsere Cookie-Richtlinie bei Unimedia Tech Ihre Online-Erfahrung mit Sicherheit und Transparenz verbessert.","robots":{"index":"noindex","follow":"follow"},"og_locale":"de_DE","og_type":"article","og_title":"Cookies-Politik","og_description":"Erfahren Sie, wie unsere Cookie-Richtlinie bei Unimedia Tech Ihre Online-Erfahrung mit Sicherheit und Transparenz verbessert.","og_url":"https:\/\/www.unimedia.tech\/de\/cookies-politik\/","og_site_name":"Unimedia Technology","article_publisher":"https:\/\/www.linkedin.com\/company\/unimedia-technology\/","article_modified_time":"2026-02-04T16:27:27+00:00","og_image":[{"width":403,"height":309,"url":"https:\/\/www.unimedia.tech\/wp-content\/uploads\/2023\/12\/cloud_border-3.png","type":"image\/png"}],"twitter_card":"summary_large_image","twitter_site":"@UnimediaCTO","twitter_misc":{"Gesch\u00e4tzte Lesezeit":"3\u00a0Minuten"},"schema":{"@context":"https:\/\/schema.org","@graph":[{"@type":"WebPage","@id":"https:\/\/www.unimedia.tech\/de\/cookies-politik\/","url":"https:\/\/www.unimedia.tech\/de\/cookies-politik\/","name":"Cookies-Politik","isPartOf":{"@id":"https:\/\/www.unimedia.tech\/de\/#website"},"datePublished":"2023-09-28T09:31:49+00:00","dateModified":"2026-02-04T16:27:27+00:00","description":"Erfahren Sie, wie unsere Cookie-Richtlinie bei Unimedia Tech Ihre Online-Erfahrung mit Sicherheit und Transparenz verbessert.","breadcrumb":{"@id":"https:\/\/www.unimedia.tech\/de\/cookies-politik\/#breadcrumb"},"inLanguage":"de","potentialAction":[{"@type":"ReadAction","target":["https:\/\/www.unimedia.tech\/de\/cookies-politik\/"]}]},{"@type":"BreadcrumbList","@id":"https:\/\/www.unimedia.tech\/de\/cookies-politik\/#breadcrumb","itemListElement":[{"@type":"ListItem","position":1,"name":"Home","item":"https:\/\/www.unimedia.tech\/de\/"},{"@type":"ListItem","position":2,"name":"Cookies-Politik"}]},{"@type":"WebSite","@id":"https:\/\/www.unimedia.tech\/de\/#website","url":"https:\/\/www.unimedia.tech\/de\/","name":"Unimedia Technology","description":"Your software development partner","publisher":{"@id":"https:\/\/www.unimedia.tech\/de\/#organization"},"alternateName":"Unimedia Tech","potentialAction":[{"@type":"SearchAction","target":{"@type":"EntryPoint","urlTemplate":"https:\/\/www.unimedia.tech\/de\/?s={search_term_string}"},"query-input":{"@type":"PropertyValueSpecification","valueRequired":true,"valueName":"search_term_string"}}],"inLanguage":"de"},{"@type":"Organization","@id":"https:\/\/www.unimedia.tech\/de\/#organization","name":"Unimedia Technology","alternateName":"Unimedia Tech","url":"https:\/\/www.unimedia.tech\/de\/","logo":{"@type":"ImageObject","inLanguage":"de","@id":"https:\/\/www.unimedia.tech\/de\/#\/schema\/logo\/image\/","url":"https:\/\/www.unimedia.tech\/wp-content\/uploads\/2023\/12\/cloud_border-3.png","contentUrl":"https:\/\/www.unimedia.tech\/wp-content\/uploads\/2023\/12\/cloud_border-3.png","width":403,"height":309,"caption":"Unimedia Technology"},"image":{"@id":"https:\/\/www.unimedia.tech\/de\/#\/schema\/logo\/image\/"},"sameAs":["https:\/\/www.linkedin.com\/company\/unimedia-technology\/","https:\/\/x.com\/UnimediaCTO","https:\/\/www.instagram.com\/unimedia.technology\/"]}]}},"_links":{"self":[{"href":"https:\/\/www.unimedia.tech\/de\/wp-json\/wp\/v2\/pages\/2548","targetHints":{"allow":["GET"]}}],"collection":[{"href":"https:\/\/www.unimedia.tech\/de\/wp-json\/wp\/v2\/pages"}],"about":[{"href":"https:\/\/www.unimedia.tech\/de\/wp-json\/wp\/v2\/types\/page"}],"author":[{"embeddable":true,"href":"https:\/\/www.unimedia.tech\/de\/wp-json\/wp\/v2\/users\/4"}],"replies":[{"embeddable":true,"href":"https:\/\/www.unimedia.tech\/de\/wp-json\/wp\/v2\/comments?post=2548"}],"version-history":[{"count":1,"href":"https:\/\/www.unimedia.tech\/de\/wp-json\/wp\/v2\/pages\/2548\/revisions"}],"predecessor-version":[{"id":17381,"href":"https:\/\/www.unimedia.tech\/de\/wp-json\/wp\/v2\/pages\/2548\/revisions\/17381"}],"wp:attachment":[{"href":"https:\/\/www.unimedia.tech\/de\/wp-json\/wp\/v2\/media?parent=2548"}],"curies":[{"name":"wp","href":"https:\/\/api.w.org\/{rel}","templated":true}]}}