{"id":2561,"date":"2023-09-28T11:31:28","date_gmt":"2023-09-28T09:31:28","guid":{"rendered":"http:\/\/www.unimedia.tech.mialias.net\/datenschutzbestimmungen\/"},"modified":"2026-02-04T17:33:23","modified_gmt":"2026-02-04T16:33:23","slug":"datenschutzbestimmungen","status":"publish","type":"page","link":"https:\/\/www.unimedia.tech\/de\/datenschutzbestimmungen\/","title":{"rendered":"Datenschutzbestimmungen"},"content":{"rendered":"\t\t<div data-elementor-type=\"wp-page\" data-elementor-id=\"2561\" class=\"elementor elementor-2561 elementor-392\" data-elementor-post-type=\"page\">\n\t\t\t\t\t\t<section class=\"elementor-section elementor-top-section elementor-element elementor-element-f4dc359 elementor-section-boxed elementor-section-height-default elementor-section-height-default\" data-id=\"f4dc359\" data-element_type=\"section\" data-e-type=\"section\">\n\t\t\t\t\t\t<div class=\"elementor-container elementor-column-gap-default\">\n\t\t\t\t\t<div class=\"elementor-column elementor-col-100 elementor-top-column elementor-element elementor-element-0400c07\" data-id=\"0400c07\" data-element_type=\"column\" data-e-type=\"column\">\n\t\t\t<div class=\"elementor-widget-wrap elementor-element-populated\">\n\t\t\t\t\t\t<div class=\"elementor-element elementor-element-2e1093b elementor-widget elementor-widget-heading\" data-id=\"2e1093b\" data-element_type=\"widget\" data-e-type=\"widget\" data-widget_type=\"heading.default\">\n\t\t\t\t<div class=\"elementor-widget-container\">\n\t\t\t\t\t<h1 class=\"elementor-heading-title elementor-size-default\">Datenschutzbestimmungen<\/h1>\t\t\t\t<\/div>\n\t\t\t\t<\/div>\n\t\t\t\t<div class=\"elementor-element elementor-element-60c2b09 elementor-widget elementor-widget-text-editor\" data-id=\"60c2b09\" data-element_type=\"widget\" data-e-type=\"widget\" data-widget_type=\"text-editor.default\">\n\t\t\t\t<div class=\"elementor-widget-container\">\n\t\t\t\t\t\t\t\t\t<h2>Verantwortliche Daten<\/h2>\n<p>Identit\u00e4t: Unimedia Technologie SLU<\/p>\n<p>Steueridentifikationsnummer (CIF): B66934365<\/p>\n<p>Anschrift: C\/Esteve Terradas, 1, 111A &#8211; Mittelmeer-Technologiepark (PMT) &#8211; 08860 Castelldefels, Barcelona, Spanien<\/p>\n<p>Kontakt Telefon: +34 936 01 40 40<\/p>\n<p>E-Mail: info@unimedia.tech<\/p>\n<h2>Verordnungen zur Datenverwaltung<\/h2>\n<p>Unsere Aktivit\u00e4ten unterliegen der Allgemeinen Datenschutzverordnung (GDPR), d. h. der Verordnung (EU) 2016\/679 des Europ\u00e4ischen Parlaments und des Rates vom 27. April 2016 zum Schutz nat\u00fcrlicher Personen bei der Verarbeitung personenbezogener Daten und zum freien Datenverkehr, dem Organgesetz 3\/2018 vom 5. Dezember \u00fcber den Schutz personenbezogener Daten und die Gew\u00e4hrleistung digitaler Rechte (LOPDGDD) sowie anderen geltenden nationalen Vorschriften.<\/p>\n<h2>Angewandte Prinzipien in der Datenverarbeitung<\/h2>\n<p>Bei der Verarbeitung Ihrer personenbezogenen Daten wendet Unimedia Technology SLU die folgenden Grunds\u00e4tze an, die mit den Anforderungen der neuen europ\u00e4ischen Datenschutzverordnung \u00fcbereinstimmen:<\/p>\n<p>Grundsatz der Rechtm\u00e4\u00dfigkeit, Loyalit\u00e4t und Transparenz: Unimedia Technology SLU wird immer die Zustimmung zur Verarbeitung Ihrer pers\u00f6nlichen Daten einholen, die f\u00fcr einen oder mehrere spezifische Zwecke erfolgen kann, \u00fcber die Sie vorher in absoluter Transparenz informiert werden.<\/p>\n<p>Grundsatz der Datensparsamkeit: Unimedia Technology wird nur die Daten anfordern, die f\u00fcr den Zweck oder die Zwecke, f\u00fcr die sie angefordert werden, unbedingt erforderlich sind.<\/p>\n<p>Grundsatz der Begrenzung der Aufbewahrungsfrist: Die Daten werden nur so lange aufbewahrt, wie es f\u00fcr den Zweck oder die Zwecke der Verarbeitung unbedingt erforderlich ist.<\/p>\n<p>Grundsatz der Integrit\u00e4t und Vertraulichkeit: Die Daten werden so verarbeitet, dass eine angemessene Sicherheit der personenbezogenen Daten gew\u00e4hrleistet ist und die Vertraulichkeit gewahrt wird.<\/p>\n<h2>Erhebung von personenbezogenen Daten<\/h2>\n<p>Um auf unserer Website zu navigieren, ist es nicht erforderlich, pers\u00f6nliche Daten anzugeben. Die F\u00e4lle, in denen Sie Ihre pers\u00f6nlichen Daten zur Verf\u00fcgung stellen, sind die folgenden:<\/p>\n<p>Bei Kontaktaufnahme \u00fcber Kontaktformulare.<br \/>Wenn Sie einen Antrag auf Beratung und\/oder Dienstleistungen stellen.<br \/>Bei der Bewerbung um ein Stellenangebot.<\/p>\n<h2>Ihre Rechte<\/h2>\n<p>Unimedia Technology SLU informiert Sie dar\u00fcber, dass Sie in Bezug auf Ihre pers\u00f6nlichen Daten ein Recht auf Auskunft haben:<\/p>\n<ul>\n<li>Zugriff auf gespeicherte Daten beantragen. Sie k\u00f6nnen uns fragen, ob und wie wir Ihre Daten verarbeiten.<\/li>\n<li>Antrag auf Berichtigung oder L\u00f6schung. Sie k\u00f6nnen uns auffordern, Ihre personenbezogenen Daten zu aktualisieren, wenn sie unrichtig sind, und sie zu l\u00f6schen, wenn Sie dies w\u00fcnschen, wenn Ihre Daten f\u00fcr die Verarbeitung nicht mehr erforderlich sind, Sie Ihre Einwilligung widerrufen, die Verarbeitung unrechtm\u00e4\u00dfig ist oder eine gesetzliche Verpflichtung dazu besteht. Wir werden den Fall analysieren und das Recht anwenden.<\/li>\n<li>die Einschr\u00e4nkung der Verarbeitung zu verlangen. In diesem Fall werden sie von Unimedia Technology SLU nur f\u00fcr die Aus\u00fcbung oder Verteidigung von Anspr\u00fcchen aufbewahrt.<\/li>\n<li>Einspruch gegen die Verarbeitung. Nach Ihrem Antrag auf Widerspruch gegen die Verarbeitung stellt Unimedia Technology SLU die Verarbeitung der Daten in der von Ihnen angegebenen Weise ein, es sei denn, es liegen zwingende legitime Gr\u00fcnde oder die Aus\u00fcbung oder Verteidigung m\u00f6glicher Anspr\u00fcche vor, die eine weitere Verarbeitung erforderlich machen.<\/li>\n<li>Beantragen Sie die \u00dcbertragbarkeit Ihrer Daten. Falls Sie w\u00fcnschen, dass Ihre Daten von einem anderen Unternehmen verarbeitet werden, wird Unimedia Technology SLU die \u00dcbertragbarkeit Ihrer Daten auf den neuen Verwalter erleichtern.<\/li>\n<li>die erteilte Einwilligung widerrufen. Durch den Widerruf der Einwilligung wird die Rechtm\u00e4\u00dfigkeit der aufgrund der Einwilligung bis zum Widerruf erfolgten Verarbeitung nicht ber\u00fchrt.<\/li>\n<\/ul>\n<p>Die Aus\u00fcbung dieser Rechte ist pers\u00f6nlich und muss daher von der betroffenen Person direkt bei den Inhabern beantragt werden.<\/p>\n<h2>Sicherheit von personenbezogenen Daten<\/h2>\n<p>Unimedia Technology SLU verpflichtet sich, die Daten zu verwenden, ihre Vertraulichkeit zu respektieren und sie in \u00dcbereinstimmung mit ihrem Zweck zu verwenden, sowie ihre Verpflichtung zur Aufbewahrung zu erf\u00fcllen und alle Ma\u00dfnahmen anzupassen, um die Ver\u00e4nderung, den Verlust, die Verarbeitung oder den unbefugten Zugriff zu verhindern, in \u00dcbereinstimmung mit den Bestimmungen der geltenden Datenschutzvorschriften.<\/p>\n<h2>\u00c4nderungen der Datenschutzrichtlinie<\/h2>\n<p>Unimedia Technology SLU beh\u00e4lt sich das Recht vor, diese Richtlinie zu \u00e4ndern, um sie an \u00c4nderungen in der Gesetzgebung oder Rechtsprechung anzupassen. In einem solchen Fall wird Unimedia Technology die eingef\u00fchrten \u00c4nderungen mit angemessener Vorank\u00fcndigung auf dieser Seite bekannt geben.<\/p>\n<p>Informationen \u00fcber unsere <strong>Cookie-Richtlinie<\/strong> finden Sie unter: <a href=\"https:\/\/www.unimedia.tech\/de\/cookies-politik\/\">https:\/\/www.unimedia.tech\/cookies-policy\/<\/a><\/p>\n<h2>Kontakt<\/h2>\n<p class=\"nitro-offscreen\">Wenn Sie Fragen zu unserer Datenschutzpolitik haben, wenden Sie sich bitte an uns.<\/p>\n\t\t\t\t\t\t\t\t<\/div>\n\t\t\t\t<\/div>\n\t\t\t\t\t<\/div>\n\t\t<\/div>\n\t\t\t\t\t<\/div>\n\t\t<\/section>\n\t\t\t\t<\/div>\n\t\t","protected":false},"excerpt":{"rendered":"<p>Verantwortliche Daten Identit\u00e4t: Unimedia Technologie SLU Steueridentifikationsnummer (CIF): B66934365 Anschrift: C\/Esteve Terradas, 1, 111A &#8211; Mittelmeer-Technologiepark (PMT) &#8211; 08860 Castelldefels, Barcelona, Spanien Kontakt Telefon: +34 936 01 40 40 E-Mail: info@unimedia.tech Verordnungen zur Datenverwaltung Unsere Aktivit\u00e4ten unterliegen der Allgemeinen Datenschutzverordnung (GDPR), d. h. der Verordnung (EU) 2016\/679 des Europ\u00e4ischen Parlaments und des Rates vom 27. [&hellip;]<\/p>\n","protected":false},"author":4,"featured_media":0,"parent":0,"menu_order":0,"comment_status":"closed","ping_status":"closed","template":"elementor_header_footer","meta":{"_acf_changed":false,"footnotes":""},"class_list":["post-2561","page","type-page","status-publish","hentry"],"acf":[],"yoast_head":"<!-- This site is optimized with the Yoast SEO Premium plugin v21.6 (Yoast SEO v27.1.1) - https:\/\/yoast.com\/product\/yoast-seo-premium-wordpress\/ -->\n<title>Datenschutzbestimmungen<\/title>\n<meta name=\"description\" content=\"Bei Unimedia Tech gew\u00e4hrleistet unsere Datenschutzpolitik den Schutz und den verantwortungsvollen Umgang mit Ihren pers\u00f6nlichen Daten.\" \/>\n<meta name=\"robots\" content=\"noindex, follow\" \/>\n<meta property=\"og:locale\" content=\"de_DE\" \/>\n<meta property=\"og:type\" content=\"article\" \/>\n<meta property=\"og:title\" content=\"Datenschutzbestimmungen\" \/>\n<meta property=\"og:description\" content=\"Bei Unimedia Tech gew\u00e4hrleistet unsere Datenschutzpolitik den Schutz und den verantwortungsvollen Umgang mit Ihren pers\u00f6nlichen Daten.\" \/>\n<meta property=\"og:url\" content=\"https:\/\/www.unimedia.tech\/de\/datenschutzbestimmungen\/\" \/>\n<meta property=\"og:site_name\" content=\"Unimedia Technology\" \/>\n<meta property=\"article:publisher\" content=\"https:\/\/www.linkedin.com\/company\/unimedia-technology\/\" \/>\n<meta property=\"article:modified_time\" content=\"2026-02-04T16:33:23+00:00\" \/>\n<meta property=\"og:image\" content=\"https:\/\/www.unimedia.tech\/wp-content\/uploads\/2023\/12\/cloud_border-3.png\" \/>\n\t<meta property=\"og:image:width\" content=\"403\" \/>\n\t<meta property=\"og:image:height\" content=\"309\" \/>\n\t<meta property=\"og:image:type\" content=\"image\/png\" \/>\n<meta name=\"twitter:card\" content=\"summary_large_image\" \/>\n<meta name=\"twitter:site\" content=\"@UnimediaCTO\" \/>\n<meta name=\"twitter:label1\" content=\"Gesch\u00e4tzte Lesezeit\" \/>\n\t<meta name=\"twitter:data1\" content=\"3\u00a0Minuten\" \/>\n<!-- \/ Yoast SEO Premium plugin. -->","yoast_head_json":{"title":"Datenschutzbestimmungen","description":"Bei Unimedia Tech gew\u00e4hrleistet unsere Datenschutzpolitik den Schutz und den verantwortungsvollen Umgang mit Ihren pers\u00f6nlichen Daten.","robots":{"index":"noindex","follow":"follow"},"og_locale":"de_DE","og_type":"article","og_title":"Datenschutzbestimmungen","og_description":"Bei Unimedia Tech gew\u00e4hrleistet unsere Datenschutzpolitik den Schutz und den verantwortungsvollen Umgang mit Ihren pers\u00f6nlichen Daten.","og_url":"https:\/\/www.unimedia.tech\/de\/datenschutzbestimmungen\/","og_site_name":"Unimedia Technology","article_publisher":"https:\/\/www.linkedin.com\/company\/unimedia-technology\/","article_modified_time":"2026-02-04T16:33:23+00:00","og_image":[{"width":403,"height":309,"url":"https:\/\/www.unimedia.tech\/wp-content\/uploads\/2023\/12\/cloud_border-3.png","type":"image\/png"}],"twitter_card":"summary_large_image","twitter_site":"@UnimediaCTO","twitter_misc":{"Gesch\u00e4tzte Lesezeit":"3\u00a0Minuten"},"schema":{"@context":"https:\/\/schema.org","@graph":[{"@type":"WebPage","@id":"https:\/\/www.unimedia.tech\/de\/datenschutzbestimmungen\/","url":"https:\/\/www.unimedia.tech\/de\/datenschutzbestimmungen\/","name":"Datenschutzbestimmungen","isPartOf":{"@id":"https:\/\/www.unimedia.tech\/de\/#website"},"datePublished":"2023-09-28T09:31:28+00:00","dateModified":"2026-02-04T16:33:23+00:00","description":"Bei Unimedia Tech gew\u00e4hrleistet unsere Datenschutzpolitik den Schutz und den verantwortungsvollen Umgang mit Ihren pers\u00f6nlichen Daten.","breadcrumb":{"@id":"https:\/\/www.unimedia.tech\/de\/datenschutzbestimmungen\/#breadcrumb"},"inLanguage":"de","potentialAction":[{"@type":"ReadAction","target":["https:\/\/www.unimedia.tech\/de\/datenschutzbestimmungen\/"]}]},{"@type":"BreadcrumbList","@id":"https:\/\/www.unimedia.tech\/de\/datenschutzbestimmungen\/#breadcrumb","itemListElement":[{"@type":"ListItem","position":1,"name":"Home","item":"https:\/\/www.unimedia.tech\/de\/"},{"@type":"ListItem","position":2,"name":"Datenschutzbestimmungen"}]},{"@type":"WebSite","@id":"https:\/\/www.unimedia.tech\/de\/#website","url":"https:\/\/www.unimedia.tech\/de\/","name":"Unimedia Technology","description":"Your software development partner","publisher":{"@id":"https:\/\/www.unimedia.tech\/de\/#organization"},"alternateName":"Unimedia Tech","potentialAction":[{"@type":"SearchAction","target":{"@type":"EntryPoint","urlTemplate":"https:\/\/www.unimedia.tech\/de\/?s={search_term_string}"},"query-input":{"@type":"PropertyValueSpecification","valueRequired":true,"valueName":"search_term_string"}}],"inLanguage":"de"},{"@type":"Organization","@id":"https:\/\/www.unimedia.tech\/de\/#organization","name":"Unimedia Technology","alternateName":"Unimedia Tech","url":"https:\/\/www.unimedia.tech\/de\/","logo":{"@type":"ImageObject","inLanguage":"de","@id":"https:\/\/www.unimedia.tech\/de\/#\/schema\/logo\/image\/","url":"https:\/\/www.unimedia.tech\/wp-content\/uploads\/2023\/12\/cloud_border-3.png","contentUrl":"https:\/\/www.unimedia.tech\/wp-content\/uploads\/2023\/12\/cloud_border-3.png","width":403,"height":309,"caption":"Unimedia Technology"},"image":{"@id":"https:\/\/www.unimedia.tech\/de\/#\/schema\/logo\/image\/"},"sameAs":["https:\/\/www.linkedin.com\/company\/unimedia-technology\/","https:\/\/x.com\/UnimediaCTO","https:\/\/www.instagram.com\/unimedia.technology\/"]}]}},"_links":{"self":[{"href":"https:\/\/www.unimedia.tech\/de\/wp-json\/wp\/v2\/pages\/2561","targetHints":{"allow":["GET"]}}],"collection":[{"href":"https:\/\/www.unimedia.tech\/de\/wp-json\/wp\/v2\/pages"}],"about":[{"href":"https:\/\/www.unimedia.tech\/de\/wp-json\/wp\/v2\/types\/page"}],"author":[{"embeddable":true,"href":"https:\/\/www.unimedia.tech\/de\/wp-json\/wp\/v2\/users\/4"}],"replies":[{"embeddable":true,"href":"https:\/\/www.unimedia.tech\/de\/wp-json\/wp\/v2\/comments?post=2561"}],"version-history":[{"count":2,"href":"https:\/\/www.unimedia.tech\/de\/wp-json\/wp\/v2\/pages\/2561\/revisions"}],"predecessor-version":[{"id":17385,"href":"https:\/\/www.unimedia.tech\/de\/wp-json\/wp\/v2\/pages\/2561\/revisions\/17385"}],"wp:attachment":[{"href":"https:\/\/www.unimedia.tech\/de\/wp-json\/wp\/v2\/media?parent=2561"}],"curies":[{"name":"wp","href":"https:\/\/api.w.org\/{rel}","templated":true}]}}