{"id":7833,"date":"2024-01-05T09:20:50","date_gmt":"2024-01-05T08:20:50","guid":{"rendered":"http:\/\/www.unimedia.tech.mialias.net\/karriere\/"},"modified":"2026-02-04T17:28:52","modified_gmt":"2026-02-04T16:28:52","slug":"karriere","status":"publish","type":"page","link":"https:\/\/www.unimedia.tech\/de\/karriere\/","title":{"rendered":"Karriere"},"content":{"rendered":"\t\t<div data-elementor-type=\"wp-page\" data-elementor-id=\"7833\" class=\"elementor elementor-7833 elementor-7829\" data-elementor-post-type=\"page\">\n\t\t\t\t\t\t<section class=\"elementor-section elementor-top-section elementor-element elementor-element-434bb16 elementor-section-height-min-height elementor-section-boxed elementor-section-height-default elementor-section-items-middle\" data-id=\"434bb16\" data-element_type=\"section\" data-e-type=\"section\" data-settings=\"{&quot;background_background&quot;:&quot;classic&quot;}\">\n\t\t\t\t\t\t\t<div class=\"elementor-background-overlay\"><\/div>\n\t\t\t\t\t\t\t<div class=\"elementor-container elementor-column-gap-default\">\n\t\t\t\t\t<div class=\"elementor-column elementor-col-100 elementor-top-column elementor-element elementor-element-49213a4\" data-id=\"49213a4\" data-element_type=\"column\" data-e-type=\"column\">\n\t\t\t<div class=\"elementor-widget-wrap elementor-element-populated\">\n\t\t\t\t\t\t<div class=\"elementor-element elementor-element-fba0ca4 elementor-widget elementor-widget-image\" data-id=\"fba0ca4\" data-element_type=\"widget\" data-e-type=\"widget\" data-widget_type=\"image.default\">\n\t\t\t\t<div class=\"elementor-widget-container\">\n\t\t\t\t\t\t\t\t\t\t\t\t\t\t\t<img decoding=\"async\" width=\"148\" height=\"114\" src=\"https:\/\/www.unimedia.tech\/wp-content\/uploads\/2023\/10\/Capa-5.png\" class=\"attachment-medium size-medium wp-image-2041\" alt=\"\" \/>\t\t\t\t\t\t\t\t\t\t\t\t\t\t\t<\/div>\n\t\t\t\t<\/div>\n\t\t\t\t<div class=\"elementor-element elementor-element-3a17370 elementor-widget elementor-widget-heading\" data-id=\"3a17370\" data-element_type=\"widget\" data-e-type=\"widget\" data-widget_type=\"heading.default\">\n\t\t\t\t<div class=\"elementor-widget-container\">\n\t\t\t\t\t<h1 class=\"elementor-heading-title elementor-size-default\">Kommen Sie und entwickeln Sie mit uns!<\/h1>\t\t\t\t<\/div>\n\t\t\t\t<\/div>\n\t\t\t\t<div class=\"elementor-element elementor-element-38c467f elementor-widget elementor-widget-text-editor\" data-id=\"38c467f\" data-element_type=\"widget\" data-e-type=\"widget\" data-widget_type=\"text-editor.default\">\n\t\t\t\t<div class=\"elementor-widget-container\">\n\t\t\t\t\t\t\t\t\t<p>Wenn Sie Ihre F\u00e4higkeiten in einem dynamischen Unternehmen, in einer der sch\u00f6nsten St\u00e4dte Europas (Barcelona nat\u00fcrlich!) und mit einigen wirklich talentierten Fachleuten in diesem Bereich weiterentwickeln m\u00f6chten, ist Unimedia Technology der richtige Ort f\u00fcr Sie!<\/p>\n<p>Wir bieten eine wunderbare Unternehmenskultur, hervorragende Verg\u00fcnstigungen und fantastische Teamkollegen. Oh, und auch der Kaffee ist gro\u00dfartig!<\/p>\n\t\t\t\t\t\t\t\t<\/div>\n\t\t\t\t<\/div>\n\t\t\t\t\t<\/div>\n\t\t<\/div>\n\t\t\t\t\t<\/div>\n\t\t<\/section>\n\t\t\t\t<section class=\"elementor-section elementor-top-section elementor-element elementor-element-d1829be elementor-section-boxed elementor-section-height-default elementor-section-height-default\" data-id=\"d1829be\" data-element_type=\"section\" data-e-type=\"section\">\n\t\t\t\t\t\t<div class=\"elementor-container elementor-column-gap-default\">\n\t\t\t\t\t<div class=\"elementor-column elementor-col-100 elementor-top-column elementor-element elementor-element-7fb515a\" data-id=\"7fb515a\" data-element_type=\"column\" data-e-type=\"column\">\n\t\t\t<div class=\"elementor-widget-wrap elementor-element-populated\">\n\t\t\t\t\t\t<div class=\"elementor-element elementor-element-f713aa8 elementor-widget elementor-widget-heading\" data-id=\"f713aa8\" data-element_type=\"widget\" data-e-type=\"widget\" data-widget_type=\"heading.default\">\n\t\t\t\t<div class=\"elementor-widget-container\">\n\t\t\t\t\t<h2 class=\"elementor-heading-title elementor-size-default\">Aktuelle Stellenausschreibungen<\/h2>\t\t\t\t<\/div>\n\t\t\t\t<\/div>\n\t\t\t\t<div class=\"elementor-element elementor-element-b11b2ef elementor-grid-1 elementor-posts--thumbnail-none elementor-posts--align-center elementor-grid-tablet-2 elementor-grid-mobile-1 elementor-card-shadow-yes elementor-posts__hover-gradient elementor-widget elementor-widget-posts\" data-id=\"b11b2ef\" data-element_type=\"widget\" data-e-type=\"widget\" data-settings=\"{&quot;cards_columns&quot;:&quot;1&quot;,&quot;cards_columns_tablet&quot;:&quot;2&quot;,&quot;cards_columns_mobile&quot;:&quot;1&quot;,&quot;cards_row_gap&quot;:{&quot;unit&quot;:&quot;px&quot;,&quot;size&quot;:35,&quot;sizes&quot;:[]},&quot;cards_row_gap_tablet&quot;:{&quot;unit&quot;:&quot;px&quot;,&quot;size&quot;:&quot;&quot;,&quot;sizes&quot;:[]},&quot;cards_row_gap_mobile&quot;:{&quot;unit&quot;:&quot;px&quot;,&quot;size&quot;:&quot;&quot;,&quot;sizes&quot;:[]}}\" data-widget_type=\"posts.cards\">\n\t\t\t\t<div class=\"elementor-widget-container\">\n\t\t\t\t\t\t\t<div class=\"elementor-posts-container elementor-posts elementor-posts--skin-cards elementor-grid\" role=\"list\">\n\t\t\t\t<article class=\"elementor-post elementor-grid-item post-7818 careers type-careers status-publish has-post-thumbnail hentry\" role=\"listitem\">\n\t\t\t<div class=\"elementor-post__card\">\n\t\t\t\t<div class=\"elementor-post__text\">\n\t\t\t\t<h3 class=\"elementor-post__title\">\n\t\t\t<a href=\"https:\/\/www.unimedia.tech\/de\/careers\/hauptentwickler-react\/\" >\n\t\t\t\tHauptentwickler &#8211; React\t\t\t<\/a>\n\t\t<\/h3>\n\t\t\t\t<\/div>\n\t\t\t\t\t<\/div>\n\t\t<\/article>\n\t\t\t\t<article class=\"elementor-post elementor-grid-item post-9437 careers type-careers status-publish has-post-thumbnail hentry\" role=\"listitem\">\n\t\t\t<div class=\"elementor-post__card\">\n\t\t\t\t<div class=\"elementor-post__text\">\n\t\t\t\t<h3 class=\"elementor-post__title\">\n\t\t\t<a href=\"https:\/\/www.unimedia.tech\/de\/careers\/junior-software-ingenieur\/\" >\n\t\t\t\tJunior Software Ingenieur\t\t\t<\/a>\n\t\t<\/h3>\n\t\t\t\t<\/div>\n\t\t\t\t\t<\/div>\n\t\t<\/article>\n\t\t\t\t<article class=\"elementor-post elementor-grid-item post-10786 careers type-careers status-publish has-post-thumbnail hentry\" role=\"listitem\">\n\t\t\t<div class=\"elementor-post__card\">\n\t\t\t\t<div class=\"elementor-post__text\">\n\t\t\t\t<h3 class=\"elementor-post__title\">\n\t\t\t<a href=\"https:\/\/www.unimedia.tech\/de\/careers\/fullstack-entwickler\/\" >\n\t\t\t\tFullstack-Entwickler\t\t\t<\/a>\n\t\t<\/h3>\n\t\t\t\t<\/div>\n\t\t\t\t\t<\/div>\n\t\t<\/article>\n\t\t\t\t<article class=\"elementor-post elementor-grid-item post-17043 careers type-careers status-publish has-post-thumbnail hentry\" role=\"listitem\">\n\t\t\t<div class=\"elementor-post__card\">\n\t\t\t\t<div class=\"elementor-post__text\">\n\t\t\t\t<h3 class=\"elementor-post__title\">\n\t\t\t<a href=\"https:\/\/www.unimedia.tech\/de\/careers\/senior-software-engineer-go\/\" >\n\t\t\t\tSenior Software Engineer &#8211; GoLang\t\t\t<\/a>\n\t\t<\/h3>\n\t\t\t\t<\/div>\n\t\t\t\t\t<\/div>\n\t\t<\/article>\n\t\t\t\t<\/div>\n\t\t\n\t\t\t\t\t\t<\/div>\n\t\t\t\t<\/div>\n\t\t\t\t\t<\/div>\n\t\t<\/div>\n\t\t\t\t\t<\/div>\n\t\t<\/section>\n\t\t\t\t<\/div>\n\t\t","protected":false},"excerpt":{"rendered":"<p>Kommen Sie und entwickeln Sie mit uns! Wenn Sie Ihre F\u00e4higkeiten in einem dynamischen Unternehmen, in einer der sch\u00f6nsten St\u00e4dte Europas (Barcelona nat\u00fcrlich!) und mit<\/p>\n","protected":false},"author":4,"featured_media":0,"parent":0,"menu_order":0,"comment_status":"closed","ping_status":"closed","template":"elementor_header_footer","meta":{"_acf_changed":false,"footnotes":""},"class_list":["post-7833","page","type-page","status-publish","hentry"],"acf":[],"yoast_head":"<!-- This site is optimized with the Yoast SEO Premium plugin v21.6 (Yoast SEO v27.1.1) - https:\/\/yoast.com\/product\/yoast-seo-premium-wordpress\/ -->\n<title>Karriere - Unimedia Technology<\/title>\n<meta name=\"description\" content=\"Werden Sie Teil unseres dynamischen Teams bei Unimedia Technology. Entdecken Sie spannende Karrieren in den Bereichen Softwareentwicklung, Projektmanagement und mehr.\" \/>\n<meta name=\"robots\" content=\"noindex, follow\" \/>\n<meta property=\"og:locale\" content=\"de_DE\" \/>\n<meta property=\"og:type\" content=\"article\" \/>\n<meta property=\"og:title\" content=\"Karriere\" \/>\n<meta property=\"og:description\" content=\"Werden Sie Teil unseres dynamischen Teams bei Unimedia Technology. Entdecken Sie spannende Karrieren in den Bereichen Softwareentwicklung, Projektmanagement und mehr.\" \/>\n<meta property=\"og:url\" content=\"https:\/\/www.unimedia.tech\/de\/karriere\/\" \/>\n<meta property=\"og:site_name\" content=\"Unimedia Technology\" \/>\n<meta property=\"article:publisher\" content=\"https:\/\/www.linkedin.com\/company\/unimedia-technology\/\" \/>\n<meta property=\"article:modified_time\" content=\"2026-02-04T16:28:52+00:00\" \/>\n<meta property=\"og:image\" content=\"https:\/\/www.unimedia.tech\/wp-content\/uploads\/2023\/10\/Capa-5.png\" \/>\n<meta name=\"twitter:card\" content=\"summary_large_image\" \/>\n<meta name=\"twitter:site\" content=\"@UnimediaCTO\" \/>\n<meta name=\"twitter:label1\" content=\"Gesch\u00e4tzte Lesezeit\" \/>\n\t<meta name=\"twitter:data1\" content=\"1\u00a0Minute\" \/>\n<!-- \/ Yoast SEO Premium plugin. -->","yoast_head_json":{"title":"Karriere - Unimedia Technology","description":"Werden Sie Teil unseres dynamischen Teams bei Unimedia Technology. Entdecken Sie spannende Karrieren in den Bereichen Softwareentwicklung, Projektmanagement und mehr.","robots":{"index":"noindex","follow":"follow"},"og_locale":"de_DE","og_type":"article","og_title":"Karriere","og_description":"Werden Sie Teil unseres dynamischen Teams bei Unimedia Technology. Entdecken Sie spannende Karrieren in den Bereichen Softwareentwicklung, Projektmanagement und mehr.","og_url":"https:\/\/www.unimedia.tech\/de\/karriere\/","og_site_name":"Unimedia Technology","article_publisher":"https:\/\/www.linkedin.com\/company\/unimedia-technology\/","article_modified_time":"2026-02-04T16:28:52+00:00","og_image":[{"url":"https:\/\/www.unimedia.tech\/wp-content\/uploads\/2023\/10\/Capa-5.png","type":"","width":"","height":""}],"twitter_card":"summary_large_image","twitter_site":"@UnimediaCTO","twitter_misc":{"Gesch\u00e4tzte Lesezeit":"1\u00a0Minute"},"schema":{"@context":"https:\/\/schema.org","@graph":[{"@type":"WebPage","@id":"https:\/\/www.unimedia.tech\/de\/karriere\/","url":"https:\/\/www.unimedia.tech\/de\/karriere\/","name":"Karriere - Unimedia Technology","isPartOf":{"@id":"https:\/\/www.unimedia.tech\/de\/#website"},"primaryImageOfPage":{"@id":"https:\/\/www.unimedia.tech\/de\/karriere\/#primaryimage"},"image":{"@id":"https:\/\/www.unimedia.tech\/de\/karriere\/#primaryimage"},"thumbnailUrl":"https:\/\/www.unimedia.tech\/wp-content\/uploads\/2023\/10\/Capa-5.png","datePublished":"2024-01-05T08:20:50+00:00","dateModified":"2026-02-04T16:28:52+00:00","description":"Werden Sie Teil unseres dynamischen Teams bei Unimedia Technology. Entdecken Sie spannende Karrieren in den Bereichen Softwareentwicklung, Projektmanagement und mehr.","breadcrumb":{"@id":"https:\/\/www.unimedia.tech\/de\/karriere\/#breadcrumb"},"inLanguage":"de","potentialAction":[{"@type":"ReadAction","target":["https:\/\/www.unimedia.tech\/de\/karriere\/"]}]},{"@type":"ImageObject","inLanguage":"de","@id":"https:\/\/www.unimedia.tech\/de\/karriere\/#primaryimage","url":"https:\/\/www.unimedia.tech\/wp-content\/uploads\/2023\/10\/Capa-5.png","contentUrl":"https:\/\/www.unimedia.tech\/wp-content\/uploads\/2023\/10\/Capa-5.png"},{"@type":"BreadcrumbList","@id":"https:\/\/www.unimedia.tech\/de\/karriere\/#breadcrumb","itemListElement":[{"@type":"ListItem","position":1,"name":"Home","item":"https:\/\/www.unimedia.tech\/de\/"},{"@type":"ListItem","position":2,"name":"Karriere"}]},{"@type":"WebSite","@id":"https:\/\/www.unimedia.tech\/de\/#website","url":"https:\/\/www.unimedia.tech\/de\/","name":"Unimedia Technology","description":"Your software development partner","publisher":{"@id":"https:\/\/www.unimedia.tech\/de\/#organization"},"alternateName":"Unimedia Tech","potentialAction":[{"@type":"SearchAction","target":{"@type":"EntryPoint","urlTemplate":"https:\/\/www.unimedia.tech\/de\/?s={search_term_string}"},"query-input":{"@type":"PropertyValueSpecification","valueRequired":true,"valueName":"search_term_string"}}],"inLanguage":"de"},{"@type":"Organization","@id":"https:\/\/www.unimedia.tech\/de\/#organization","name":"Unimedia Technology","alternateName":"Unimedia Tech","url":"https:\/\/www.unimedia.tech\/de\/","logo":{"@type":"ImageObject","inLanguage":"de","@id":"https:\/\/www.unimedia.tech\/de\/#\/schema\/logo\/image\/","url":"https:\/\/www.unimedia.tech\/wp-content\/uploads\/2023\/12\/cloud_border-3.png","contentUrl":"https:\/\/www.unimedia.tech\/wp-content\/uploads\/2023\/12\/cloud_border-3.png","width":403,"height":309,"caption":"Unimedia Technology"},"image":{"@id":"https:\/\/www.unimedia.tech\/de\/#\/schema\/logo\/image\/"},"sameAs":["https:\/\/www.linkedin.com\/company\/unimedia-technology\/","https:\/\/x.com\/UnimediaCTO","https:\/\/www.instagram.com\/unimedia.technology\/"]}]}},"_links":{"self":[{"href":"https:\/\/www.unimedia.tech\/de\/wp-json\/wp\/v2\/pages\/7833","targetHints":{"allow":["GET"]}}],"collection":[{"href":"https:\/\/www.unimedia.tech\/de\/wp-json\/wp\/v2\/pages"}],"about":[{"href":"https:\/\/www.unimedia.tech\/de\/wp-json\/wp\/v2\/types\/page"}],"author":[{"embeddable":true,"href":"https:\/\/www.unimedia.tech\/de\/wp-json\/wp\/v2\/users\/4"}],"replies":[{"embeddable":true,"href":"https:\/\/www.unimedia.tech\/de\/wp-json\/wp\/v2\/comments?post=7833"}],"version-history":[{"count":1,"href":"https:\/\/www.unimedia.tech\/de\/wp-json\/wp\/v2\/pages\/7833\/revisions"}],"predecessor-version":[{"id":17382,"href":"https:\/\/www.unimedia.tech\/de\/wp-json\/wp\/v2\/pages\/7833\/revisions\/17382"}],"wp:attachment":[{"href":"https:\/\/www.unimedia.tech\/de\/wp-json\/wp\/v2\/media?parent=7833"}],"curies":[{"name":"wp","href":"https:\/\/api.w.org\/{rel}","templated":true}]}}