{"id":7932,"date":"2024-01-05T11:34:56","date_gmt":"2024-01-05T10:34:56","guid":{"rendered":"http:\/\/www.unimedia.tech.mialias.net\/danke-dass-sie-sich-fuer-das-unimedia-team-beworben-haben\/"},"modified":"2024-01-05T11:55:14","modified_gmt":"2024-01-05T10:55:14","slug":"danke-dass-sie-sich-fuer-das-unimedia-team-beworben-haben","status":"publish","type":"page","link":"https:\/\/www.unimedia.tech\/de\/danke-dass-sie-sich-fuer-das-unimedia-team-beworben-haben\/","title":{"rendered":"Danke, dass Sie sich f\u00fcr das UniMedia-Team beworben haben"},"content":{"rendered":"\t\t<div data-elementor-type=\"wp-page\" data-elementor-id=\"7932\" class=\"elementor elementor-7932 elementor-7927\" data-elementor-post-type=\"page\">\n\t\t\t\t\t\t<section class=\"elementor-section elementor-top-section elementor-element elementor-element-1aaf349 elementor-section-height-min-height elementor-section-boxed elementor-section-height-default elementor-section-items-middle\" data-id=\"1aaf349\" data-element_type=\"section\" data-e-type=\"section\" data-settings=\"{&quot;background_background&quot;:&quot;classic&quot;}\">\n\t\t\t\t\t\t\t<div class=\"elementor-background-overlay\"><\/div>\n\t\t\t\t\t\t\t<div class=\"elementor-container elementor-column-gap-default\">\n\t\t\t\t\t<div class=\"elementor-column elementor-col-100 elementor-top-column elementor-element elementor-element-0d6a46b\" data-id=\"0d6a46b\" data-element_type=\"column\" data-e-type=\"column\">\n\t\t\t<div class=\"elementor-widget-wrap elementor-element-populated\">\n\t\t\t\t\t\t<div class=\"elementor-element elementor-element-db52e31 elementor-widget elementor-widget-image\" data-id=\"db52e31\" data-element_type=\"widget\" data-e-type=\"widget\" data-widget_type=\"image.default\">\n\t\t\t\t<div class=\"elementor-widget-container\">\n\t\t\t\t\t\t\t\t\t\t\t\t\t\t\t<img decoding=\"async\" width=\"148\" height=\"114\" src=\"https:\/\/www.unimedia.tech\/wp-content\/uploads\/2023\/10\/Capa-5.png\" class=\"attachment-medium size-medium wp-image-2041\" alt=\"\" \/>\t\t\t\t\t\t\t\t\t\t\t\t\t\t\t<\/div>\n\t\t\t\t<\/div>\n\t\t\t\t<div class=\"elementor-element elementor-element-29cc11f elementor-widget elementor-widget-heading\" data-id=\"29cc11f\" data-element_type=\"widget\" data-e-type=\"widget\" data-widget_type=\"heading.default\">\n\t\t\t\t<div class=\"elementor-widget-container\">\n\t\t\t\t\t<h1 class=\"elementor-heading-title elementor-size-default\">Vielen Dank, dass Sie sich f\u00fcr das UniMedia-Team beworben haben!<\/h1>\t\t\t\t<\/div>\n\t\t\t\t<\/div>\n\t\t\t\t<div class=\"elementor-element elementor-element-e9bc8a3 elementor-widget elementor-widget-text-editor\" data-id=\"e9bc8a3\" data-element_type=\"widget\" data-e-type=\"widget\" data-widget_type=\"text-editor.default\">\n\t\t\t\t<div class=\"elementor-widget-container\">\n\t\t\t\t\t\t\t\t\t<p>Wir freuen uns aufrichtig \u00fcber Ihr Interesse, Teil der UniMedia-Familie zu werden. Ihre Bewerbung f\u00fcr diese Stelle ist erfolgreich eingegangen und wird derzeit von unserem Einstellungsteam gepr\u00fcft.  <\/p>\n\t\t\t\t\t\t\t\t<\/div>\n\t\t\t\t<\/div>\n\t\t\t\t\t<\/div>\n\t\t<\/div>\n\t\t\t\t\t<\/div>\n\t\t<\/section>\n\t\t\t\t<section class=\"elementor-section elementor-top-section elementor-element elementor-element-c31a70a elementor-section-boxed elementor-section-height-default elementor-section-height-default\" data-id=\"c31a70a\" data-element_type=\"section\" data-e-type=\"section\">\n\t\t\t\t\t\t<div class=\"elementor-container elementor-column-gap-default\">\n\t\t\t\t\t<div class=\"elementor-column elementor-col-100 elementor-top-column elementor-element elementor-element-d479acd\" data-id=\"d479acd\" data-element_type=\"column\" data-e-type=\"column\">\n\t\t\t<div class=\"elementor-widget-wrap elementor-element-populated\">\n\t\t\t\t\t\t<div class=\"elementor-element elementor-element-1f04a49 elementor-widget elementor-widget-text-editor\" data-id=\"1f04a49\" data-element_type=\"widget\" data-e-type=\"widget\" data-widget_type=\"text-editor.default\">\n\t\t\t\t<div class=\"elementor-widget-container\">\n\t\t\t\t\t\t\t\t\t<p>Wir sind bestrebt, ein dynamisches und kollaboratives Arbeitsumfeld zu f\u00f6rdern, in dem der Beitrag jedes Teammitglieds gesch\u00e4tzt wird und f\u00fcr unseren Erfolg entscheidend ist. Wir verstehen, dass der Bewerbungsprozess eine nervenaufreibende Angelegenheit sein kann, und wir m\u00f6chten Ihnen versichern, dass Ihre Bewerbung mit der n\u00f6tigen Sorgfalt gepr\u00fcft wird.<\/p>\n\t\t\t\t\t\t\t\t<\/div>\n\t\t\t\t<\/div>\n\t\t\t\t<div class=\"elementor-element elementor-element-58c68de elementor-widget elementor-widget-heading\" data-id=\"58c68de\" data-element_type=\"widget\" data-e-type=\"widget\" data-widget_type=\"heading.default\">\n\t\t\t\t<div class=\"elementor-widget-container\">\n\t\t\t\t\t<h2 class=\"elementor-heading-title elementor-size-default\">Im Folgenden erfahren Sie, was Sie als N\u00e4chstes in unserem Einstellungsprozess erwartet:\n\n<\/h2>\t\t\t\t<\/div>\n\t\t\t\t<\/div>\n\t\t\t\t<div class=\"elementor-element elementor-element-17146ed elementor-widget elementor-widget-text-editor\" data-id=\"17146ed\" data-element_type=\"widget\" data-e-type=\"widget\" data-widget_type=\"text-editor.default\">\n\t\t\t\t<div class=\"elementor-widget-container\">\n\t\t\t\t\t\t\t\t\t<p><strong>1. \u00dcberpr\u00fcfung der Bewerbung<\/strong>: Unser Team wird Ihre Bewerbung gr\u00fcndlich pr\u00fcfen und Ihre F\u00e4higkeiten, Erfahrung und Eignung f\u00fcr die Stelle beurteilen.<\/p>\n<p><strong>2. Kommunikation<\/strong>: Sollte Ihr Profil mit unseren Anforderungen f\u00fcr diese Stelle \u00fcbereinstimmen, werden wir uns direkt mit Ihnen in Verbindung setzen, um die n\u00e4chsten Schritte zu besprechen, zu denen in der Regel ein erstes Gespr\u00e4ch geh\u00f6rt.<\/p>\n<p><strong>3. das Interviewverfahren<\/strong>: Diese Phase kann je nach Art der Stelle eine oder mehrere Gespr\u00e4chsrunden umfassen.<\/p>\n<p><strong>4. Entscheidung und Feedback<\/strong>: Unabh\u00e4ngig vom Ergebnis ist es uns wichtig, allen unseren Bewerbern ein konstruktives Feedback zu geben.<\/p>\n<p>Bitte geben Sie uns zwei Wochen Zeit, um Ihre Bewerbung zu bearbeiten. Wir laden Sie ein, unsere Website zu besuchen und uns auf unseren Social-Media-Kan\u00e4len zu folgen, um aktuelle Informationen und Einblicke in das Leben bei UniMedia zu erhalten.<\/p>\n<p>Nochmals vielen Dank, dass Sie eine Karriere bei UniMedia in Betracht ziehen. Wir freuen uns \u00fcber die M\u00f6glichkeit, Sie in unserem Team zu haben, und freuen uns auf die Gelegenheit, Ihre Bewerbung zu besprechen.<\/p>\n\t\t\t\t\t\t\t\t<\/div>\n\t\t\t\t<\/div>\n\t\t\t\t\t<\/div>\n\t\t<\/div>\n\t\t\t\t\t<\/div>\n\t\t<\/section>\n\t\t\t\t<section class=\"elementor-section elementor-top-section elementor-element elementor-element-b8f755e elementor-section-boxed elementor-section-height-default elementor-section-height-default\" data-id=\"b8f755e\" data-element_type=\"section\" data-e-type=\"section\">\n\t\t\t\t\t\t<div class=\"elementor-container elementor-column-gap-default\">\n\t\t\t\t\t<div class=\"elementor-column elementor-col-100 elementor-top-column elementor-element elementor-element-212586d\" data-id=\"212586d\" data-element_type=\"column\" data-e-type=\"column\">\n\t\t\t<div class=\"elementor-widget-wrap elementor-element-populated\">\n\t\t\t\t\t\t<div class=\"elementor-element elementor-element-d6d1f29 elementor-widget elementor-widget-heading\" data-id=\"d6d1f29\" data-element_type=\"widget\" data-e-type=\"widget\" data-widget_type=\"heading.default\">\n\t\t\t\t<div class=\"elementor-widget-container\">\n\t\t\t\t\t<h2 class=\"elementor-heading-title elementor-size-default\">In der Zwischenzeit k\u00f6nnen Sie auf unserer Website weitere Informationen finden<\/h2>\t\t\t\t<\/div>\n\t\t\t\t<\/div>\n\t\t\t\t<div class=\"elementor-element elementor-element-2860fe1 elementor-widget elementor-widget-heading\" data-id=\"2860fe1\" data-element_type=\"widget\" data-e-type=\"widget\" data-widget_type=\"heading.default\">\n\t\t\t\t<div class=\"elementor-widget-container\">\n\t\t\t\t\t<h2 class=\"elementor-heading-title elementor-size-default\">Letzte Artikel aus unserem Blog<\/h2>\t\t\t\t<\/div>\n\t\t\t\t<\/div>\n\t\t\t\t<div class=\"elementor-element elementor-element-fbd5941 elementor-grid-3 elementor-grid-tablet-2 elementor-grid-mobile-1 elementor-posts--thumbnail-top elementor-widget elementor-widget-posts\" data-id=\"fbd5941\" data-element_type=\"widget\" data-e-type=\"widget\" data-settings=\"{&quot;classic_columns&quot;:&quot;3&quot;,&quot;classic_columns_tablet&quot;:&quot;2&quot;,&quot;classic_columns_mobile&quot;:&quot;1&quot;,&quot;classic_row_gap&quot;:{&quot;unit&quot;:&quot;px&quot;,&quot;size&quot;:35,&quot;sizes&quot;:[]},&quot;classic_row_gap_tablet&quot;:{&quot;unit&quot;:&quot;px&quot;,&quot;size&quot;:&quot;&quot;,&quot;sizes&quot;:[]},&quot;classic_row_gap_mobile&quot;:{&quot;unit&quot;:&quot;px&quot;,&quot;size&quot;:&quot;&quot;,&quot;sizes&quot;:[]}}\" data-widget_type=\"posts.classic\">\n\t\t\t\t<div class=\"elementor-widget-container\">\n\t\t\t\t\t\t\t<div class=\"elementor-posts-container elementor-posts elementor-posts--skin-classic elementor-grid\" role=\"list\">\n\t\t\t\t<article class=\"elementor-post elementor-grid-item post-17320 post type-post status-publish format-standard has-post-thumbnail hentry category-unkategorisiert\" role=\"listitem\">\n\t\t\t\t<a class=\"elementor-post__thumbnail__link\" href=\"https:\/\/www.unimedia.tech\/de\/outsourcing-vs-nearshore-vs-freelancer-was-ist-die-beste-wahl-fuer-niederlaendische-ctos\/\" tabindex=\"-1\" >\n\t\t\t<div class=\"elementor-post__thumbnail\"><img fetchpriority=\"high\" decoding=\"async\" width=\"300\" height=\"220\" src=\"https:\/\/www.unimedia.tech\/wp-content\/uploads\/2026\/01\/software-outsourcing-Netherlands-1-300x220.png\" class=\"attachment-medium size-medium wp-image-17316\" alt=\"Software-Outsourcing Niederlande\" srcset=\"https:\/\/www.unimedia.tech\/wp-content\/uploads\/2026\/01\/software-outsourcing-Netherlands-1-300x220.png 300w, https:\/\/www.unimedia.tech\/wp-content\/uploads\/2026\/01\/software-outsourcing-Netherlands-1-768x563.png 768w, https:\/\/www.unimedia.tech\/wp-content\/uploads\/2026\/01\/software-outsourcing-Netherlands-1.png 806w\" sizes=\"(max-width: 300px) 100vw, 300px\" \/><\/div>\n\t\t<\/a>\n\t\t\t\t<div class=\"elementor-post__text\">\n\t\t\t\t<h3 class=\"elementor-post__title\">\n\t\t\t<a href=\"https:\/\/www.unimedia.tech\/de\/outsourcing-vs-nearshore-vs-freelancer-was-ist-die-beste-wahl-fuer-niederlaendische-ctos\/\" >\n\t\t\t\tOutsourcing vs. Nearshore vs. Freelancer: Was ist die beste Wahl f\u00fcr niederl\u00e4ndische CTOs?\t\t\t<\/a>\n\t\t<\/h3>\n\t\t\t\t<\/div>\n\t\t\t\t<\/article>\n\t\t\t\t<article class=\"elementor-post elementor-grid-item post-17237 post type-post status-publish format-standard has-post-thumbnail hentry category-it-losungen category-unkategorisiert\" role=\"listitem\">\n\t\t\t\t<a class=\"elementor-post__thumbnail__link\" href=\"https:\/\/www.unimedia.tech\/de\/warum-niederlaendische-unternehmen-sich-fuer-nearshore-softwareentwicklung-in-spanien-entscheiden\/\" tabindex=\"-1\" >\n\t\t\t<div class=\"elementor-post__thumbnail\"><img decoding=\"async\" width=\"300\" height=\"194\" src=\"https:\/\/www.unimedia.tech\/wp-content\/uploads\/2025\/11\/nearshore-software-development-Netherlands-300x194.jpg\" class=\"attachment-medium size-medium wp-image-16855\" alt=\"nearshore software development Netherlands\" srcset=\"https:\/\/www.unimedia.tech\/wp-content\/uploads\/2025\/11\/nearshore-software-development-Netherlands-300x194.jpg 300w, https:\/\/www.unimedia.tech\/wp-content\/uploads\/2025\/11\/nearshore-software-development-Netherlands-768x497.jpg 768w, https:\/\/www.unimedia.tech\/wp-content\/uploads\/2025\/11\/nearshore-software-development-Netherlands.jpg 1000w\" sizes=\"(max-width: 300px) 100vw, 300px\" \/><\/div>\n\t\t<\/a>\n\t\t\t\t<div class=\"elementor-post__text\">\n\t\t\t\t<h3 class=\"elementor-post__title\">\n\t\t\t<a href=\"https:\/\/www.unimedia.tech\/de\/warum-niederlaendische-unternehmen-sich-fuer-nearshore-softwareentwicklung-in-spanien-entscheiden\/\" >\n\t\t\t\tWarum niederl\u00e4ndische Unternehmen sich f\u00fcr Nearshore-Softwareentwicklung in Spanien entscheiden\t\t\t<\/a>\n\t\t<\/h3>\n\t\t\t\t<\/div>\n\t\t\t\t<\/article>\n\t\t\t\t<article class=\"elementor-post elementor-grid-item post-16740 post type-post status-publish format-standard has-post-thumbnail hentry category-software-de\" role=\"listitem\">\n\t\t\t\t<a class=\"elementor-post__thumbnail__link\" href=\"https:\/\/www.unimedia.tech\/de\/jenseits-der-rechenleistung-effizienz-als-neue-herausforderung-in-der-softwareentwicklung\/\" tabindex=\"-1\" >\n\t\t\t<div class=\"elementor-post__thumbnail\"><img loading=\"lazy\" decoding=\"async\" width=\"300\" height=\"162\" src=\"https:\/\/www.unimedia.tech\/wp-content\/uploads\/2025\/10\/eficiencia-en-desarrollo-de-software-300x162.jpg\" class=\"attachment-medium size-medium wp-image-16731\" alt=\"Effizienz in der Softwareentwicklung\" srcset=\"https:\/\/www.unimedia.tech\/wp-content\/uploads\/2025\/10\/eficiencia-en-desarrollo-de-software-300x162.jpg 300w, https:\/\/www.unimedia.tech\/wp-content\/uploads\/2025\/10\/eficiencia-en-desarrollo-de-software-768x414.jpg 768w, https:\/\/www.unimedia.tech\/wp-content\/uploads\/2025\/10\/eficiencia-en-desarrollo-de-software.jpg 850w\" sizes=\"(max-width: 300px) 100vw, 300px\" \/><\/div>\n\t\t<\/a>\n\t\t\t\t<div class=\"elementor-post__text\">\n\t\t\t\t<h3 class=\"elementor-post__title\">\n\t\t\t<a href=\"https:\/\/www.unimedia.tech\/de\/jenseits-der-rechenleistung-effizienz-als-neue-herausforderung-in-der-softwareentwicklung\/\" >\n\t\t\t\tJenseits der Rechenleistung: Effizienz als neue Herausforderung in der Softwareentwicklung\t\t\t<\/a>\n\t\t<\/h3>\n\t\t\t\t<\/div>\n\t\t\t\t<\/article>\n\t\t\t\t<article class=\"elementor-post elementor-grid-item post-16653 post type-post status-publish format-standard has-post-thumbnail hentry category-unkategorisiert\" role=\"listitem\">\n\t\t\t\t<a class=\"elementor-post__thumbnail__link\" href=\"https:\/\/www.unimedia.tech\/de\/react-im-jahr-2025-entwicklung-und-zukunft-der-webentwicklung\/\" tabindex=\"-1\" >\n\t\t\t<div class=\"elementor-post__thumbnail\"><img loading=\"lazy\" decoding=\"async\" width=\"300\" height=\"200\" src=\"https:\/\/www.unimedia.tech\/wp-content\/uploads\/2025\/10\/react-2025-300x200.jpg\" class=\"attachment-medium size-medium wp-image-16644\" alt=\"React\" srcset=\"https:\/\/www.unimedia.tech\/wp-content\/uploads\/2025\/10\/react-2025-300x200.jpg 300w, https:\/\/www.unimedia.tech\/wp-content\/uploads\/2025\/10\/react-2025-768x512.jpg 768w, https:\/\/www.unimedia.tech\/wp-content\/uploads\/2025\/10\/react-2025.jpg 950w\" sizes=\"(max-width: 300px) 100vw, 300px\" \/><\/div>\n\t\t<\/a>\n\t\t\t\t<div class=\"elementor-post__text\">\n\t\t\t\t<h3 class=\"elementor-post__title\">\n\t\t\t<a href=\"https:\/\/www.unimedia.tech\/de\/react-im-jahr-2025-entwicklung-und-zukunft-der-webentwicklung\/\" >\n\t\t\t\tReact im Jahr 2025: Entwicklung und Zukunft der Webentwicklung\t\t\t<\/a>\n\t\t<\/h3>\n\t\t\t\t<\/div>\n\t\t\t\t<\/article>\n\t\t\t\t<article class=\"elementor-post elementor-grid-item post-16565 post type-post status-publish format-standard has-post-thumbnail hentry category-unimedia-de\" role=\"listitem\">\n\t\t\t\t<a class=\"elementor-post__thumbnail__link\" href=\"https:\/\/www.unimedia.tech\/de\/unimedia-technology-erhaelt-die-zertifizierung-happyindexatwork-bei-der-choosemycompany-zeremonie\/\" tabindex=\"-1\" >\n\t\t\t<div class=\"elementor-post__thumbnail\"><img loading=\"lazy\" decoding=\"async\" width=\"300\" height=\"216\" src=\"https:\/\/www.unimedia.tech\/wp-content\/uploads\/2025\/09\/20250918_211154-b-300x216.jpg\" class=\"attachment-medium size-medium wp-image-16530\" alt=\"Mejores empresas para trabajar en Espa\u00f1a\" srcset=\"https:\/\/www.unimedia.tech\/wp-content\/uploads\/2025\/09\/20250918_211154-b-300x216.jpg 300w, https:\/\/www.unimedia.tech\/wp-content\/uploads\/2025\/09\/20250918_211154-b-1024x739.jpg 1024w, https:\/\/www.unimedia.tech\/wp-content\/uploads\/2025\/09\/20250918_211154-b-768x554.jpg 768w, https:\/\/www.unimedia.tech\/wp-content\/uploads\/2025\/09\/20250918_211154-b-1536x1108.jpg 1536w, https:\/\/www.unimedia.tech\/wp-content\/uploads\/2025\/09\/20250918_211154-b-2048x1478.jpg 2048w\" sizes=\"(max-width: 300px) 100vw, 300px\" \/><\/div>\n\t\t<\/a>\n\t\t\t\t<div class=\"elementor-post__text\">\n\t\t\t\t<h3 class=\"elementor-post__title\">\n\t\t\t<a href=\"https:\/\/www.unimedia.tech\/de\/unimedia-technology-erhaelt-die-zertifizierung-happyindexatwork-bei-der-choosemycompany-zeremonie\/\" >\n\t\t\t\tUnimedia Technology erh\u00e4lt die Zertifizierung HappyIndex\u00aeAtWork bei der ChooseMyCompany-Zeremonie\t\t\t<\/a>\n\t\t<\/h3>\n\t\t\t\t<\/div>\n\t\t\t\t<\/article>\n\t\t\t\t<article class=\"elementor-post elementor-grid-item post-16496 post type-post status-publish format-standard has-post-thumbnail hentry category-technical-guides-de\" role=\"listitem\">\n\t\t\t\t<a class=\"elementor-post__thumbnail__link\" href=\"https:\/\/www.unimedia.tech\/de\/java-25-ist-da-entdecken-sie-die-wichtigsten-neuerungen\/\" tabindex=\"-1\" >\n\t\t\t<div class=\"elementor-post__thumbnail\"><img loading=\"lazy\" decoding=\"async\" width=\"300\" height=\"222\" src=\"https:\/\/www.unimedia.tech\/wp-content\/uploads\/2025\/09\/java-25-r-300x222.jpg\" class=\"attachment-medium size-medium wp-image-16494\" alt=\"Java 25\" srcset=\"https:\/\/www.unimedia.tech\/wp-content\/uploads\/2025\/09\/java-25-r-300x222.jpg 300w, https:\/\/www.unimedia.tech\/wp-content\/uploads\/2025\/09\/java-25-r.jpg 750w\" sizes=\"(max-width: 300px) 100vw, 300px\" \/><\/div>\n\t\t<\/a>\n\t\t\t\t<div class=\"elementor-post__text\">\n\t\t\t\t<h3 class=\"elementor-post__title\">\n\t\t\t<a href=\"https:\/\/www.unimedia.tech\/de\/java-25-ist-da-entdecken-sie-die-wichtigsten-neuerungen\/\" >\n\t\t\t\tJava 25 ist da: Entdecken Sie die wichtigsten Neuerungen\t\t\t<\/a>\n\t\t<\/h3>\n\t\t\t\t<\/div>\n\t\t\t\t<\/article>\n\t\t\t\t<\/div>\n\t\t\n\t\t\t\t\t\t<\/div>\n\t\t\t\t<\/div>\n\t\t\t\t\t<\/div>\n\t\t<\/div>\n\t\t\t\t\t<\/div>\n\t\t<\/section>\n\t\t\t\t<\/div>\n\t\t","protected":false},"excerpt":{"rendered":"<p>Vielen Dank, dass Sie sich f\u00fcr das UniMedia-Team beworben haben! Wir freuen uns aufrichtig \u00fcber Ihr Interesse, Teil der UniMedia-Familie zu werden. Ihre Bewerbung f\u00fcr<\/p>\n","protected":false},"author":4,"featured_media":0,"parent":0,"menu_order":0,"comment_status":"closed","ping_status":"closed","template":"elementor_header_footer","meta":{"_acf_changed":false,"footnotes":""},"class_list":["post-7932","page","type-page","status-publish","hentry"],"acf":[],"yoast_head":"<!-- This site is optimized with the Yoast SEO Premium plugin v21.6 (Yoast SEO v27.1.1) - https:\/\/yoast.com\/product\/yoast-seo-premium-wordpress\/ -->\n<title>Danke, dass Sie sich f\u00fcr das UniMedia-Team beworben haben - Unimedia Technology<\/title>\n<meta name=\"robots\" content=\"noindex, follow\" \/>\n<meta property=\"og:locale\" content=\"de_DE\" \/>\n<meta property=\"og:type\" content=\"article\" \/>\n<meta property=\"og:title\" content=\"Danke, dass Sie sich f\u00fcr das UniMedia-Team beworben haben\" \/>\n<meta property=\"og:description\" content=\"Vielen Dank, dass Sie sich f\u00fcr das UniMedia-Team beworben haben! Wir freuen uns aufrichtig \u00fcber Ihr Interesse, Teil der UniMedia-Familie zu werden. Ihre Bewerbung f\u00fcr\" \/>\n<meta property=\"og:url\" content=\"https:\/\/www.unimedia.tech\/de\/danke-dass-sie-sich-fuer-das-unimedia-team-beworben-haben\/\" \/>\n<meta property=\"og:site_name\" content=\"Unimedia Technology\" \/>\n<meta property=\"article:publisher\" content=\"https:\/\/www.linkedin.com\/company\/unimedia-technology\/\" \/>\n<meta property=\"article:modified_time\" content=\"2024-01-05T10:55:14+00:00\" \/>\n<meta property=\"og:image\" content=\"https:\/\/www.unimedia.tech\/wp-content\/uploads\/2023\/10\/Capa-5.png\" \/>\n<meta name=\"twitter:card\" content=\"summary_large_image\" \/>\n<meta name=\"twitter:site\" content=\"@UnimediaCTO\" \/>\n<meta name=\"twitter:label1\" content=\"Gesch\u00e4tzte Lesezeit\" \/>\n\t<meta name=\"twitter:data1\" content=\"1\u00a0Minute\" \/>\n<!-- \/ Yoast SEO Premium plugin. -->","yoast_head_json":{"title":"Danke, dass Sie sich f\u00fcr das UniMedia-Team beworben haben - Unimedia Technology","robots":{"index":"noindex","follow":"follow"},"og_locale":"de_DE","og_type":"article","og_title":"Danke, dass Sie sich f\u00fcr das UniMedia-Team beworben haben","og_description":"Vielen Dank, dass Sie sich f\u00fcr das UniMedia-Team beworben haben! Wir freuen uns aufrichtig \u00fcber Ihr Interesse, Teil der UniMedia-Familie zu werden. Ihre Bewerbung f\u00fcr","og_url":"https:\/\/www.unimedia.tech\/de\/danke-dass-sie-sich-fuer-das-unimedia-team-beworben-haben\/","og_site_name":"Unimedia Technology","article_publisher":"https:\/\/www.linkedin.com\/company\/unimedia-technology\/","article_modified_time":"2024-01-05T10:55:14+00:00","og_image":[{"url":"https:\/\/www.unimedia.tech\/wp-content\/uploads\/2023\/10\/Capa-5.png","type":"","width":"","height":""}],"twitter_card":"summary_large_image","twitter_site":"@UnimediaCTO","twitter_misc":{"Gesch\u00e4tzte Lesezeit":"1\u00a0Minute"},"schema":{"@context":"https:\/\/schema.org","@graph":[{"@type":"WebPage","@id":"https:\/\/www.unimedia.tech\/de\/danke-dass-sie-sich-fuer-das-unimedia-team-beworben-haben\/","url":"https:\/\/www.unimedia.tech\/de\/danke-dass-sie-sich-fuer-das-unimedia-team-beworben-haben\/","name":"Danke, dass Sie sich f\u00fcr das UniMedia-Team beworben haben - Unimedia Technology","isPartOf":{"@id":"https:\/\/www.unimedia.tech\/de\/#website"},"primaryImageOfPage":{"@id":"https:\/\/www.unimedia.tech\/de\/danke-dass-sie-sich-fuer-das-unimedia-team-beworben-haben\/#primaryimage"},"image":{"@id":"https:\/\/www.unimedia.tech\/de\/danke-dass-sie-sich-fuer-das-unimedia-team-beworben-haben\/#primaryimage"},"thumbnailUrl":"https:\/\/www.unimedia.tech\/wp-content\/uploads\/2023\/10\/Capa-5.png","datePublished":"2024-01-05T10:34:56+00:00","dateModified":"2024-01-05T10:55:14+00:00","breadcrumb":{"@id":"https:\/\/www.unimedia.tech\/de\/danke-dass-sie-sich-fuer-das-unimedia-team-beworben-haben\/#breadcrumb"},"inLanguage":"de","potentialAction":[{"@type":"ReadAction","target":["https:\/\/www.unimedia.tech\/de\/danke-dass-sie-sich-fuer-das-unimedia-team-beworben-haben\/"]}]},{"@type":"ImageObject","inLanguage":"de","@id":"https:\/\/www.unimedia.tech\/de\/danke-dass-sie-sich-fuer-das-unimedia-team-beworben-haben\/#primaryimage","url":"https:\/\/www.unimedia.tech\/wp-content\/uploads\/2023\/10\/Capa-5.png","contentUrl":"https:\/\/www.unimedia.tech\/wp-content\/uploads\/2023\/10\/Capa-5.png"},{"@type":"BreadcrumbList","@id":"https:\/\/www.unimedia.tech\/de\/danke-dass-sie-sich-fuer-das-unimedia-team-beworben-haben\/#breadcrumb","itemListElement":[{"@type":"ListItem","position":1,"name":"Home","item":"https:\/\/www.unimedia.tech\/de\/"},{"@type":"ListItem","position":2,"name":"Danke, dass Sie sich f\u00fcr das UniMedia-Team beworben haben"}]},{"@type":"WebSite","@id":"https:\/\/www.unimedia.tech\/de\/#website","url":"https:\/\/www.unimedia.tech\/de\/","name":"Unimedia Technology","description":"Your software development partner","publisher":{"@id":"https:\/\/www.unimedia.tech\/de\/#organization"},"alternateName":"Unimedia Tech","potentialAction":[{"@type":"SearchAction","target":{"@type":"EntryPoint","urlTemplate":"https:\/\/www.unimedia.tech\/de\/?s={search_term_string}"},"query-input":{"@type":"PropertyValueSpecification","valueRequired":true,"valueName":"search_term_string"}}],"inLanguage":"de"},{"@type":"Organization","@id":"https:\/\/www.unimedia.tech\/de\/#organization","name":"Unimedia Technology","alternateName":"Unimedia Tech","url":"https:\/\/www.unimedia.tech\/de\/","logo":{"@type":"ImageObject","inLanguage":"de","@id":"https:\/\/www.unimedia.tech\/de\/#\/schema\/logo\/image\/","url":"https:\/\/www.unimedia.tech\/wp-content\/uploads\/2023\/12\/cloud_border-3.png","contentUrl":"https:\/\/www.unimedia.tech\/wp-content\/uploads\/2023\/12\/cloud_border-3.png","width":403,"height":309,"caption":"Unimedia Technology"},"image":{"@id":"https:\/\/www.unimedia.tech\/de\/#\/schema\/logo\/image\/"},"sameAs":["https:\/\/www.linkedin.com\/company\/unimedia-technology\/","https:\/\/x.com\/UnimediaCTO","https:\/\/www.instagram.com\/unimedia.technology\/"]}]}},"_links":{"self":[{"href":"https:\/\/www.unimedia.tech\/de\/wp-json\/wp\/v2\/pages\/7932","targetHints":{"allow":["GET"]}}],"collection":[{"href":"https:\/\/www.unimedia.tech\/de\/wp-json\/wp\/v2\/pages"}],"about":[{"href":"https:\/\/www.unimedia.tech\/de\/wp-json\/wp\/v2\/types\/page"}],"author":[{"embeddable":true,"href":"https:\/\/www.unimedia.tech\/de\/wp-json\/wp\/v2\/users\/4"}],"replies":[{"embeddable":true,"href":"https:\/\/www.unimedia.tech\/de\/wp-json\/wp\/v2\/comments?post=7932"}],"version-history":[{"count":0,"href":"https:\/\/www.unimedia.tech\/de\/wp-json\/wp\/v2\/pages\/7932\/revisions"}],"wp:attachment":[{"href":"https:\/\/www.unimedia.tech\/de\/wp-json\/wp\/v2\/media?parent=7932"}],"curies":[{"name":"wp","href":"https:\/\/api.w.org\/{rel}","templated":true}]}}