{"id":13266,"date":"2024-10-14T12:49:49","date_gmt":"2024-10-14T10:49:49","guid":{"rendered":"https:\/\/www.unimedia.tech\/?page_id=13266"},"modified":"2024-10-17T10:39:33","modified_gmt":"2024-10-17T08:39:33","slug":"milbotix","status":"publish","type":"page","link":"https:\/\/www.unimedia.tech\/es\/landing-casos-de-exito\/milbotix\/","title":{"rendered":"Milbotix"},"content":{"rendered":"\t\t<div data-elementor-type=\"wp-page\" data-elementor-id=\"13266\" class=\"elementor elementor-13266\" data-elementor-post-type=\"page\">\n\t\t\t\t\t\t<section class=\"elementor-section elementor-top-section elementor-element elementor-element-c405519 elementor-section-content-middle elementor-section-boxed elementor-section-height-default elementor-section-height-default\" data-id=\"c405519\" data-element_type=\"section\" data-e-type=\"section\" data-settings=\"{&quot;background_background&quot;:&quot;classic&quot;}\">\n\t\t\t\t\t\t<div class=\"elementor-container elementor-column-gap-default\">\n\t\t\t\t\t<div class=\"elementor-column elementor-col-50 elementor-top-column elementor-element elementor-element-f33dc9c\" data-id=\"f33dc9c\" data-element_type=\"column\" data-e-type=\"column\">\n\t\t\t<div class=\"elementor-widget-wrap elementor-element-populated\">\n\t\t\t\t\t\t<div class=\"elementor-element elementor-element-d7369a7 elementor-widget elementor-widget-image\" data-id=\"d7369a7\" data-element_type=\"widget\" data-e-type=\"widget\" data-widget_type=\"image.default\">\n\t\t\t\t<div class=\"elementor-widget-container\">\n\t\t\t\t\t\t\t\t\t\t\t\t\t\t\t<img fetchpriority=\"high\" decoding=\"async\" width=\"284\" height=\"177\" src=\"https:\/\/www.unimedia.tech\/wp-content\/uploads\/2024\/10\/Milbotix.jpeg\" class=\"attachment-large size-large wp-image-13256\" alt=\"\" \/>\t\t\t\t\t\t\t\t\t\t\t\t\t\t\t<\/div>\n\t\t\t\t<\/div>\n\t\t\t\t<div class=\"elementor-element elementor-element-0852558 elementor-widget elementor-widget-heading\" data-id=\"0852558\" data-element_type=\"widget\" data-e-type=\"widget\" data-widget_type=\"heading.default\">\n\t\t\t\t<div class=\"elementor-widget-container\">\n\t\t\t\t\t<h2 class=\"elementor-heading-title elementor-size-default\">Tecnolog\u00eda de la salud<\/h2>\t\t\t\t<\/div>\n\t\t\t\t<\/div>\n\t\t\t\t<div class=\"elementor-element elementor-element-4cd9352 elementor-widget elementor-widget-text-editor\" data-id=\"4cd9352\" data-element_type=\"widget\" data-e-type=\"widget\" data-widget_type=\"text-editor.default\">\n\t\t\t\t<div class=\"elementor-widget-container\">\n\t\t\t\t\t\t\t\t\t<p>Creamos una <b>aplicaci\u00f3n que conecta el hardware de los smart socks con su backend<\/b>, permitiendo a los usuarios gestionar el dispositivo de manera eficiente desde cualquier plataforma.<\/p>\t\t\t\t\t\t\t\t<\/div>\n\t\t\t\t<\/div>\n\t\t\t\t<div class=\"elementor-element elementor-element-3e3934f elementor-align-right elementor-widget elementor-widget-button\" data-id=\"3e3934f\" data-element_type=\"widget\" data-e-type=\"widget\" data-widget_type=\"button.default\">\n\t\t\t\t<div class=\"elementor-widget-container\">\n\t\t\t\t\t\t\t\t\t<div class=\"elementor-button-wrapper\">\n\t\t\t\t\t<a class=\"elementor-button elementor-button-link elementor-size-sm elementor-animation-shrink\" href=\"https:\/\/www.unimedia.tech\/es\/case-study\/desarrollo-de-software-a-medida-para-una-empresa-de-tecnologia-sanitaria\/\">\n\t\t\t\t\t\t<span class=\"elementor-button-content-wrapper\">\n\t\t\t\t\t\t\t\t\t<span class=\"elementor-button-text\">M\u00e1s detalles<\/span>\n\t\t\t\t\t<\/span>\n\t\t\t\t\t<\/a>\n\t\t\t\t<\/div>\n\t\t\t\t\t\t\t\t<\/div>\n\t\t\t\t<\/div>\n\t\t\t\t\t<\/div>\n\t\t<\/div>\n\t\t\t\t<div class=\"elementor-column elementor-col-50 elementor-top-column elementor-element elementor-element-df8b783\" data-id=\"df8b783\" data-element_type=\"column\" data-e-type=\"column\">\n\t\t\t<div class=\"elementor-widget-wrap elementor-element-populated\">\n\t\t\t\t\t\t<div class=\"elementor-element elementor-element-7ee36ec elementor-widget elementor-widget-text-editor\" data-id=\"7ee36ec\" data-element_type=\"widget\" data-e-type=\"widget\" data-widget_type=\"text-editor.default\">\n\t\t\t\t<div class=\"elementor-widget-container\">\n\t\t\t\t\t\t\t\t\t<p><strong>Idea principal:\u00a0<\/strong>Creamos la app que conecta el hardware de los smart socks, permitiendo a los usuarios interactuar de manera sencilla y efectiva con el dispositivo.<\/p><p><strong>Problem\u00e1tica:\u00a0<\/strong>Milbotix necesitaba una aplicaci\u00f3n que gestionara los datos capturados por sus calcetines inteligentes, integrando hardware y software de manera eficiente.<\/p><p><strong>Desarrollo:\u00a0<\/strong>El equipo de Unimedia desarroll\u00f3 una aplicaci\u00f3n multiplataforma con backend en Raspberry Pi y Docker, conectando tanto la interfaz m\u00f3vil como la web mediante ASP.NET y Angular.<\/p><p><strong>Producto final:\u00a0<\/strong>Una soluci\u00f3n completa que permite a los usuarios controlar los smart socks de forma fluida, cumpliendo con todas las necesidades del cliente y superando las expectativas iniciales.<\/p>\t\t\t\t\t\t\t\t<\/div>\n\t\t\t\t<\/div>\n\t\t\t\t\t<\/div>\n\t\t<\/div>\n\t\t\t\t\t<\/div>\n\t\t<\/section>\n\t\t\t\t<section class=\"elementor-section elementor-top-section elementor-element elementor-element-712e9f0 elementor-section-content-middle elementor-section-boxed elementor-section-height-default elementor-section-height-default\" data-id=\"712e9f0\" data-element_type=\"section\" data-e-type=\"section\">\n\t\t\t\t\t\t<div class=\"elementor-container elementor-column-gap-default\">\n\t\t\t\t\t<div class=\"elementor-column elementor-col-50 elementor-top-column elementor-element elementor-element-1146183\" data-id=\"1146183\" data-element_type=\"column\" data-e-type=\"column\">\n\t\t\t<div class=\"elementor-widget-wrap elementor-element-populated\">\n\t\t\t\t\t\t<div class=\"elementor-element elementor-element-5e0a8fd elementor-widget elementor-widget-text-editor\" data-id=\"5e0a8fd\" data-element_type=\"widget\" data-e-type=\"widget\" data-widget_type=\"text-editor.default\">\n\t\t\t\t<div class=\"elementor-widget-container\">\n\t\t\t\t\t\t\t\t\t<p><strong>Caso de uso y detalles econ\u00f3micos:<\/strong><br \/>La soluci\u00f3n tecnol\u00f3gica increment\u00f3 el valor percibido del producto de Milbotix, lo que ayud\u00f3 a lanzar el producto en el mercado, logrando un aumento del 30% en el precio de venta de sus dispositivos.<\/p>\t\t\t\t\t\t\t\t<\/div>\n\t\t\t\t<\/div>\n\t\t\t\t<div class=\"elementor-element elementor-element-3d5efc7 elementor-align-left elementor-widget elementor-widget-button\" data-id=\"3d5efc7\" data-element_type=\"widget\" data-e-type=\"widget\" data-widget_type=\"button.default\">\n\t\t\t\t<div class=\"elementor-widget-container\">\n\t\t\t\t\t\t\t\t\t<div class=\"elementor-button-wrapper\">\n\t\t\t\t\t<a class=\"elementor-button elementor-button-link elementor-size-sm elementor-animation-shrink\" href=\"#elementor-action%3Aaction%3Dpopup%3Aopen%26settings%3DeyJpZCI6MjgwMCwidG9nZ2xlIjpmYWxzZX0%3D\">\n\t\t\t\t\t\t<span class=\"elementor-button-content-wrapper\">\n\t\t\t\t\t\t\t\t\t<span class=\"elementor-button-text\">Empieza ahora tu historia de \u00e9xito<\/span>\n\t\t\t\t\t<\/span>\n\t\t\t\t\t<\/a>\n\t\t\t\t<\/div>\n\t\t\t\t\t\t\t\t<\/div>\n\t\t\t\t<\/div>\n\t\t\t\t\t<\/div>\n\t\t<\/div>\n\t\t\t\t<div class=\"elementor-column elementor-col-50 elementor-top-column elementor-element elementor-element-2d9a873\" data-id=\"2d9a873\" data-element_type=\"column\" data-e-type=\"column\">\n\t\t\t<div class=\"elementor-widget-wrap elementor-element-populated\">\n\t\t\t\t\t\t<div class=\"elementor-element elementor-element-dc65d73 elementor-widget elementor-widget-image\" data-id=\"dc65d73\" data-element_type=\"widget\" data-e-type=\"widget\" data-widget_type=\"image.default\">\n\t\t\t\t<div class=\"elementor-widget-container\">\n\t\t\t\t\t\t\t\t\t\t\t\t\t\t\t<img decoding=\"async\" width=\"500\" height=\"350\" src=\"https:\/\/www.unimedia.tech\/wp-content\/uploads\/2023\/11\/milbotix.jpg\" class=\"attachment-full size-full wp-image-2339\" alt=\"\" srcset=\"https:\/\/www.unimedia.tech\/wp-content\/uploads\/2023\/11\/milbotix.jpg 500w, https:\/\/www.unimedia.tech\/wp-content\/uploads\/2023\/11\/milbotix-300x210.jpg 300w\" sizes=\"(max-width: 500px) 100vw, 500px\" \/>\t\t\t\t\t\t\t\t\t\t\t\t\t\t\t<\/div>\n\t\t\t\t<\/div>\n\t\t\t\t\t<\/div>\n\t\t<\/div>\n\t\t\t\t\t<\/div>\n\t\t<\/section>\n\t\t\t\t<section class=\"elementor-section elementor-top-section elementor-element elementor-element-00fd903 elementor-section-boxed elementor-section-height-default elementor-section-height-default\" data-id=\"00fd903\" data-element_type=\"section\" data-e-type=\"section\">\n\t\t\t\t\t\t<div class=\"elementor-container elementor-column-gap-default\">\n\t\t\t\t\t<div class=\"elementor-column elementor-col-100 elementor-top-column elementor-element elementor-element-2aa53dc\" data-id=\"2aa53dc\" data-element_type=\"column\" data-e-type=\"column\">\n\t\t\t<div class=\"elementor-widget-wrap elementor-element-populated\">\n\t\t\t\t\t\t<div class=\"elementor-element elementor-element-4747009 elementor-align-center elementor-widget elementor-widget-button\" data-id=\"4747009\" data-element_type=\"widget\" data-e-type=\"widget\" data-widget_type=\"button.default\">\n\t\t\t\t<div class=\"elementor-widget-container\">\n\t\t\t\t\t\t\t\t\t<div class=\"elementor-button-wrapper\">\n\t\t\t\t\t<a class=\"elementor-button elementor-button-link elementor-size-sm elementor-animation-shrink\" href=\"https:\/\/www.unimedia.tech\/es\/landing-casos-de-exito\/\">\n\t\t\t\t\t\t<span class=\"elementor-button-content-wrapper\">\n\t\t\t\t\t\t\t\t\t<span class=\"elementor-button-text\">Ver todos<\/span>\n\t\t\t\t\t<\/span>\n\t\t\t\t\t<\/a>\n\t\t\t\t<\/div>\n\t\t\t\t\t\t\t\t<\/div>\n\t\t\t\t<\/div>\n\t\t\t\t\t<\/div>\n\t\t<\/div>\n\t\t\t\t\t<\/div>\n\t\t<\/section>\n\t\t\t\t<\/div>\n\t\t","protected":false},"excerpt":{"rendered":"<p>Tecnolog\u00eda de la salud Creamos una aplicaci\u00f3n que conecta el hardware de los smart socks con su backend, permitiendo a los usuarios gestionar el dispositivo de manera eficiente desde cualquier plataforma. M\u00e1s detalles Idea principal:\u00a0Creamos la app que conecta el hardware de los smart socks, permitiendo a los usuarios interactuar de manera sencilla y efectiva [&hellip;]<\/p>\n","protected":false},"author":4,"featured_media":0,"parent":13237,"menu_order":0,"comment_status":"closed","ping_status":"closed","template":"elementor_header_footer","meta":{"_acf_changed":false,"footnotes":""},"class_list":["post-13266","page","type-page","status-publish","hentry"],"acf":[],"yoast_head":"<!-- This site is optimized with the Yoast SEO Premium plugin v21.6 (Yoast SEO v27.1.1) - https:\/\/yoast.com\/product\/yoast-seo-premium-wordpress\/ -->\n<title>Milbotix - Unimedia Technology<\/title>\n<meta name=\"robots\" content=\"noindex, nofollow\" \/>\n<meta property=\"og:locale\" content=\"es_ES\" \/>\n<meta property=\"og:type\" content=\"article\" \/>\n<meta property=\"og:title\" content=\"Milbotix\" \/>\n<meta property=\"og:description\" content=\"Tecnolog\u00eda de la salud Creamos una aplicaci\u00f3n que conecta el hardware de los smart socks con su backend, permitiendo a los usuarios gestionar el dispositivo de manera eficiente desde cualquier plataforma. M\u00e1s detalles Idea principal:\u00a0Creamos la app que conecta el hardware de los smart socks, permitiendo a los usuarios interactuar de manera sencilla y efectiva [&hellip;]\" \/>\n<meta property=\"og:url\" content=\"https:\/\/www.unimedia.tech\/es\/landing-casos-de-exito\/milbotix\/\" \/>\n<meta property=\"og:site_name\" content=\"Unimedia Technology\" \/>\n<meta property=\"article:publisher\" content=\"https:\/\/www.linkedin.com\/company\/unimedia-technology\/\" \/>\n<meta property=\"article:modified_time\" content=\"2024-10-17T08:39:33+00:00\" \/>\n<meta property=\"og:image\" content=\"https:\/\/www.unimedia.tech\/wp-content\/uploads\/2024\/10\/Milbotix.jpeg\" \/>\n\t<meta property=\"og:image:width\" content=\"284\" \/>\n\t<meta property=\"og:image:height\" content=\"177\" \/>\n\t<meta property=\"og:image:type\" content=\"image\/jpeg\" \/>\n<meta name=\"twitter:card\" content=\"summary_large_image\" \/>\n<meta name=\"twitter:site\" content=\"@UnimediaCTO\" \/>\n<meta name=\"twitter:label1\" content=\"Tiempo de lectura\" \/>\n\t<meta name=\"twitter:data1\" content=\"2 minutos\" \/>\n<!-- \/ Yoast SEO Premium plugin. -->","yoast_head_json":{"title":"Milbotix - Unimedia Technology","robots":{"index":"noindex","follow":"nofollow"},"og_locale":"es_ES","og_type":"article","og_title":"Milbotix","og_description":"Tecnolog\u00eda de la salud Creamos una aplicaci\u00f3n que conecta el hardware de los smart socks con su backend, permitiendo a los usuarios gestionar el dispositivo de manera eficiente desde cualquier plataforma. M\u00e1s detalles Idea principal:\u00a0Creamos la app que conecta el hardware de los smart socks, permitiendo a los usuarios interactuar de manera sencilla y efectiva [&hellip;]","og_url":"https:\/\/www.unimedia.tech\/es\/landing-casos-de-exito\/milbotix\/","og_site_name":"Unimedia Technology","article_publisher":"https:\/\/www.linkedin.com\/company\/unimedia-technology\/","article_modified_time":"2024-10-17T08:39:33+00:00","og_image":[{"width":284,"height":177,"url":"https:\/\/www.unimedia.tech\/wp-content\/uploads\/2024\/10\/Milbotix.jpeg","type":"image\/jpeg"}],"twitter_card":"summary_large_image","twitter_site":"@UnimediaCTO","twitter_misc":{"Tiempo de lectura":"2 minutos"},"schema":{"@context":"https:\/\/schema.org","@graph":[{"@type":"WebPage","@id":"https:\/\/www.unimedia.tech\/es\/landing-casos-de-exito\/milbotix\/","url":"https:\/\/www.unimedia.tech\/es\/landing-casos-de-exito\/milbotix\/","name":"Milbotix - Unimedia Technology","isPartOf":{"@id":"https:\/\/www.unimedia.tech\/es\/#website"},"primaryImageOfPage":{"@id":"https:\/\/www.unimedia.tech\/es\/landing-casos-de-exito\/milbotix\/#primaryimage"},"image":{"@id":"https:\/\/www.unimedia.tech\/es\/landing-casos-de-exito\/milbotix\/#primaryimage"},"thumbnailUrl":"https:\/\/www.unimedia.tech\/wp-content\/uploads\/2024\/10\/Milbotix.jpeg","datePublished":"2024-10-14T10:49:49+00:00","dateModified":"2024-10-17T08:39:33+00:00","breadcrumb":{"@id":"https:\/\/www.unimedia.tech\/es\/landing-casos-de-exito\/milbotix\/#breadcrumb"},"inLanguage":"es","potentialAction":[{"@type":"ReadAction","target":["https:\/\/www.unimedia.tech\/es\/landing-casos-de-exito\/milbotix\/"]}]},{"@type":"ImageObject","inLanguage":"es","@id":"https:\/\/www.unimedia.tech\/es\/landing-casos-de-exito\/milbotix\/#primaryimage","url":"https:\/\/www.unimedia.tech\/wp-content\/uploads\/2024\/10\/Milbotix.jpeg","contentUrl":"https:\/\/www.unimedia.tech\/wp-content\/uploads\/2024\/10\/Milbotix.jpeg"},{"@type":"BreadcrumbList","@id":"https:\/\/www.unimedia.tech\/es\/landing-casos-de-exito\/milbotix\/#breadcrumb","itemListElement":[{"@type":"ListItem","position":1,"name":"Home","item":"https:\/\/www.unimedia.tech\/es\/"},{"@type":"ListItem","position":2,"name":"Landing Casos de Exito","item":"https:\/\/www.unimedia.tech\/es\/landing-casos-de-exito\/"},{"@type":"ListItem","position":3,"name":"Milbotix"}]},{"@type":"WebSite","@id":"https:\/\/www.unimedia.tech\/es\/#website","url":"https:\/\/www.unimedia.tech\/es\/","name":"Unimedia Technology","description":"Your software development partner","publisher":{"@id":"https:\/\/www.unimedia.tech\/es\/#organization"},"alternateName":"Unimedia Tech","potentialAction":[{"@type":"SearchAction","target":{"@type":"EntryPoint","urlTemplate":"https:\/\/www.unimedia.tech\/es\/?s={search_term_string}"},"query-input":{"@type":"PropertyValueSpecification","valueRequired":true,"valueName":"search_term_string"}}],"inLanguage":"es"},{"@type":"Organization","@id":"https:\/\/www.unimedia.tech\/es\/#organization","name":"Unimedia Technology","alternateName":"Unimedia Tech","url":"https:\/\/www.unimedia.tech\/es\/","logo":{"@type":"ImageObject","inLanguage":"es","@id":"https:\/\/www.unimedia.tech\/es\/#\/schema\/logo\/image\/","url":"https:\/\/www.unimedia.tech\/wp-content\/uploads\/2023\/12\/cloud_border-3.png","contentUrl":"https:\/\/www.unimedia.tech\/wp-content\/uploads\/2023\/12\/cloud_border-3.png","width":403,"height":309,"caption":"Unimedia Technology"},"image":{"@id":"https:\/\/www.unimedia.tech\/es\/#\/schema\/logo\/image\/"},"sameAs":["https:\/\/www.linkedin.com\/company\/unimedia-technology\/","https:\/\/x.com\/UnimediaCTO","https:\/\/www.instagram.com\/unimedia.technology\/"]}]}},"_links":{"self":[{"href":"https:\/\/www.unimedia.tech\/es\/wp-json\/wp\/v2\/pages\/13266","targetHints":{"allow":["GET"]}}],"collection":[{"href":"https:\/\/www.unimedia.tech\/es\/wp-json\/wp\/v2\/pages"}],"about":[{"href":"https:\/\/www.unimedia.tech\/es\/wp-json\/wp\/v2\/types\/page"}],"author":[{"embeddable":true,"href":"https:\/\/www.unimedia.tech\/es\/wp-json\/wp\/v2\/users\/4"}],"replies":[{"embeddable":true,"href":"https:\/\/www.unimedia.tech\/es\/wp-json\/wp\/v2\/comments?post=13266"}],"version-history":[{"count":0,"href":"https:\/\/www.unimedia.tech\/es\/wp-json\/wp\/v2\/pages\/13266\/revisions"}],"up":[{"embeddable":true,"href":"https:\/\/www.unimedia.tech\/es\/wp-json\/wp\/v2\/pages\/13237"}],"wp:attachment":[{"href":"https:\/\/www.unimedia.tech\/es\/wp-json\/wp\/v2\/media?parent=13266"}],"curies":[{"name":"wp","href":"https:\/\/api.w.org\/{rel}","templated":true}]}}