{"id":13291,"date":"2024-10-14T14:31:43","date_gmt":"2024-10-14T12:31:43","guid":{"rendered":"https:\/\/www.unimedia.tech\/?page_id=13291"},"modified":"2024-10-17T10:46:43","modified_gmt":"2024-10-17T08:46:43","slug":"out-of-home-masters","status":"publish","type":"page","link":"https:\/\/www.unimedia.tech\/es\/landing-casos-de-exito\/out-of-home-masters\/","title":{"rendered":"Out of Home Masters\u200b"},"content":{"rendered":"\t\t<div data-elementor-type=\"wp-page\" data-elementor-id=\"13291\" class=\"elementor elementor-13291\" data-elementor-post-type=\"page\">\n\t\t\t\t\t\t<section class=\"elementor-section elementor-top-section elementor-element elementor-element-9e822d5 elementor-section-content-middle elementor-section-boxed elementor-section-height-default elementor-section-height-default\" data-id=\"9e822d5\" data-element_type=\"section\" data-e-type=\"section\" data-settings=\"{&quot;background_background&quot;:&quot;classic&quot;}\">\n\t\t\t\t\t\t<div class=\"elementor-container elementor-column-gap-default\">\n\t\t\t\t\t<div class=\"elementor-column elementor-col-50 elementor-top-column elementor-element elementor-element-e6f3a57\" data-id=\"e6f3a57\" data-element_type=\"column\" data-e-type=\"column\">\n\t\t\t<div class=\"elementor-widget-wrap elementor-element-populated\">\n\t\t\t\t\t\t<div class=\"elementor-element elementor-element-03fda78 elementor-widget elementor-widget-image\" data-id=\"03fda78\" data-element_type=\"widget\" data-e-type=\"widget\" data-widget_type=\"image.default\">\n\t\t\t\t<div class=\"elementor-widget-container\">\n\t\t\t\t\t\t\t\t\t\t\t\t\t\t\t<img fetchpriority=\"high\" decoding=\"async\" width=\"800\" height=\"355\" src=\"https:\/\/www.unimedia.tech\/wp-content\/uploads\/2023\/11\/Out_Of_Home_Masters.jpg\" class=\"attachment-large size-large wp-image-13200\" alt=\"\" srcset=\"https:\/\/www.unimedia.tech\/wp-content\/uploads\/2023\/11\/Out_Of_Home_Masters.jpg 944w, https:\/\/www.unimedia.tech\/wp-content\/uploads\/2023\/11\/Out_Of_Home_Masters-300x133.jpg 300w, https:\/\/www.unimedia.tech\/wp-content\/uploads\/2023\/11\/Out_Of_Home_Masters-768x341.jpg 768w\" sizes=\"(max-width: 800px) 100vw, 800px\" \/>\t\t\t\t\t\t\t\t\t\t\t\t\t\t\t<\/div>\n\t\t\t\t<\/div>\n\t\t\t\t<div class=\"elementor-element elementor-element-a6ffe07 elementor-widget elementor-widget-heading\" data-id=\"a6ffe07\" data-element_type=\"widget\" data-e-type=\"widget\" data-widget_type=\"heading.default\">\n\t\t\t\t<div class=\"elementor-widget-container\">\n\t\t\t\t\t<h2 class=\"elementor-heading-title elementor-size-default\">Media<\/h2>\t\t\t\t<\/div>\n\t\t\t\t<\/div>\n\t\t\t\t<div class=\"elementor-element elementor-element-9e2f2c8 elementor-widget elementor-widget-text-editor\" data-id=\"9e2f2c8\" data-element_type=\"widget\" data-e-type=\"widget\" data-widget_type=\"text-editor.default\">\n\t\t\t\t<div class=\"elementor-widget-container\">\n\t\t\t\t\t\t\t\t\t<p>Desarrollamos un <b>sistema robusto en AWS<\/b> que procesa y <b>visualiza el rendimiento de las campa\u00f1as<\/b> publicitarias en tiempo real, optimizando la toma de decisiones del cliente.<\/p>\t\t\t\t\t\t\t\t<\/div>\n\t\t\t\t<\/div>\n\t\t\t\t<div class=\"elementor-element elementor-element-85fbb37 elementor-align-right elementor-widget elementor-widget-button\" data-id=\"85fbb37\" data-element_type=\"widget\" data-e-type=\"widget\" data-widget_type=\"button.default\">\n\t\t\t\t<div class=\"elementor-widget-container\">\n\t\t\t\t\t\t\t\t\t<div class=\"elementor-button-wrapper\">\n\t\t\t\t\t<a class=\"elementor-button elementor-button-link elementor-size-sm elementor-animation-shrink\" href=\"https:\/\/www.unimedia.tech\/es\/case-study\/desarrollo-web-para-empresa-de-publicidad-digital\/\">\n\t\t\t\t\t\t<span class=\"elementor-button-content-wrapper\">\n\t\t\t\t\t\t\t\t\t<span class=\"elementor-button-text\">M\u00e1s detalles<\/span>\n\t\t\t\t\t<\/span>\n\t\t\t\t\t<\/a>\n\t\t\t\t<\/div>\n\t\t\t\t\t\t\t\t<\/div>\n\t\t\t\t<\/div>\n\t\t\t\t\t<\/div>\n\t\t<\/div>\n\t\t\t\t<div class=\"elementor-column elementor-col-50 elementor-top-column elementor-element elementor-element-1d88f00\" data-id=\"1d88f00\" data-element_type=\"column\" data-e-type=\"column\">\n\t\t\t<div class=\"elementor-widget-wrap elementor-element-populated\">\n\t\t\t\t\t\t<div class=\"elementor-element elementor-element-c47602b elementor-widget elementor-widget-text-editor\" data-id=\"c47602b\" data-element_type=\"widget\" data-e-type=\"widget\" data-widget_type=\"text-editor.default\">\n\t\t\t\t<div class=\"elementor-widget-container\">\n\t\t\t\t\t\t\t\t\t<p><strong>Idea principal:\u00a0<\/strong>Desarrollamos un sistema en tiempo real para que los clientes puedan visualizar el rendimiento de sus campa\u00f1as publicitarias de forma precisa.<\/p><p><strong>Problem\u00e1tica:\u00a0<\/strong>El cliente necesitaba una soluci\u00f3n que procesara miles de eventos por segundo sin p\u00e9rdida de datos, y que adem\u00e1s permitiera una escalabilidad r\u00e1pida para adaptarse a la demanda.<\/p><p><strong>Desarrollo:\u00a0<\/strong>Unimedia se encarg\u00f3 de la arquitectura completa, desde el dise\u00f1o hasta la implementaci\u00f3n, utilizando AWS, ElasticSearch y Angular. El equipo construy\u00f3 un dashboard avanzado para monitorizar las campa\u00f1as publicitarias en tiempo real.<\/p><p><strong>Producto final:\u00a0<\/strong>Se entreg\u00f3 una soluci\u00f3n escalable con un dashboard en tiempo real, permitiendo al cliente mejorar sus campa\u00f1as con datos precisos y de f\u00e1cil acceso.<\/p>\t\t\t\t\t\t\t\t<\/div>\n\t\t\t\t<\/div>\n\t\t\t\t\t<\/div>\n\t\t<\/div>\n\t\t\t\t\t<\/div>\n\t\t<\/section>\n\t\t\t\t<section class=\"elementor-section elementor-top-section elementor-element elementor-element-9f6e7a5 elementor-section-content-middle elementor-section-boxed elementor-section-height-default elementor-section-height-default\" data-id=\"9f6e7a5\" data-element_type=\"section\" data-e-type=\"section\">\n\t\t\t\t\t\t<div class=\"elementor-container elementor-column-gap-default\">\n\t\t\t\t\t<div class=\"elementor-column elementor-col-50 elementor-top-column elementor-element elementor-element-318e63b\" data-id=\"318e63b\" data-element_type=\"column\" data-e-type=\"column\">\n\t\t\t<div class=\"elementor-widget-wrap elementor-element-populated\">\n\t\t\t\t\t\t<div class=\"elementor-element elementor-element-71ce6bb elementor-widget elementor-widget-text-editor\" data-id=\"71ce6bb\" data-element_type=\"widget\" data-e-type=\"widget\" data-widget_type=\"text-editor.default\">\n\t\t\t\t<div class=\"elementor-widget-container\">\n\t\t\t\t\t\t\t\t\t<p><strong>Caso de uso y detalles econ\u00f3micos:<\/strong><br \/>Este proyecto permiti\u00f3 a Out of Home Masters optimizar sus campa\u00f1as publicitarias en tiempo real, aumentando la eficiencia y reduciendo los costes operativos en m\u00e1s del 20%.<\/p>\t\t\t\t\t\t\t\t<\/div>\n\t\t\t\t<\/div>\n\t\t\t\t<div class=\"elementor-element elementor-element-1ba64eb elementor-align-left elementor-widget elementor-widget-button\" data-id=\"1ba64eb\" data-element_type=\"widget\" data-e-type=\"widget\" data-widget_type=\"button.default\">\n\t\t\t\t<div class=\"elementor-widget-container\">\n\t\t\t\t\t\t\t\t\t<div class=\"elementor-button-wrapper\">\n\t\t\t\t\t<a class=\"elementor-button elementor-button-link elementor-size-sm elementor-animation-shrink\" href=\"#elementor-action%3Aaction%3Dpopup%3Aopen%26settings%3DeyJpZCI6MjgwMCwidG9nZ2xlIjpmYWxzZX0%3D\">\n\t\t\t\t\t\t<span class=\"elementor-button-content-wrapper\">\n\t\t\t\t\t\t\t\t\t<span class=\"elementor-button-text\">Empieza ahora tu historia de \u00e9xito<\/span>\n\t\t\t\t\t<\/span>\n\t\t\t\t\t<\/a>\n\t\t\t\t<\/div>\n\t\t\t\t\t\t\t\t<\/div>\n\t\t\t\t<\/div>\n\t\t\t\t\t<\/div>\n\t\t<\/div>\n\t\t\t\t<div class=\"elementor-column elementor-col-50 elementor-top-column elementor-element elementor-element-22de149\" data-id=\"22de149\" data-element_type=\"column\" data-e-type=\"column\">\n\t\t\t<div class=\"elementor-widget-wrap elementor-element-populated\">\n\t\t\t\t\t\t<div class=\"elementor-element elementor-element-6e5c42a elementor-widget elementor-widget-image\" data-id=\"6e5c42a\" data-element_type=\"widget\" data-e-type=\"widget\" data-widget_type=\"image.default\">\n\t\t\t\t<div class=\"elementor-widget-container\">\n\t\t\t\t\t\t\t\t\t\t\t\t\t\t\t<img decoding=\"async\" width=\"800\" height=\"505\" src=\"https:\/\/www.unimedia.tech\/wp-content\/uploads\/2023\/11\/OOH.png\" class=\"attachment-full size-full wp-image-2342\" alt=\"\" srcset=\"https:\/\/www.unimedia.tech\/wp-content\/uploads\/2023\/11\/OOH.png 800w, https:\/\/www.unimedia.tech\/wp-content\/uploads\/2023\/11\/OOH-300x189.png 300w, https:\/\/www.unimedia.tech\/wp-content\/uploads\/2023\/11\/OOH-768x485.png 768w\" sizes=\"(max-width: 800px) 100vw, 800px\" \/>\t\t\t\t\t\t\t\t\t\t\t\t\t\t\t<\/div>\n\t\t\t\t<\/div>\n\t\t\t\t\t<\/div>\n\t\t<\/div>\n\t\t\t\t\t<\/div>\n\t\t<\/section>\n\t\t\t\t<section class=\"elementor-section elementor-top-section elementor-element elementor-element-a39f3c8 elementor-section-boxed elementor-section-height-default elementor-section-height-default\" data-id=\"a39f3c8\" data-element_type=\"section\" data-e-type=\"section\">\n\t\t\t\t\t\t<div class=\"elementor-container elementor-column-gap-default\">\n\t\t\t\t\t<div class=\"elementor-column elementor-col-100 elementor-top-column elementor-element elementor-element-ba17161\" data-id=\"ba17161\" data-element_type=\"column\" data-e-type=\"column\">\n\t\t\t<div class=\"elementor-widget-wrap elementor-element-populated\">\n\t\t\t\t\t\t<div class=\"elementor-element elementor-element-6dd128e elementor-align-center elementor-widget elementor-widget-button\" data-id=\"6dd128e\" data-element_type=\"widget\" data-e-type=\"widget\" data-widget_type=\"button.default\">\n\t\t\t\t<div class=\"elementor-widget-container\">\n\t\t\t\t\t\t\t\t\t<div class=\"elementor-button-wrapper\">\n\t\t\t\t\t<a class=\"elementor-button elementor-button-link elementor-size-sm elementor-animation-shrink\" href=\"https:\/\/www.unimedia.tech\/es\/landing-casos-de-exito\/\">\n\t\t\t\t\t\t<span class=\"elementor-button-content-wrapper\">\n\t\t\t\t\t\t\t\t\t<span class=\"elementor-button-text\">Ver todos<\/span>\n\t\t\t\t\t<\/span>\n\t\t\t\t\t<\/a>\n\t\t\t\t<\/div>\n\t\t\t\t\t\t\t\t<\/div>\n\t\t\t\t<\/div>\n\t\t\t\t\t<\/div>\n\t\t<\/div>\n\t\t\t\t\t<\/div>\n\t\t<\/section>\n\t\t\t\t<\/div>\n\t\t","protected":false},"excerpt":{"rendered":"<p>Media Desarrollamos un sistema robusto en AWS que procesa y visualiza el rendimiento de las campa\u00f1as publicitarias en tiempo real, optimizando la toma de decisiones del cliente. M\u00e1s detalles Idea principal:\u00a0Desarrollamos un sistema en tiempo real para que los clientes puedan visualizar el rendimiento de sus campa\u00f1as publicitarias de forma precisa. Problem\u00e1tica:\u00a0El cliente necesitaba una [&hellip;]<\/p>\n","protected":false},"author":4,"featured_media":0,"parent":13237,"menu_order":0,"comment_status":"closed","ping_status":"closed","template":"elementor_header_footer","meta":{"_acf_changed":false,"footnotes":""},"class_list":["post-13291","page","type-page","status-publish","hentry"],"acf":[],"yoast_head":"<!-- This site is optimized with the Yoast SEO Premium plugin v21.6 (Yoast SEO v27.1.1) - https:\/\/yoast.com\/product\/yoast-seo-premium-wordpress\/ -->\n<title>Out of Home Masters\u200b - Unimedia Technology<\/title>\n<meta name=\"robots\" content=\"index, follow, max-snippet:-1, max-image-preview:large, max-video-preview:-1\" \/>\n<link rel=\"canonical\" href=\"https:\/\/www.unimedia.tech\/es\/landing-casos-de-exito\/out-of-home-masters\/\" \/>\n<meta property=\"og:locale\" content=\"es_ES\" \/>\n<meta property=\"og:type\" content=\"article\" \/>\n<meta property=\"og:title\" content=\"Out of Home Masters\u200b\" \/>\n<meta property=\"og:description\" content=\"Media Desarrollamos un sistema robusto en AWS que procesa y visualiza el rendimiento de las campa\u00f1as publicitarias en tiempo real, optimizando la toma de decisiones del cliente. M\u00e1s detalles Idea principal:\u00a0Desarrollamos un sistema en tiempo real para que los clientes puedan visualizar el rendimiento de sus campa\u00f1as publicitarias de forma precisa. Problem\u00e1tica:\u00a0El cliente necesitaba una [&hellip;]\" \/>\n<meta property=\"og:url\" content=\"https:\/\/www.unimedia.tech\/es\/landing-casos-de-exito\/out-of-home-masters\/\" \/>\n<meta property=\"og:site_name\" content=\"Unimedia Technology\" \/>\n<meta property=\"article:publisher\" content=\"https:\/\/www.linkedin.com\/company\/unimedia-technology\/\" \/>\n<meta property=\"article:modified_time\" content=\"2024-10-17T08:46:43+00:00\" \/>\n<meta property=\"og:image\" content=\"https:\/\/www.unimedia.tech\/wp-content\/uploads\/2023\/11\/Out_Of_Home_Masters.jpg\" \/>\n\t<meta property=\"og:image:width\" content=\"944\" \/>\n\t<meta property=\"og:image:height\" content=\"419\" \/>\n\t<meta property=\"og:image:type\" content=\"image\/jpeg\" \/>\n<meta name=\"twitter:card\" content=\"summary_large_image\" \/>\n<meta name=\"twitter:site\" content=\"@UnimediaCTO\" \/>\n<meta name=\"twitter:label1\" content=\"Tiempo de lectura\" \/>\n\t<meta name=\"twitter:data1\" content=\"2 minutos\" \/>\n<!-- \/ Yoast SEO Premium plugin. -->","yoast_head_json":{"title":"Out of Home Masters\u200b - Unimedia Technology","robots":{"index":"index","follow":"follow","max-snippet":"max-snippet:-1","max-image-preview":"max-image-preview:large","max-video-preview":"max-video-preview:-1"},"canonical":"https:\/\/www.unimedia.tech\/es\/landing-casos-de-exito\/out-of-home-masters\/","og_locale":"es_ES","og_type":"article","og_title":"Out of Home Masters\u200b","og_description":"Media Desarrollamos un sistema robusto en AWS que procesa y visualiza el rendimiento de las campa\u00f1as publicitarias en tiempo real, optimizando la toma de decisiones del cliente. M\u00e1s detalles Idea principal:\u00a0Desarrollamos un sistema en tiempo real para que los clientes puedan visualizar el rendimiento de sus campa\u00f1as publicitarias de forma precisa. Problem\u00e1tica:\u00a0El cliente necesitaba una [&hellip;]","og_url":"https:\/\/www.unimedia.tech\/es\/landing-casos-de-exito\/out-of-home-masters\/","og_site_name":"Unimedia Technology","article_publisher":"https:\/\/www.linkedin.com\/company\/unimedia-technology\/","article_modified_time":"2024-10-17T08:46:43+00:00","og_image":[{"width":944,"height":419,"url":"https:\/\/www.unimedia.tech\/wp-content\/uploads\/2023\/11\/Out_Of_Home_Masters.jpg","type":"image\/jpeg"}],"twitter_card":"summary_large_image","twitter_site":"@UnimediaCTO","twitter_misc":{"Tiempo de lectura":"2 minutos"},"schema":{"@context":"https:\/\/schema.org","@graph":[{"@type":"WebPage","@id":"https:\/\/www.unimedia.tech\/es\/landing-casos-de-exito\/out-of-home-masters\/","url":"https:\/\/www.unimedia.tech\/es\/landing-casos-de-exito\/out-of-home-masters\/","name":"Out of Home Masters\u200b - Unimedia Technology","isPartOf":{"@id":"https:\/\/www.unimedia.tech\/es\/#website"},"primaryImageOfPage":{"@id":"https:\/\/www.unimedia.tech\/es\/landing-casos-de-exito\/out-of-home-masters\/#primaryimage"},"image":{"@id":"https:\/\/www.unimedia.tech\/es\/landing-casos-de-exito\/out-of-home-masters\/#primaryimage"},"thumbnailUrl":"https:\/\/www.unimedia.tech\/wp-content\/uploads\/2023\/11\/Out_Of_Home_Masters.jpg","datePublished":"2024-10-14T12:31:43+00:00","dateModified":"2024-10-17T08:46:43+00:00","breadcrumb":{"@id":"https:\/\/www.unimedia.tech\/es\/landing-casos-de-exito\/out-of-home-masters\/#breadcrumb"},"inLanguage":"es","potentialAction":[{"@type":"ReadAction","target":["https:\/\/www.unimedia.tech\/es\/landing-casos-de-exito\/out-of-home-masters\/"]}]},{"@type":"ImageObject","inLanguage":"es","@id":"https:\/\/www.unimedia.tech\/es\/landing-casos-de-exito\/out-of-home-masters\/#primaryimage","url":"https:\/\/www.unimedia.tech\/wp-content\/uploads\/2023\/11\/Out_Of_Home_Masters.jpg","contentUrl":"https:\/\/www.unimedia.tech\/wp-content\/uploads\/2023\/11\/Out_Of_Home_Masters.jpg"},{"@type":"BreadcrumbList","@id":"https:\/\/www.unimedia.tech\/es\/landing-casos-de-exito\/out-of-home-masters\/#breadcrumb","itemListElement":[{"@type":"ListItem","position":1,"name":"Home","item":"https:\/\/www.unimedia.tech\/es\/"},{"@type":"ListItem","position":2,"name":"Landing Casos de Exito","item":"https:\/\/www.unimedia.tech\/es\/landing-casos-de-exito\/"},{"@type":"ListItem","position":3,"name":"Out of Home Masters\u200b"}]},{"@type":"WebSite","@id":"https:\/\/www.unimedia.tech\/es\/#website","url":"https:\/\/www.unimedia.tech\/es\/","name":"Unimedia Technology","description":"Your software development partner","publisher":{"@id":"https:\/\/www.unimedia.tech\/es\/#organization"},"alternateName":"Unimedia Tech","potentialAction":[{"@type":"SearchAction","target":{"@type":"EntryPoint","urlTemplate":"https:\/\/www.unimedia.tech\/es\/?s={search_term_string}"},"query-input":{"@type":"PropertyValueSpecification","valueRequired":true,"valueName":"search_term_string"}}],"inLanguage":"es"},{"@type":"Organization","@id":"https:\/\/www.unimedia.tech\/es\/#organization","name":"Unimedia Technology","alternateName":"Unimedia Tech","url":"https:\/\/www.unimedia.tech\/es\/","logo":{"@type":"ImageObject","inLanguage":"es","@id":"https:\/\/www.unimedia.tech\/es\/#\/schema\/logo\/image\/","url":"https:\/\/www.unimedia.tech\/wp-content\/uploads\/2023\/12\/cloud_border-3.png","contentUrl":"https:\/\/www.unimedia.tech\/wp-content\/uploads\/2023\/12\/cloud_border-3.png","width":403,"height":309,"caption":"Unimedia Technology"},"image":{"@id":"https:\/\/www.unimedia.tech\/es\/#\/schema\/logo\/image\/"},"sameAs":["https:\/\/www.linkedin.com\/company\/unimedia-technology\/","https:\/\/x.com\/UnimediaCTO","https:\/\/www.instagram.com\/unimedia.technology\/"]}]}},"_links":{"self":[{"href":"https:\/\/www.unimedia.tech\/es\/wp-json\/wp\/v2\/pages\/13291","targetHints":{"allow":["GET"]}}],"collection":[{"href":"https:\/\/www.unimedia.tech\/es\/wp-json\/wp\/v2\/pages"}],"about":[{"href":"https:\/\/www.unimedia.tech\/es\/wp-json\/wp\/v2\/types\/page"}],"author":[{"embeddable":true,"href":"https:\/\/www.unimedia.tech\/es\/wp-json\/wp\/v2\/users\/4"}],"replies":[{"embeddable":true,"href":"https:\/\/www.unimedia.tech\/es\/wp-json\/wp\/v2\/comments?post=13291"}],"version-history":[{"count":0,"href":"https:\/\/www.unimedia.tech\/es\/wp-json\/wp\/v2\/pages\/13291\/revisions"}],"up":[{"embeddable":true,"href":"https:\/\/www.unimedia.tech\/es\/wp-json\/wp\/v2\/pages\/13237"}],"wp:attachment":[{"href":"https:\/\/www.unimedia.tech\/es\/wp-json\/wp\/v2\/media?parent=13291"}],"curies":[{"name":"wp","href":"https:\/\/api.w.org\/{rel}","templated":true}]}}