{"id":13298,"date":"2024-10-14T14:35:02","date_gmt":"2024-10-14T12:35:02","guid":{"rendered":"https:\/\/www.unimedia.tech\/?page_id=13298"},"modified":"2024-10-17T10:48:40","modified_gmt":"2024-10-17T08:48:40","slug":"zellar","status":"publish","type":"page","link":"https:\/\/www.unimedia.tech\/es\/landing-casos-de-exito\/zellar\/","title":{"rendered":"Zellar"},"content":{"rendered":"\t\t<div data-elementor-type=\"wp-page\" data-elementor-id=\"13298\" class=\"elementor elementor-13298\" data-elementor-post-type=\"page\">\n\t\t\t\t\t\t<section class=\"elementor-section elementor-top-section elementor-element elementor-element-d4110a4 elementor-section-content-middle elementor-section-boxed elementor-section-height-default elementor-section-height-default\" data-id=\"d4110a4\" data-element_type=\"section\" data-e-type=\"section\" data-settings=\"{&quot;background_background&quot;:&quot;classic&quot;}\">\n\t\t\t\t\t\t<div class=\"elementor-container elementor-column-gap-default\">\n\t\t\t\t\t<div class=\"elementor-column elementor-col-50 elementor-top-column elementor-element elementor-element-2193a5b\" data-id=\"2193a5b\" data-element_type=\"column\" data-e-type=\"column\">\n\t\t\t<div class=\"elementor-widget-wrap elementor-element-populated\">\n\t\t\t\t\t\t<div class=\"elementor-element elementor-element-0936856 elementor-widget elementor-widget-image\" data-id=\"0936856\" data-element_type=\"widget\" data-e-type=\"widget\" data-widget_type=\"image.default\">\n\t\t\t\t<div class=\"elementor-widget-container\">\n\t\t\t\t\t\t\t\t\t\t\t\t\t\t\t<img fetchpriority=\"high\" decoding=\"async\" width=\"600\" height=\"250\" src=\"https:\/\/www.unimedia.tech\/wp-content\/uploads\/2023\/10\/zellar.png\" class=\"attachment-large size-large wp-image-2081\" alt=\"\" srcset=\"https:\/\/www.unimedia.tech\/wp-content\/uploads\/2023\/10\/zellar.png 600w, https:\/\/www.unimedia.tech\/wp-content\/uploads\/2023\/10\/zellar-300x125.png 300w\" sizes=\"(max-width: 600px) 100vw, 600px\" \/>\t\t\t\t\t\t\t\t\t\t\t\t\t\t\t<\/div>\n\t\t\t\t<\/div>\n\t\t\t\t<div class=\"elementor-element elementor-element-de760ec elementor-widget elementor-widget-heading\" data-id=\"de760ec\" data-element_type=\"widget\" data-e-type=\"widget\" data-widget_type=\"heading.default\">\n\t\t\t\t<div class=\"elementor-widget-container\">\n\t\t\t\t\t<h2 class=\"elementor-heading-title elementor-size-default\">GreenTech<\/h2>\t\t\t\t<\/div>\n\t\t\t\t<\/div>\n\t\t\t\t<div class=\"elementor-element elementor-element-c15e0f0 elementor-widget elementor-widget-text-editor\" data-id=\"c15e0f0\" data-element_type=\"widget\" data-e-type=\"widget\" data-widget_type=\"text-editor.default\">\n\t\t\t\t<div class=\"elementor-widget-container\">\n\t\t\t\t\t\t\t\t\t<p>Tomamos el control del desarrollo de una plataforma de sostenibilidad, ofreciendo una soluci\u00f3n \u00e1gil y completa que desbloque\u00f3 su potencial de lanzamiento en un tiempo r\u00e9cord.<\/p>\t\t\t\t\t\t\t\t<\/div>\n\t\t\t\t<\/div>\n\t\t\t\t<div class=\"elementor-element elementor-element-ce2b03a elementor-align-right elementor-widget elementor-widget-button\" data-id=\"ce2b03a\" data-element_type=\"widget\" data-e-type=\"widget\" data-widget_type=\"button.default\">\n\t\t\t\t<div class=\"elementor-widget-container\">\n\t\t\t\t\t\t\t\t\t<div class=\"elementor-button-wrapper\">\n\t\t\t\t\t<a class=\"elementor-button elementor-button-link elementor-size-sm elementor-animation-shrink\" href=\"https:\/\/www.unimedia.tech\/es\/case-study\/servicios-de-desarrollo-para-una-empresa-greentech\/\">\n\t\t\t\t\t\t<span class=\"elementor-button-content-wrapper\">\n\t\t\t\t\t\t\t\t\t<span class=\"elementor-button-text\">M\u00e1s detalles<\/span>\n\t\t\t\t\t<\/span>\n\t\t\t\t\t<\/a>\n\t\t\t\t<\/div>\n\t\t\t\t\t\t\t\t<\/div>\n\t\t\t\t<\/div>\n\t\t\t\t\t<\/div>\n\t\t<\/div>\n\t\t\t\t<div class=\"elementor-column elementor-col-50 elementor-top-column elementor-element elementor-element-e4346fd\" data-id=\"e4346fd\" data-element_type=\"column\" data-e-type=\"column\">\n\t\t\t<div class=\"elementor-widget-wrap elementor-element-populated\">\n\t\t\t\t\t\t<div class=\"elementor-element elementor-element-abe04d0 elementor-widget elementor-widget-text-editor\" data-id=\"abe04d0\" data-element_type=\"widget\" data-e-type=\"widget\" data-widget_type=\"text-editor.default\">\n\t\t\t\t<div class=\"elementor-widget-container\">\n\t\t\t\t\t\t\t\t\t<p><strong>Idea principal:\u00a0<\/strong>Transformamos una plataforma de sostenibilidad en menos de 9 meses, permitiendo a Zellar lanzar su producto tras a\u00f1os de retrasos.<\/p><p><strong>Problem\u00e1tica:\u00a0<\/strong>Zellar llevaba dos a\u00f1os sin poder desarrollar un producto viable, lo que amenazaba su capacidad de llegar al mercado en el tiempo necesario.<\/p><p><strong>Desarrollo:\u00a0<\/strong>Unimedia implement\u00f3 un entorno de desarrollo \u00e1gil y colaborativo, utilizando tecnolog\u00edas como React, C# y Azure, entregando sprints semanales con validaci\u00f3n continua del cliente.<\/p><p><strong>Producto final:\u00a0<\/strong>Una plataforma de sostenibilidad robusta que permiti\u00f3 a Zellar lanzar su producto a tiempo, con un flujo de trabajo \u00e1gil y eficiente.<\/p>\t\t\t\t\t\t\t\t<\/div>\n\t\t\t\t<\/div>\n\t\t\t\t\t<\/div>\n\t\t<\/div>\n\t\t\t\t\t<\/div>\n\t\t<\/section>\n\t\t\t\t<section class=\"elementor-section elementor-top-section elementor-element elementor-element-ab4ccff elementor-section-content-middle elementor-section-boxed elementor-section-height-default elementor-section-height-default\" data-id=\"ab4ccff\" data-element_type=\"section\" data-e-type=\"section\">\n\t\t\t\t\t\t<div class=\"elementor-container elementor-column-gap-default\">\n\t\t\t\t\t<div class=\"elementor-column elementor-col-50 elementor-top-column elementor-element elementor-element-be6a75d\" data-id=\"be6a75d\" data-element_type=\"column\" data-e-type=\"column\">\n\t\t\t<div class=\"elementor-widget-wrap elementor-element-populated\">\n\t\t\t\t\t\t<div class=\"elementor-element elementor-element-b1e1234 elementor-widget elementor-widget-text-editor\" data-id=\"b1e1234\" data-element_type=\"widget\" data-e-type=\"widget\" data-widget_type=\"text-editor.default\">\n\t\t\t\t<div class=\"elementor-widget-container\">\n\t\t\t\t\t\t\t\t\t<p><strong>Caso de uso y detalles econ\u00f3micos:<\/strong><\/p><p>El desarrollo eficiente permiti\u00f3 a Zellar ahorrar aproximadamente un 25% en costos de desarrollo, adem\u00e1s de reducir el tiempo de lanzamiento en m\u00e1s de 50%.<\/p>\t\t\t\t\t\t\t\t<\/div>\n\t\t\t\t<\/div>\n\t\t\t\t<div class=\"elementor-element elementor-element-4f66328 elementor-align-left elementor-widget elementor-widget-button\" data-id=\"4f66328\" data-element_type=\"widget\" data-e-type=\"widget\" data-widget_type=\"button.default\">\n\t\t\t\t<div class=\"elementor-widget-container\">\n\t\t\t\t\t\t\t\t\t<div class=\"elementor-button-wrapper\">\n\t\t\t\t\t<a class=\"elementor-button elementor-button-link elementor-size-sm elementor-animation-shrink\" href=\"#elementor-action%3Aaction%3Dpopup%3Aopen%26settings%3DeyJpZCI6MjgwMCwidG9nZ2xlIjpmYWxzZX0%3D\">\n\t\t\t\t\t\t<span class=\"elementor-button-content-wrapper\">\n\t\t\t\t\t\t\t\t\t<span class=\"elementor-button-text\">Empieza ahora tu historia de \u00e9xito<\/span>\n\t\t\t\t\t<\/span>\n\t\t\t\t\t<\/a>\n\t\t\t\t<\/div>\n\t\t\t\t\t\t\t\t<\/div>\n\t\t\t\t<\/div>\n\t\t\t\t\t<\/div>\n\t\t<\/div>\n\t\t\t\t<div class=\"elementor-column elementor-col-50 elementor-top-column elementor-element elementor-element-8ae7fee\" data-id=\"8ae7fee\" data-element_type=\"column\" data-e-type=\"column\">\n\t\t\t<div class=\"elementor-widget-wrap elementor-element-populated\">\n\t\t\t\t\t\t<div class=\"elementor-element elementor-element-c049c00 elementor-widget elementor-widget-image\" data-id=\"c049c00\" data-element_type=\"widget\" data-e-type=\"widget\" data-widget_type=\"image.default\">\n\t\t\t\t<div class=\"elementor-widget-container\">\n\t\t\t\t\t\t\t\t\t\t\t\t\t\t\t<img decoding=\"async\" width=\"556\" height=\"311\" src=\"https:\/\/www.unimedia.tech\/wp-content\/uploads\/2023\/11\/zellar-1.png\" class=\"attachment-full size-full wp-image-2333\" alt=\"\" srcset=\"https:\/\/www.unimedia.tech\/wp-content\/uploads\/2023\/11\/zellar-1.png 556w, https:\/\/www.unimedia.tech\/wp-content\/uploads\/2023\/11\/zellar-1-300x168.png 300w\" sizes=\"(max-width: 556px) 100vw, 556px\" \/>\t\t\t\t\t\t\t\t\t\t\t\t\t\t\t<\/div>\n\t\t\t\t<\/div>\n\t\t\t\t\t<\/div>\n\t\t<\/div>\n\t\t\t\t\t<\/div>\n\t\t<\/section>\n\t\t\t\t<section class=\"elementor-section elementor-top-section elementor-element elementor-element-30f8984 elementor-section-boxed elementor-section-height-default elementor-section-height-default\" data-id=\"30f8984\" data-element_type=\"section\" data-e-type=\"section\">\n\t\t\t\t\t\t<div class=\"elementor-container elementor-column-gap-default\">\n\t\t\t\t\t<div class=\"elementor-column elementor-col-100 elementor-top-column elementor-element elementor-element-bd5142a\" data-id=\"bd5142a\" data-element_type=\"column\" data-e-type=\"column\">\n\t\t\t<div class=\"elementor-widget-wrap elementor-element-populated\">\n\t\t\t\t\t\t<div class=\"elementor-element elementor-element-6ef2abc elementor-align-center elementor-widget elementor-widget-button\" data-id=\"6ef2abc\" data-element_type=\"widget\" data-e-type=\"widget\" data-widget_type=\"button.default\">\n\t\t\t\t<div class=\"elementor-widget-container\">\n\t\t\t\t\t\t\t\t\t<div class=\"elementor-button-wrapper\">\n\t\t\t\t\t<a class=\"elementor-button elementor-button-link elementor-size-sm elementor-animation-shrink\" href=\"https:\/\/www.unimedia.tech\/es\/landing-casos-de-exito\/\">\n\t\t\t\t\t\t<span class=\"elementor-button-content-wrapper\">\n\t\t\t\t\t\t\t\t\t<span class=\"elementor-button-text\">Ver todos<\/span>\n\t\t\t\t\t<\/span>\n\t\t\t\t\t<\/a>\n\t\t\t\t<\/div>\n\t\t\t\t\t\t\t\t<\/div>\n\t\t\t\t<\/div>\n\t\t\t\t\t<\/div>\n\t\t<\/div>\n\t\t\t\t\t<\/div>\n\t\t<\/section>\n\t\t\t\t<\/div>\n\t\t","protected":false},"excerpt":{"rendered":"<p>GreenTech Tomamos el control del desarrollo de una plataforma de sostenibilidad, ofreciendo una soluci\u00f3n \u00e1gil y completa que desbloque\u00f3 su potencial de lanzamiento en un tiempo r\u00e9cord. M\u00e1s detalles Idea principal:\u00a0Transformamos una plataforma de sostenibilidad en menos de 9 meses, permitiendo a Zellar lanzar su producto tras a\u00f1os de retrasos. Problem\u00e1tica:\u00a0Zellar llevaba dos a\u00f1os sin [&hellip;]<\/p>\n","protected":false},"author":4,"featured_media":0,"parent":13237,"menu_order":0,"comment_status":"closed","ping_status":"closed","template":"elementor_header_footer","meta":{"_acf_changed":false,"footnotes":""},"class_list":["post-13298","page","type-page","status-publish","hentry"],"acf":[],"yoast_head":"<!-- This site is optimized with the Yoast SEO Premium plugin v21.6 (Yoast SEO v27.1.1) - https:\/\/yoast.com\/product\/yoast-seo-premium-wordpress\/ -->\n<title>Zellar - Unimedia Technology<\/title>\n<meta name=\"robots\" content=\"index, follow, max-snippet:-1, max-image-preview:large, max-video-preview:-1\" \/>\n<link rel=\"canonical\" href=\"https:\/\/www.unimedia.tech\/es\/landing-casos-de-exito\/zellar\/\" \/>\n<meta property=\"og:locale\" content=\"es_ES\" \/>\n<meta property=\"og:type\" content=\"article\" \/>\n<meta property=\"og:title\" content=\"Zellar\" \/>\n<meta property=\"og:description\" content=\"GreenTech Tomamos el control del desarrollo de una plataforma de sostenibilidad, ofreciendo una soluci\u00f3n \u00e1gil y completa que desbloque\u00f3 su potencial de lanzamiento en un tiempo r\u00e9cord. M\u00e1s detalles Idea principal:\u00a0Transformamos una plataforma de sostenibilidad en menos de 9 meses, permitiendo a Zellar lanzar su producto tras a\u00f1os de retrasos. Problem\u00e1tica:\u00a0Zellar llevaba dos a\u00f1os sin [&hellip;]\" \/>\n<meta property=\"og:url\" content=\"https:\/\/www.unimedia.tech\/es\/landing-casos-de-exito\/zellar\/\" \/>\n<meta property=\"og:site_name\" content=\"Unimedia Technology\" \/>\n<meta property=\"article:publisher\" content=\"https:\/\/www.linkedin.com\/company\/unimedia-technology\/\" \/>\n<meta property=\"article:modified_time\" content=\"2024-10-17T08:48:40+00:00\" \/>\n<meta property=\"og:image\" content=\"https:\/\/www.unimedia.tech\/wp-content\/uploads\/2023\/10\/zellar.png\" \/>\n\t<meta property=\"og:image:width\" content=\"600\" \/>\n\t<meta property=\"og:image:height\" content=\"250\" \/>\n\t<meta property=\"og:image:type\" content=\"image\/png\" \/>\n<meta name=\"twitter:card\" content=\"summary_large_image\" \/>\n<meta name=\"twitter:site\" content=\"@UnimediaCTO\" \/>\n<meta name=\"twitter:label1\" content=\"Tiempo de lectura\" \/>\n\t<meta name=\"twitter:data1\" content=\"2 minutos\" \/>\n<!-- \/ Yoast SEO Premium plugin. -->","yoast_head_json":{"title":"Zellar - Unimedia Technology","robots":{"index":"index","follow":"follow","max-snippet":"max-snippet:-1","max-image-preview":"max-image-preview:large","max-video-preview":"max-video-preview:-1"},"canonical":"https:\/\/www.unimedia.tech\/es\/landing-casos-de-exito\/zellar\/","og_locale":"es_ES","og_type":"article","og_title":"Zellar","og_description":"GreenTech Tomamos el control del desarrollo de una plataforma de sostenibilidad, ofreciendo una soluci\u00f3n \u00e1gil y completa que desbloque\u00f3 su potencial de lanzamiento en un tiempo r\u00e9cord. M\u00e1s detalles Idea principal:\u00a0Transformamos una plataforma de sostenibilidad en menos de 9 meses, permitiendo a Zellar lanzar su producto tras a\u00f1os de retrasos. Problem\u00e1tica:\u00a0Zellar llevaba dos a\u00f1os sin [&hellip;]","og_url":"https:\/\/www.unimedia.tech\/es\/landing-casos-de-exito\/zellar\/","og_site_name":"Unimedia Technology","article_publisher":"https:\/\/www.linkedin.com\/company\/unimedia-technology\/","article_modified_time":"2024-10-17T08:48:40+00:00","og_image":[{"width":600,"height":250,"url":"https:\/\/www.unimedia.tech\/wp-content\/uploads\/2023\/10\/zellar.png","type":"image\/png"}],"twitter_card":"summary_large_image","twitter_site":"@UnimediaCTO","twitter_misc":{"Tiempo de lectura":"2 minutos"},"schema":{"@context":"https:\/\/schema.org","@graph":[{"@type":"WebPage","@id":"https:\/\/www.unimedia.tech\/es\/landing-casos-de-exito\/zellar\/","url":"https:\/\/www.unimedia.tech\/es\/landing-casos-de-exito\/zellar\/","name":"Zellar - Unimedia Technology","isPartOf":{"@id":"https:\/\/www.unimedia.tech\/es\/#website"},"primaryImageOfPage":{"@id":"https:\/\/www.unimedia.tech\/es\/landing-casos-de-exito\/zellar\/#primaryimage"},"image":{"@id":"https:\/\/www.unimedia.tech\/es\/landing-casos-de-exito\/zellar\/#primaryimage"},"thumbnailUrl":"https:\/\/www.unimedia.tech\/wp-content\/uploads\/2023\/10\/zellar.png","datePublished":"2024-10-14T12:35:02+00:00","dateModified":"2024-10-17T08:48:40+00:00","breadcrumb":{"@id":"https:\/\/www.unimedia.tech\/es\/landing-casos-de-exito\/zellar\/#breadcrumb"},"inLanguage":"es","potentialAction":[{"@type":"ReadAction","target":["https:\/\/www.unimedia.tech\/es\/landing-casos-de-exito\/zellar\/"]}]},{"@type":"ImageObject","inLanguage":"es","@id":"https:\/\/www.unimedia.tech\/es\/landing-casos-de-exito\/zellar\/#primaryimage","url":"https:\/\/www.unimedia.tech\/wp-content\/uploads\/2023\/10\/zellar.png","contentUrl":"https:\/\/www.unimedia.tech\/wp-content\/uploads\/2023\/10\/zellar.png"},{"@type":"BreadcrumbList","@id":"https:\/\/www.unimedia.tech\/es\/landing-casos-de-exito\/zellar\/#breadcrumb","itemListElement":[{"@type":"ListItem","position":1,"name":"Home","item":"https:\/\/www.unimedia.tech\/es\/"},{"@type":"ListItem","position":2,"name":"Landing Casos de Exito","item":"https:\/\/www.unimedia.tech\/es\/landing-casos-de-exito\/"},{"@type":"ListItem","position":3,"name":"Zellar"}]},{"@type":"WebSite","@id":"https:\/\/www.unimedia.tech\/es\/#website","url":"https:\/\/www.unimedia.tech\/es\/","name":"Unimedia Technology","description":"Your software development partner","publisher":{"@id":"https:\/\/www.unimedia.tech\/es\/#organization"},"alternateName":"Unimedia Tech","potentialAction":[{"@type":"SearchAction","target":{"@type":"EntryPoint","urlTemplate":"https:\/\/www.unimedia.tech\/es\/?s={search_term_string}"},"query-input":{"@type":"PropertyValueSpecification","valueRequired":true,"valueName":"search_term_string"}}],"inLanguage":"es"},{"@type":"Organization","@id":"https:\/\/www.unimedia.tech\/es\/#organization","name":"Unimedia Technology","alternateName":"Unimedia Tech","url":"https:\/\/www.unimedia.tech\/es\/","logo":{"@type":"ImageObject","inLanguage":"es","@id":"https:\/\/www.unimedia.tech\/es\/#\/schema\/logo\/image\/","url":"https:\/\/www.unimedia.tech\/wp-content\/uploads\/2023\/12\/cloud_border-3.png","contentUrl":"https:\/\/www.unimedia.tech\/wp-content\/uploads\/2023\/12\/cloud_border-3.png","width":403,"height":309,"caption":"Unimedia Technology"},"image":{"@id":"https:\/\/www.unimedia.tech\/es\/#\/schema\/logo\/image\/"},"sameAs":["https:\/\/www.linkedin.com\/company\/unimedia-technology\/","https:\/\/x.com\/UnimediaCTO","https:\/\/www.instagram.com\/unimedia.technology\/"]}]}},"_links":{"self":[{"href":"https:\/\/www.unimedia.tech\/es\/wp-json\/wp\/v2\/pages\/13298","targetHints":{"allow":["GET"]}}],"collection":[{"href":"https:\/\/www.unimedia.tech\/es\/wp-json\/wp\/v2\/pages"}],"about":[{"href":"https:\/\/www.unimedia.tech\/es\/wp-json\/wp\/v2\/types\/page"}],"author":[{"embeddable":true,"href":"https:\/\/www.unimedia.tech\/es\/wp-json\/wp\/v2\/users\/4"}],"replies":[{"embeddable":true,"href":"https:\/\/www.unimedia.tech\/es\/wp-json\/wp\/v2\/comments?post=13298"}],"version-history":[{"count":0,"href":"https:\/\/www.unimedia.tech\/es\/wp-json\/wp\/v2\/pages\/13298\/revisions"}],"up":[{"embeddable":true,"href":"https:\/\/www.unimedia.tech\/es\/wp-json\/wp\/v2\/pages\/13237"}],"wp:attachment":[{"href":"https:\/\/www.unimedia.tech\/es\/wp-json\/wp\/v2\/media?parent=13298"}],"curies":[{"name":"wp","href":"https:\/\/api.w.org\/{rel}","templated":true}]}}