{"id":13314,"date":"2024-10-14T14:40:19","date_gmt":"2024-10-14T12:40:19","guid":{"rendered":"https:\/\/www.unimedia.tech\/?page_id=13314"},"modified":"2024-10-17T11:20:28","modified_gmt":"2024-10-17T09:20:28","slug":"message-my-customer","status":"publish","type":"page","link":"https:\/\/www.unimedia.tech\/es\/landing-casos-de-exito\/message-my-customer\/","title":{"rendered":"Message My Customer"},"content":{"rendered":"\t\t<div data-elementor-type=\"wp-page\" data-elementor-id=\"13314\" class=\"elementor elementor-13314\" data-elementor-post-type=\"page\">\n\t\t\t\t\t\t<section class=\"elementor-section elementor-top-section elementor-element elementor-element-fb8ff89 elementor-section-content-middle elementor-section-boxed elementor-section-height-default elementor-section-height-default\" data-id=\"fb8ff89\" data-element_type=\"section\" data-e-type=\"section\" data-settings=\"{&quot;background_background&quot;:&quot;classic&quot;}\">\n\t\t\t\t\t\t<div class=\"elementor-container elementor-column-gap-default\">\n\t\t\t\t\t<div class=\"elementor-column elementor-col-50 elementor-top-column elementor-element elementor-element-e5812b8\" data-id=\"e5812b8\" data-element_type=\"column\" data-e-type=\"column\">\n\t\t\t<div class=\"elementor-widget-wrap elementor-element-populated\">\n\t\t\t\t\t\t<div class=\"elementor-element elementor-element-b5078fc elementor-widget elementor-widget-image\" data-id=\"b5078fc\" data-element_type=\"widget\" data-e-type=\"widget\" data-widget_type=\"image.default\">\n\t\t\t\t<div class=\"elementor-widget-container\">\n\t\t\t\t\t\t\t\t\t\t\t\t\t\t\t<img fetchpriority=\"high\" decoding=\"async\" width=\"800\" height=\"208\" src=\"https:\/\/www.unimedia.tech\/wp-content\/uploads\/2024\/10\/0000590_Payemoji-Logo-Dark-2022-1024x266.png\" class=\"attachment-large size-large wp-image-13244\" alt=\"\" srcset=\"https:\/\/www.unimedia.tech\/wp-content\/uploads\/2024\/10\/0000590_Payemoji-Logo-Dark-2022-1024x266.png 1024w, https:\/\/www.unimedia.tech\/wp-content\/uploads\/2024\/10\/0000590_Payemoji-Logo-Dark-2022-300x78.png 300w, https:\/\/www.unimedia.tech\/wp-content\/uploads\/2024\/10\/0000590_Payemoji-Logo-Dark-2022-768x200.png 768w, https:\/\/www.unimedia.tech\/wp-content\/uploads\/2024\/10\/0000590_Payemoji-Logo-Dark-2022-1536x399.png 1536w, https:\/\/www.unimedia.tech\/wp-content\/uploads\/2024\/10\/0000590_Payemoji-Logo-Dark-2022.png 1920w\" sizes=\"(max-width: 800px) 100vw, 800px\" \/>\t\t\t\t\t\t\t\t\t\t\t\t\t\t\t<\/div>\n\t\t\t\t<\/div>\n\t\t\t\t<div class=\"elementor-element elementor-element-a260c74 elementor-widget elementor-widget-heading\" data-id=\"a260c74\" data-element_type=\"widget\" data-e-type=\"widget\" data-widget_type=\"heading.default\">\n\t\t\t\t<div class=\"elementor-widget-container\">\n\t\t\t\t\t<h2 class=\"elementor-heading-title elementor-size-default\">Telecomunicaciones<\/h2>\t\t\t\t<\/div>\n\t\t\t\t<\/div>\n\t\t\t\t<div class=\"elementor-element elementor-element-15e2e0a elementor-widget elementor-widget-text-editor\" data-id=\"15e2e0a\" data-element_type=\"widget\" data-e-type=\"widget\" data-widget_type=\"text-editor.default\">\n\t\t\t\t<div class=\"elementor-widget-container\">\n\t\t\t\t\t\t\t\t\t<p>Proporcionamos un equipo de desarrollo dedicado que <strong>optimiz\u00f3 su backend en Kubernetes y Golang,<\/strong> mejorando la eficiencia y capacidad de respuesta de su plataforma.<\/p>\t\t\t\t\t\t\t\t<\/div>\n\t\t\t\t<\/div>\n\t\t\t\t<div class=\"elementor-element elementor-element-5b4c01d elementor-align-right elementor-widget elementor-widget-button\" data-id=\"5b4c01d\" data-element_type=\"widget\" data-e-type=\"widget\" data-widget_type=\"button.default\">\n\t\t\t\t<div class=\"elementor-widget-container\">\n\t\t\t\t\t\t\t\t\t<div class=\"elementor-button-wrapper\">\n\t\t\t\t\t<a class=\"elementor-button elementor-button-link elementor-size-sm elementor-animation-shrink\" href=\"https:\/\/www.unimedia.tech\/es\/case-study\/equipo-de-desarrollo-de-software-para-startup-de-servicios-de-comunicacion\/\">\n\t\t\t\t\t\t<span class=\"elementor-button-content-wrapper\">\n\t\t\t\t\t\t\t\t\t<span class=\"elementor-button-text\">M\u00e1s detalles<\/span>\n\t\t\t\t\t<\/span>\n\t\t\t\t\t<\/a>\n\t\t\t\t<\/div>\n\t\t\t\t\t\t\t\t<\/div>\n\t\t\t\t<\/div>\n\t\t\t\t\t<\/div>\n\t\t<\/div>\n\t\t\t\t<div class=\"elementor-column elementor-col-50 elementor-top-column elementor-element elementor-element-d1280d3\" data-id=\"d1280d3\" data-element_type=\"column\" data-e-type=\"column\">\n\t\t\t<div class=\"elementor-widget-wrap elementor-element-populated\">\n\t\t\t\t\t\t<div class=\"elementor-element elementor-element-c95d068 elementor-widget elementor-widget-text-editor\" data-id=\"c95d068\" data-element_type=\"widget\" data-e-type=\"widget\" data-widget_type=\"text-editor.default\">\n\t\t\t\t<div class=\"elementor-widget-container\">\n\t\t\t\t\t\t\t\t\t<p><strong>Idea principal:\u00a0<\/strong>Creamos un equipo de desarrollo dedicado que optimiz\u00f3 el backend de la plataforma de telecomunicaciones con Kubernetes y Golang.<\/p><p><strong>Problem\u00e1tica:\u00a0<\/strong>El cliente necesitaba un equipo t\u00e9cnico \u00e1gil y comprometido para mejorar su infraestructura tecnol\u00f3gica sin perder el enfoque en el crecimiento.<\/p><p><strong>Desarrollo:\u00a0<\/strong>Unimedia form\u00f3 un equipo core de desarrollo que utiliz\u00f3 microservicios, Azure y Kubernetes, garantizando escalabilidad y un backend altamente eficiente.<\/p><p><strong>Producto final:\u00a0<\/strong>Un sistema robusto y escalable, perfectamente adaptado a las necesidades crecientes del cliente, con un equipo flexible que sigue apoyando en nuevas fases del proyecto.<\/p>\t\t\t\t\t\t\t\t<\/div>\n\t\t\t\t<\/div>\n\t\t\t\t\t<\/div>\n\t\t<\/div>\n\t\t\t\t\t<\/div>\n\t\t<\/section>\n\t\t\t\t<section class=\"elementor-section elementor-top-section elementor-element elementor-element-03f180c elementor-section-content-middle elementor-section-boxed elementor-section-height-default elementor-section-height-default\" data-id=\"03f180c\" data-element_type=\"section\" data-e-type=\"section\">\n\t\t\t\t\t\t<div class=\"elementor-container elementor-column-gap-default\">\n\t\t\t\t\t<div class=\"elementor-column elementor-col-50 elementor-top-column elementor-element elementor-element-0607ab5\" data-id=\"0607ab5\" data-element_type=\"column\" data-e-type=\"column\">\n\t\t\t<div class=\"elementor-widget-wrap elementor-element-populated\">\n\t\t\t\t\t\t<div class=\"elementor-element elementor-element-d1f04da elementor-widget elementor-widget-text-editor\" data-id=\"d1f04da\" data-element_type=\"widget\" data-e-type=\"widget\" data-widget_type=\"text-editor.default\">\n\t\t\t\t<div class=\"elementor-widget-container\">\n\t\t\t\t\t\t\t\t\t<p><strong>Caso de uso y detalles econ\u00f3micos:<\/strong><br \/>La implementaci\u00f3n de este equipo especializado redujo los tiempos de desarrollo en un 30% y permiti\u00f3 al cliente obtener una mayor rentabilidad en sus operaciones tecnol\u00f3gicas.<\/p>\t\t\t\t\t\t\t\t<\/div>\n\t\t\t\t<\/div>\n\t\t\t\t<div class=\"elementor-element elementor-element-fd3f5e5 elementor-align-left elementor-widget elementor-widget-button\" data-id=\"fd3f5e5\" data-element_type=\"widget\" data-e-type=\"widget\" data-widget_type=\"button.default\">\n\t\t\t\t<div class=\"elementor-widget-container\">\n\t\t\t\t\t\t\t\t\t<div class=\"elementor-button-wrapper\">\n\t\t\t\t\t<a class=\"elementor-button elementor-button-link elementor-size-sm elementor-animation-shrink\" href=\"#elementor-action%3Aaction%3Dpopup%3Aopen%26settings%3DeyJpZCI6MjgwMCwidG9nZ2xlIjpmYWxzZX0%3D\">\n\t\t\t\t\t\t<span class=\"elementor-button-content-wrapper\">\n\t\t\t\t\t\t\t\t\t<span class=\"elementor-button-text\">Empieza ahora tu historia de \u00e9xito<\/span>\n\t\t\t\t\t<\/span>\n\t\t\t\t\t<\/a>\n\t\t\t\t<\/div>\n\t\t\t\t\t\t\t\t<\/div>\n\t\t\t\t<\/div>\n\t\t\t\t\t<\/div>\n\t\t<\/div>\n\t\t\t\t<div class=\"elementor-column elementor-col-50 elementor-top-column elementor-element elementor-element-64f8f09\" data-id=\"64f8f09\" data-element_type=\"column\" data-e-type=\"column\">\n\t\t\t<div class=\"elementor-widget-wrap elementor-element-populated\">\n\t\t\t\t\t\t<div class=\"elementor-element elementor-element-403615b elementor-widget elementor-widget-image\" data-id=\"403615b\" data-element_type=\"widget\" data-e-type=\"widget\" data-widget_type=\"image.default\">\n\t\t\t\t<div class=\"elementor-widget-container\">\n\t\t\t\t\t\t\t\t\t\t\t\t\t\t\t<img decoding=\"async\" width=\"700\" height=\"539\" src=\"https:\/\/www.unimedia.tech\/wp-content\/uploads\/2023\/11\/mmc-logo.png\" class=\"attachment-full size-full wp-image-2336\" alt=\"\" srcset=\"https:\/\/www.unimedia.tech\/wp-content\/uploads\/2023\/11\/mmc-logo.png 700w, https:\/\/www.unimedia.tech\/wp-content\/uploads\/2023\/11\/mmc-logo-300x231.png 300w\" sizes=\"(max-width: 700px) 100vw, 700px\" \/>\t\t\t\t\t\t\t\t\t\t\t\t\t\t\t<\/div>\n\t\t\t\t<\/div>\n\t\t\t\t\t<\/div>\n\t\t<\/div>\n\t\t\t\t\t<\/div>\n\t\t<\/section>\n\t\t\t\t<section class=\"elementor-section elementor-top-section elementor-element elementor-element-e1edd48 elementor-section-boxed elementor-section-height-default elementor-section-height-default\" data-id=\"e1edd48\" data-element_type=\"section\" data-e-type=\"section\">\n\t\t\t\t\t\t<div class=\"elementor-container elementor-column-gap-default\">\n\t\t\t\t\t<div class=\"elementor-column elementor-col-100 elementor-top-column elementor-element elementor-element-e8e49ed\" data-id=\"e8e49ed\" data-element_type=\"column\" data-e-type=\"column\">\n\t\t\t<div class=\"elementor-widget-wrap elementor-element-populated\">\n\t\t\t\t\t\t<div class=\"elementor-element elementor-element-ad51f94 elementor-align-center elementor-widget elementor-widget-button\" data-id=\"ad51f94\" data-element_type=\"widget\" data-e-type=\"widget\" data-widget_type=\"button.default\">\n\t\t\t\t<div class=\"elementor-widget-container\">\n\t\t\t\t\t\t\t\t\t<div class=\"elementor-button-wrapper\">\n\t\t\t\t\t<a class=\"elementor-button elementor-button-link elementor-size-sm elementor-animation-shrink\" href=\"https:\/\/www.unimedia.tech\/es\/landing-casos-de-exito\/\">\n\t\t\t\t\t\t<span class=\"elementor-button-content-wrapper\">\n\t\t\t\t\t\t\t\t\t<span class=\"elementor-button-text\">Ver todos<\/span>\n\t\t\t\t\t<\/span>\n\t\t\t\t\t<\/a>\n\t\t\t\t<\/div>\n\t\t\t\t\t\t\t\t<\/div>\n\t\t\t\t<\/div>\n\t\t\t\t\t<\/div>\n\t\t<\/div>\n\t\t\t\t\t<\/div>\n\t\t<\/section>\n\t\t\t\t<\/div>\n\t\t","protected":false},"excerpt":{"rendered":"<p>Telecomunicaciones Proporcionamos un equipo de desarrollo dedicado que optimiz\u00f3 su backend en Kubernetes y Golang, mejorando la eficiencia y capacidad de respuesta de su plataforma. M\u00e1s detalles Idea principal:\u00a0Creamos un equipo de desarrollo dedicado que optimiz\u00f3 el backend de la plataforma de telecomunicaciones con Kubernetes y Golang. Problem\u00e1tica:\u00a0El cliente necesitaba un equipo t\u00e9cnico \u00e1gil y [&hellip;]<\/p>\n","protected":false},"author":4,"featured_media":0,"parent":13237,"menu_order":0,"comment_status":"closed","ping_status":"closed","template":"elementor_header_footer","meta":{"_acf_changed":false,"footnotes":""},"class_list":["post-13314","page","type-page","status-publish","hentry"],"acf":[],"yoast_head":"<!-- This site is optimized with the Yoast SEO Premium plugin v21.6 (Yoast SEO v27.1.1) - https:\/\/yoast.com\/product\/yoast-seo-premium-wordpress\/ -->\n<title>Message My Customer - Unimedia Technology<\/title>\n<meta name=\"robots\" content=\"index, follow, max-snippet:-1, max-image-preview:large, max-video-preview:-1\" \/>\n<link rel=\"canonical\" href=\"https:\/\/www.unimedia.tech\/es\/landing-casos-de-exito\/message-my-customer\/\" \/>\n<meta property=\"og:locale\" content=\"es_ES\" \/>\n<meta property=\"og:type\" content=\"article\" \/>\n<meta property=\"og:title\" content=\"Message My Customer\" \/>\n<meta property=\"og:description\" content=\"Telecomunicaciones Proporcionamos un equipo de desarrollo dedicado que optimiz\u00f3 su backend en Kubernetes y Golang, mejorando la eficiencia y capacidad de respuesta de su plataforma. M\u00e1s detalles Idea principal:\u00a0Creamos un equipo de desarrollo dedicado que optimiz\u00f3 el backend de la plataforma de telecomunicaciones con Kubernetes y Golang. Problem\u00e1tica:\u00a0El cliente necesitaba un equipo t\u00e9cnico \u00e1gil y [&hellip;]\" \/>\n<meta property=\"og:url\" content=\"https:\/\/www.unimedia.tech\/es\/landing-casos-de-exito\/message-my-customer\/\" \/>\n<meta property=\"og:site_name\" content=\"Unimedia Technology\" \/>\n<meta property=\"article:publisher\" content=\"https:\/\/www.linkedin.com\/company\/unimedia-technology\/\" \/>\n<meta property=\"article:modified_time\" content=\"2024-10-17T09:20:28+00:00\" \/>\n<meta property=\"og:image\" content=\"https:\/\/www.unimedia.tech\/wp-content\/uploads\/2024\/10\/0000590_Payemoji-Logo-Dark-2022.png\" \/>\n\t<meta property=\"og:image:width\" content=\"1920\" \/>\n\t<meta property=\"og:image:height\" content=\"499\" \/>\n\t<meta property=\"og:image:type\" content=\"image\/png\" \/>\n<meta name=\"twitter:card\" content=\"summary_large_image\" \/>\n<meta name=\"twitter:site\" content=\"@UnimediaCTO\" \/>\n<meta name=\"twitter:label1\" content=\"Tiempo de lectura\" \/>\n\t<meta name=\"twitter:data1\" content=\"2 minutos\" \/>\n<!-- \/ Yoast SEO Premium plugin. -->","yoast_head_json":{"title":"Message My Customer - Unimedia Technology","robots":{"index":"index","follow":"follow","max-snippet":"max-snippet:-1","max-image-preview":"max-image-preview:large","max-video-preview":"max-video-preview:-1"},"canonical":"https:\/\/www.unimedia.tech\/es\/landing-casos-de-exito\/message-my-customer\/","og_locale":"es_ES","og_type":"article","og_title":"Message My Customer","og_description":"Telecomunicaciones Proporcionamos un equipo de desarrollo dedicado que optimiz\u00f3 su backend en Kubernetes y Golang, mejorando la eficiencia y capacidad de respuesta de su plataforma. M\u00e1s detalles Idea principal:\u00a0Creamos un equipo de desarrollo dedicado que optimiz\u00f3 el backend de la plataforma de telecomunicaciones con Kubernetes y Golang. Problem\u00e1tica:\u00a0El cliente necesitaba un equipo t\u00e9cnico \u00e1gil y [&hellip;]","og_url":"https:\/\/www.unimedia.tech\/es\/landing-casos-de-exito\/message-my-customer\/","og_site_name":"Unimedia Technology","article_publisher":"https:\/\/www.linkedin.com\/company\/unimedia-technology\/","article_modified_time":"2024-10-17T09:20:28+00:00","og_image":[{"width":1920,"height":499,"url":"https:\/\/www.unimedia.tech\/wp-content\/uploads\/2024\/10\/0000590_Payemoji-Logo-Dark-2022.png","type":"image\/png"}],"twitter_card":"summary_large_image","twitter_site":"@UnimediaCTO","twitter_misc":{"Tiempo de lectura":"2 minutos"},"schema":{"@context":"https:\/\/schema.org","@graph":[{"@type":"WebPage","@id":"https:\/\/www.unimedia.tech\/es\/landing-casos-de-exito\/message-my-customer\/","url":"https:\/\/www.unimedia.tech\/es\/landing-casos-de-exito\/message-my-customer\/","name":"Message My Customer - Unimedia Technology","isPartOf":{"@id":"https:\/\/www.unimedia.tech\/es\/#website"},"primaryImageOfPage":{"@id":"https:\/\/www.unimedia.tech\/es\/landing-casos-de-exito\/message-my-customer\/#primaryimage"},"image":{"@id":"https:\/\/www.unimedia.tech\/es\/landing-casos-de-exito\/message-my-customer\/#primaryimage"},"thumbnailUrl":"https:\/\/www.unimedia.tech\/wp-content\/uploads\/2024\/10\/0000590_Payemoji-Logo-Dark-2022-1024x266.png","datePublished":"2024-10-14T12:40:19+00:00","dateModified":"2024-10-17T09:20:28+00:00","breadcrumb":{"@id":"https:\/\/www.unimedia.tech\/es\/landing-casos-de-exito\/message-my-customer\/#breadcrumb"},"inLanguage":"es","potentialAction":[{"@type":"ReadAction","target":["https:\/\/www.unimedia.tech\/es\/landing-casos-de-exito\/message-my-customer\/"]}]},{"@type":"ImageObject","inLanguage":"es","@id":"https:\/\/www.unimedia.tech\/es\/landing-casos-de-exito\/message-my-customer\/#primaryimage","url":"https:\/\/www.unimedia.tech\/wp-content\/uploads\/2024\/10\/0000590_Payemoji-Logo-Dark-2022-1024x266.png","contentUrl":"https:\/\/www.unimedia.tech\/wp-content\/uploads\/2024\/10\/0000590_Payemoji-Logo-Dark-2022-1024x266.png"},{"@type":"BreadcrumbList","@id":"https:\/\/www.unimedia.tech\/es\/landing-casos-de-exito\/message-my-customer\/#breadcrumb","itemListElement":[{"@type":"ListItem","position":1,"name":"Home","item":"https:\/\/www.unimedia.tech\/es\/"},{"@type":"ListItem","position":2,"name":"Landing Casos de Exito","item":"https:\/\/www.unimedia.tech\/es\/landing-casos-de-exito\/"},{"@type":"ListItem","position":3,"name":"Message My Customer"}]},{"@type":"WebSite","@id":"https:\/\/www.unimedia.tech\/es\/#website","url":"https:\/\/www.unimedia.tech\/es\/","name":"Unimedia Technology","description":"Your software development partner","publisher":{"@id":"https:\/\/www.unimedia.tech\/es\/#organization"},"alternateName":"Unimedia Tech","potentialAction":[{"@type":"SearchAction","target":{"@type":"EntryPoint","urlTemplate":"https:\/\/www.unimedia.tech\/es\/?s={search_term_string}"},"query-input":{"@type":"PropertyValueSpecification","valueRequired":true,"valueName":"search_term_string"}}],"inLanguage":"es"},{"@type":"Organization","@id":"https:\/\/www.unimedia.tech\/es\/#organization","name":"Unimedia Technology","alternateName":"Unimedia Tech","url":"https:\/\/www.unimedia.tech\/es\/","logo":{"@type":"ImageObject","inLanguage":"es","@id":"https:\/\/www.unimedia.tech\/es\/#\/schema\/logo\/image\/","url":"https:\/\/www.unimedia.tech\/wp-content\/uploads\/2023\/12\/cloud_border-3.png","contentUrl":"https:\/\/www.unimedia.tech\/wp-content\/uploads\/2023\/12\/cloud_border-3.png","width":403,"height":309,"caption":"Unimedia Technology"},"image":{"@id":"https:\/\/www.unimedia.tech\/es\/#\/schema\/logo\/image\/"},"sameAs":["https:\/\/www.linkedin.com\/company\/unimedia-technology\/","https:\/\/x.com\/UnimediaCTO","https:\/\/www.instagram.com\/unimedia.technology\/"]}]}},"_links":{"self":[{"href":"https:\/\/www.unimedia.tech\/es\/wp-json\/wp\/v2\/pages\/13314","targetHints":{"allow":["GET"]}}],"collection":[{"href":"https:\/\/www.unimedia.tech\/es\/wp-json\/wp\/v2\/pages"}],"about":[{"href":"https:\/\/www.unimedia.tech\/es\/wp-json\/wp\/v2\/types\/page"}],"author":[{"embeddable":true,"href":"https:\/\/www.unimedia.tech\/es\/wp-json\/wp\/v2\/users\/4"}],"replies":[{"embeddable":true,"href":"https:\/\/www.unimedia.tech\/es\/wp-json\/wp\/v2\/comments?post=13314"}],"version-history":[{"count":0,"href":"https:\/\/www.unimedia.tech\/es\/wp-json\/wp\/v2\/pages\/13314\/revisions"}],"up":[{"embeddable":true,"href":"https:\/\/www.unimedia.tech\/es\/wp-json\/wp\/v2\/pages\/13237"}],"wp:attachment":[{"href":"https:\/\/www.unimedia.tech\/es\/wp-json\/wp\/v2\/media?parent=13314"}],"curies":[{"name":"wp","href":"https:\/\/api.w.org\/{rel}","templated":true}]}}