{"id":13324,"date":"2024-10-14T14:43:02","date_gmt":"2024-10-14T12:43:02","guid":{"rendered":"https:\/\/www.unimedia.tech\/?page_id=13324"},"modified":"2024-10-17T12:20:14","modified_gmt":"2024-10-17T10:20:14","slug":"shopright","status":"publish","type":"page","link":"https:\/\/www.unimedia.tech\/es\/landing-casos-de-exito\/shopright\/","title":{"rendered":"ShopRight"},"content":{"rendered":"\t\t<div data-elementor-type=\"wp-page\" data-elementor-id=\"13324\" class=\"elementor elementor-13324\" data-elementor-post-type=\"page\">\n\t\t\t\t\t\t<section class=\"elementor-section elementor-top-section elementor-element elementor-element-5b8897f elementor-section-content-middle elementor-section-boxed elementor-section-height-default elementor-section-height-default\" data-id=\"5b8897f\" data-element_type=\"section\" data-e-type=\"section\" data-settings=\"{&quot;background_background&quot;:&quot;classic&quot;}\">\n\t\t\t\t\t\t<div class=\"elementor-container elementor-column-gap-default\">\n\t\t\t\t\t<div class=\"elementor-column elementor-col-50 elementor-top-column elementor-element elementor-element-d019be0\" data-id=\"d019be0\" data-element_type=\"column\" data-e-type=\"column\">\n\t\t\t<div class=\"elementor-widget-wrap elementor-element-populated\">\n\t\t\t\t\t\t<div class=\"elementor-element elementor-element-ffd298e elementor-widget elementor-widget-image\" data-id=\"ffd298e\" data-element_type=\"widget\" data-e-type=\"widget\" data-widget_type=\"image.default\">\n\t\t\t\t<div class=\"elementor-widget-container\">\n\t\t\t\t\t\t\t\t\t\t\t\t\t\t\t<img fetchpriority=\"high\" decoding=\"async\" width=\"410\" height=\"123\" src=\"https:\/\/www.unimedia.tech\/wp-content\/uploads\/2024\/10\/images.png\" class=\"attachment-large size-large wp-image-13248\" alt=\"\" srcset=\"https:\/\/www.unimedia.tech\/wp-content\/uploads\/2024\/10\/images.png 410w, https:\/\/www.unimedia.tech\/wp-content\/uploads\/2024\/10\/images-300x90.png 300w\" sizes=\"(max-width: 410px) 100vw, 410px\" \/>\t\t\t\t\t\t\t\t\t\t\t\t\t\t\t<\/div>\n\t\t\t\t<\/div>\n\t\t\t\t<div class=\"elementor-element elementor-element-eee2d58 elementor-widget elementor-widget-heading\" data-id=\"eee2d58\" data-element_type=\"widget\" data-e-type=\"widget\" data-widget_type=\"heading.default\">\n\t\t\t\t<div class=\"elementor-widget-container\">\n\t\t\t\t\t<h2 class=\"elementor-heading-title elementor-size-default\"><h2>Retail<span style=\"color: var( --e-global-color-primary )\"><\/span><\/h2><\/h2>\t\t\t\t<\/div>\n\t\t\t\t<\/div>\n\t\t\t\t<div class=\"elementor-element elementor-element-acd17d7 elementor-widget elementor-widget-text-editor\" data-id=\"acd17d7\" data-element_type=\"widget\" data-e-type=\"widget\" data-widget_type=\"text-editor.default\">\n\t\t\t\t<div class=\"elementor-widget-container\">\n\t\t\t\t\t\t\t\t\t<p>Implementamos una <strong>app m\u00f3vil multiplataforma con Xamarin,<\/strong> que mejor\u00f3 en un 50% la interacci\u00f3n de usuarios y redujo costos de desarrollo y mantenimiento en un 40%.<\/p>\t\t\t\t\t\t\t\t<\/div>\n\t\t\t\t<\/div>\n\t\t\t\t<div class=\"elementor-element elementor-element-1cba88b elementor-align-right elementor-widget elementor-widget-button\" data-id=\"1cba88b\" data-element_type=\"widget\" data-e-type=\"widget\" data-widget_type=\"button.default\">\n\t\t\t\t<div class=\"elementor-widget-container\">\n\t\t\t\t\t\t\t\t\t<div class=\"elementor-button-wrapper\">\n\t\t\t\t\t<a class=\"elementor-button elementor-button-link elementor-size-sm elementor-animation-shrink\" href=\"https:\/\/www.unimedia.tech\/es\/case-study\/experiencia-minorista-sin-fisuras-solucion-xamarin-para-shopright\/\">\n\t\t\t\t\t\t<span class=\"elementor-button-content-wrapper\">\n\t\t\t\t\t\t\t\t\t<span class=\"elementor-button-text\">M\u00e1s detalles<\/span>\n\t\t\t\t\t<\/span>\n\t\t\t\t\t<\/a>\n\t\t\t\t<\/div>\n\t\t\t\t\t\t\t\t<\/div>\n\t\t\t\t<\/div>\n\t\t\t\t\t<\/div>\n\t\t<\/div>\n\t\t\t\t<div class=\"elementor-column elementor-col-50 elementor-top-column elementor-element elementor-element-a6d4782\" data-id=\"a6d4782\" data-element_type=\"column\" data-e-type=\"column\">\n\t\t\t<div class=\"elementor-widget-wrap elementor-element-populated\">\n\t\t\t\t\t\t<div class=\"elementor-element elementor-element-79a2158 elementor-widget elementor-widget-text-editor\" data-id=\"79a2158\" data-element_type=\"widget\" data-e-type=\"widget\" data-widget_type=\"text-editor.default\">\n\t\t\t\t<div class=\"elementor-widget-container\">\n\t\t\t\t\t\t\t\t\t<p><strong>Idea principal:\u00a0<\/strong>Desarrollamos una app m\u00f3vil unificada para mejorar la experiencia de compra en plataformas Android e iOS, usando Xamarin.<\/p><p><strong>Problem\u00e1tica:\u00a0<\/strong>ShopRight sufr\u00eda de una aplicaci\u00f3n m\u00f3vil obsoleta y de bajo rendimiento, lo que reduc\u00eda la retenci\u00f3n de usuarios.<\/p><p><strong>Desarrollo:\u00a0<\/strong>Se implement\u00f3 una soluci\u00f3n Xamarin que utilizaba una \u00fanica base de c\u00f3digo para Android e iOS, mejorando la experiencia del usuario, con capacidades de uso offline y una integraci\u00f3n con Azure.<\/p><p><strong>Producto final:\u00a0<\/strong>Una app m\u00f3vil r\u00e1pida y eficiente que aument\u00f3 la retenci\u00f3n de usuarios y mejor\u00f3 la tasa de conversi\u00f3n de compras en un 30%.<\/p>\t\t\t\t\t\t\t\t<\/div>\n\t\t\t\t<\/div>\n\t\t\t\t\t<\/div>\n\t\t<\/div>\n\t\t\t\t\t<\/div>\n\t\t<\/section>\n\t\t\t\t<section class=\"elementor-section elementor-top-section elementor-element elementor-element-45542d4 elementor-section-content-middle elementor-section-boxed elementor-section-height-default elementor-section-height-default\" data-id=\"45542d4\" data-element_type=\"section\" data-e-type=\"section\">\n\t\t\t\t\t\t<div class=\"elementor-container elementor-column-gap-default\">\n\t\t\t\t\t<div class=\"elementor-column elementor-col-50 elementor-top-column elementor-element elementor-element-14f89d9\" data-id=\"14f89d9\" data-element_type=\"column\" data-e-type=\"column\">\n\t\t\t<div class=\"elementor-widget-wrap elementor-element-populated\">\n\t\t\t\t\t\t<div class=\"elementor-element elementor-element-99db5f9 elementor-widget elementor-widget-text-editor\" data-id=\"99db5f9\" data-element_type=\"widget\" data-e-type=\"widget\" data-widget_type=\"text-editor.default\">\n\t\t\t\t<div class=\"elementor-widget-container\">\n\t\t\t\t\t\t\t\t\t<p><span style=\"font-weight: bolder;\">Caso de uso y detalles econ\u00f3micos:<\/span><\/p><p>ShopRight redujo sus costes de desarrollo en un 40% gracias a la aplicaci\u00f3n unificada, al mismo tiempo que increment\u00f3 el engagement de los usuarios en un 50%.<\/p>\t\t\t\t\t\t\t\t<\/div>\n\t\t\t\t<\/div>\n\t\t\t\t<div class=\"elementor-element elementor-element-1579753 elementor-align-left elementor-widget elementor-widget-button\" data-id=\"1579753\" data-element_type=\"widget\" data-e-type=\"widget\" data-widget_type=\"button.default\">\n\t\t\t\t<div class=\"elementor-widget-container\">\n\t\t\t\t\t\t\t\t\t<div class=\"elementor-button-wrapper\">\n\t\t\t\t\t<a class=\"elementor-button elementor-button-link elementor-size-sm elementor-animation-shrink\" href=\"#elementor-action%3Aaction%3Dpopup%3Aopen%26settings%3DeyJpZCI6MjgwMCwidG9nZ2xlIjpmYWxzZX0%3D\">\n\t\t\t\t\t\t<span class=\"elementor-button-content-wrapper\">\n\t\t\t\t\t\t\t\t\t<span class=\"elementor-button-text\">Empieza ahora tu historia de \u00e9xito<\/span>\n\t\t\t\t\t<\/span>\n\t\t\t\t\t<\/a>\n\t\t\t\t<\/div>\n\t\t\t\t\t\t\t\t<\/div>\n\t\t\t\t<\/div>\n\t\t\t\t\t<\/div>\n\t\t<\/div>\n\t\t\t\t<div class=\"elementor-column elementor-col-50 elementor-top-column elementor-element elementor-element-2c35c94\" data-id=\"2c35c94\" data-element_type=\"column\" data-e-type=\"column\">\n\t\t\t<div class=\"elementor-widget-wrap elementor-element-populated\">\n\t\t\t\t\t\t\t<\/div>\n\t\t<\/div>\n\t\t\t\t\t<\/div>\n\t\t<\/section>\n\t\t\t\t<section class=\"elementor-section elementor-top-section elementor-element elementor-element-31e4a3f elementor-section-boxed elementor-section-height-default elementor-section-height-default\" data-id=\"31e4a3f\" data-element_type=\"section\" data-e-type=\"section\">\n\t\t\t\t\t\t<div class=\"elementor-container elementor-column-gap-default\">\n\t\t\t\t\t<div class=\"elementor-column elementor-col-100 elementor-top-column elementor-element elementor-element-9e76c42\" data-id=\"9e76c42\" data-element_type=\"column\" data-e-type=\"column\">\n\t\t\t<div class=\"elementor-widget-wrap elementor-element-populated\">\n\t\t\t\t\t\t<div class=\"elementor-element elementor-element-edfd608 elementor-align-center elementor-widget elementor-widget-button\" data-id=\"edfd608\" data-element_type=\"widget\" data-e-type=\"widget\" data-widget_type=\"button.default\">\n\t\t\t\t<div class=\"elementor-widget-container\">\n\t\t\t\t\t\t\t\t\t<div class=\"elementor-button-wrapper\">\n\t\t\t\t\t<a class=\"elementor-button elementor-button-link elementor-size-sm elementor-animation-shrink\" href=\"https:\/\/www.unimedia.tech\/es\/landing-casos-de-exito\/\">\n\t\t\t\t\t\t<span class=\"elementor-button-content-wrapper\">\n\t\t\t\t\t\t\t\t\t<span class=\"elementor-button-text\">Ver todos<\/span>\n\t\t\t\t\t<\/span>\n\t\t\t\t\t<\/a>\n\t\t\t\t<\/div>\n\t\t\t\t\t\t\t\t<\/div>\n\t\t\t\t<\/div>\n\t\t\t\t\t<\/div>\n\t\t<\/div>\n\t\t\t\t\t<\/div>\n\t\t<\/section>\n\t\t\t\t<\/div>\n\t\t","protected":false},"excerpt":{"rendered":"<p>Retail Implementamos una app m\u00f3vil multiplataforma con Xamarin, que mejor\u00f3 en un 50% la interacci\u00f3n de usuarios y redujo costos de desarrollo y mantenimiento en un 40%. M\u00e1s detalles Idea principal:\u00a0Desarrollamos una app m\u00f3vil unificada para mejorar la experiencia de compra en plataformas Android e iOS, usando Xamarin. Problem\u00e1tica:\u00a0ShopRight sufr\u00eda de una aplicaci\u00f3n m\u00f3vil obsoleta [&hellip;]<\/p>\n","protected":false},"author":4,"featured_media":0,"parent":13237,"menu_order":0,"comment_status":"closed","ping_status":"closed","template":"elementor_header_footer","meta":{"_acf_changed":false,"footnotes":""},"class_list":["post-13324","page","type-page","status-publish","hentry"],"acf":[],"yoast_head":"<!-- This site is optimized with the Yoast SEO Premium plugin v21.6 (Yoast SEO v27.1.1) - https:\/\/yoast.com\/product\/yoast-seo-premium-wordpress\/ -->\n<title>ShopRight - Unimedia Technology<\/title>\n<meta name=\"robots\" content=\"index, follow, max-snippet:-1, max-image-preview:large, max-video-preview:-1\" \/>\n<link rel=\"canonical\" href=\"https:\/\/www.unimedia.tech\/es\/landing-casos-de-exito\/shopright\/\" \/>\n<meta property=\"og:locale\" content=\"es_ES\" \/>\n<meta property=\"og:type\" content=\"article\" \/>\n<meta property=\"og:title\" content=\"ShopRight\" \/>\n<meta property=\"og:description\" content=\"Retail Implementamos una app m\u00f3vil multiplataforma con Xamarin, que mejor\u00f3 en un 50% la interacci\u00f3n de usuarios y redujo costos de desarrollo y mantenimiento en un 40%. M\u00e1s detalles Idea principal:\u00a0Desarrollamos una app m\u00f3vil unificada para mejorar la experiencia de compra en plataformas Android e iOS, usando Xamarin. Problem\u00e1tica:\u00a0ShopRight sufr\u00eda de una aplicaci\u00f3n m\u00f3vil obsoleta [&hellip;]\" \/>\n<meta property=\"og:url\" content=\"https:\/\/www.unimedia.tech\/es\/landing-casos-de-exito\/shopright\/\" \/>\n<meta property=\"og:site_name\" content=\"Unimedia Technology\" \/>\n<meta property=\"article:publisher\" content=\"https:\/\/www.linkedin.com\/company\/unimedia-technology\/\" \/>\n<meta property=\"article:modified_time\" content=\"2024-10-17T10:20:14+00:00\" \/>\n<meta property=\"og:image\" content=\"https:\/\/www.unimedia.tech\/wp-content\/uploads\/2024\/10\/images.png\" \/>\n\t<meta property=\"og:image:width\" content=\"410\" \/>\n\t<meta property=\"og:image:height\" content=\"123\" \/>\n\t<meta property=\"og:image:type\" content=\"image\/png\" \/>\n<meta name=\"twitter:card\" content=\"summary_large_image\" \/>\n<meta name=\"twitter:site\" content=\"@UnimediaCTO\" \/>\n<meta name=\"twitter:label1\" content=\"Tiempo de lectura\" \/>\n\t<meta name=\"twitter:data1\" content=\"1 minuto\" \/>\n<!-- \/ Yoast SEO Premium plugin. -->","yoast_head_json":{"title":"ShopRight - Unimedia Technology","robots":{"index":"index","follow":"follow","max-snippet":"max-snippet:-1","max-image-preview":"max-image-preview:large","max-video-preview":"max-video-preview:-1"},"canonical":"https:\/\/www.unimedia.tech\/es\/landing-casos-de-exito\/shopright\/","og_locale":"es_ES","og_type":"article","og_title":"ShopRight","og_description":"Retail Implementamos una app m\u00f3vil multiplataforma con Xamarin, que mejor\u00f3 en un 50% la interacci\u00f3n de usuarios y redujo costos de desarrollo y mantenimiento en un 40%. M\u00e1s detalles Idea principal:\u00a0Desarrollamos una app m\u00f3vil unificada para mejorar la experiencia de compra en plataformas Android e iOS, usando Xamarin. Problem\u00e1tica:\u00a0ShopRight sufr\u00eda de una aplicaci\u00f3n m\u00f3vil obsoleta [&hellip;]","og_url":"https:\/\/www.unimedia.tech\/es\/landing-casos-de-exito\/shopright\/","og_site_name":"Unimedia Technology","article_publisher":"https:\/\/www.linkedin.com\/company\/unimedia-technology\/","article_modified_time":"2024-10-17T10:20:14+00:00","og_image":[{"width":410,"height":123,"url":"https:\/\/www.unimedia.tech\/wp-content\/uploads\/2024\/10\/images.png","type":"image\/png"}],"twitter_card":"summary_large_image","twitter_site":"@UnimediaCTO","twitter_misc":{"Tiempo de lectura":"1 minuto"},"schema":{"@context":"https:\/\/schema.org","@graph":[{"@type":"WebPage","@id":"https:\/\/www.unimedia.tech\/es\/landing-casos-de-exito\/shopright\/","url":"https:\/\/www.unimedia.tech\/es\/landing-casos-de-exito\/shopright\/","name":"ShopRight - Unimedia Technology","isPartOf":{"@id":"https:\/\/www.unimedia.tech\/es\/#website"},"primaryImageOfPage":{"@id":"https:\/\/www.unimedia.tech\/es\/landing-casos-de-exito\/shopright\/#primaryimage"},"image":{"@id":"https:\/\/www.unimedia.tech\/es\/landing-casos-de-exito\/shopright\/#primaryimage"},"thumbnailUrl":"https:\/\/www.unimedia.tech\/wp-content\/uploads\/2024\/10\/images.png","datePublished":"2024-10-14T12:43:02+00:00","dateModified":"2024-10-17T10:20:14+00:00","breadcrumb":{"@id":"https:\/\/www.unimedia.tech\/es\/landing-casos-de-exito\/shopright\/#breadcrumb"},"inLanguage":"es","potentialAction":[{"@type":"ReadAction","target":["https:\/\/www.unimedia.tech\/es\/landing-casos-de-exito\/shopright\/"]}]},{"@type":"ImageObject","inLanguage":"es","@id":"https:\/\/www.unimedia.tech\/es\/landing-casos-de-exito\/shopright\/#primaryimage","url":"https:\/\/www.unimedia.tech\/wp-content\/uploads\/2024\/10\/images.png","contentUrl":"https:\/\/www.unimedia.tech\/wp-content\/uploads\/2024\/10\/images.png"},{"@type":"BreadcrumbList","@id":"https:\/\/www.unimedia.tech\/es\/landing-casos-de-exito\/shopright\/#breadcrumb","itemListElement":[{"@type":"ListItem","position":1,"name":"Home","item":"https:\/\/www.unimedia.tech\/es\/"},{"@type":"ListItem","position":2,"name":"Landing Casos de Exito","item":"https:\/\/www.unimedia.tech\/es\/landing-casos-de-exito\/"},{"@type":"ListItem","position":3,"name":"ShopRight"}]},{"@type":"WebSite","@id":"https:\/\/www.unimedia.tech\/es\/#website","url":"https:\/\/www.unimedia.tech\/es\/","name":"Unimedia Technology","description":"Your software development partner","publisher":{"@id":"https:\/\/www.unimedia.tech\/es\/#organization"},"alternateName":"Unimedia Tech","potentialAction":[{"@type":"SearchAction","target":{"@type":"EntryPoint","urlTemplate":"https:\/\/www.unimedia.tech\/es\/?s={search_term_string}"},"query-input":{"@type":"PropertyValueSpecification","valueRequired":true,"valueName":"search_term_string"}}],"inLanguage":"es"},{"@type":"Organization","@id":"https:\/\/www.unimedia.tech\/es\/#organization","name":"Unimedia Technology","alternateName":"Unimedia Tech","url":"https:\/\/www.unimedia.tech\/es\/","logo":{"@type":"ImageObject","inLanguage":"es","@id":"https:\/\/www.unimedia.tech\/es\/#\/schema\/logo\/image\/","url":"https:\/\/www.unimedia.tech\/wp-content\/uploads\/2023\/12\/cloud_border-3.png","contentUrl":"https:\/\/www.unimedia.tech\/wp-content\/uploads\/2023\/12\/cloud_border-3.png","width":403,"height":309,"caption":"Unimedia Technology"},"image":{"@id":"https:\/\/www.unimedia.tech\/es\/#\/schema\/logo\/image\/"},"sameAs":["https:\/\/www.linkedin.com\/company\/unimedia-technology\/","https:\/\/x.com\/UnimediaCTO","https:\/\/www.instagram.com\/unimedia.technology\/"]}]}},"_links":{"self":[{"href":"https:\/\/www.unimedia.tech\/es\/wp-json\/wp\/v2\/pages\/13324","targetHints":{"allow":["GET"]}}],"collection":[{"href":"https:\/\/www.unimedia.tech\/es\/wp-json\/wp\/v2\/pages"}],"about":[{"href":"https:\/\/www.unimedia.tech\/es\/wp-json\/wp\/v2\/types\/page"}],"author":[{"embeddable":true,"href":"https:\/\/www.unimedia.tech\/es\/wp-json\/wp\/v2\/users\/4"}],"replies":[{"embeddable":true,"href":"https:\/\/www.unimedia.tech\/es\/wp-json\/wp\/v2\/comments?post=13324"}],"version-history":[{"count":0,"href":"https:\/\/www.unimedia.tech\/es\/wp-json\/wp\/v2\/pages\/13324\/revisions"}],"up":[{"embeddable":true,"href":"https:\/\/www.unimedia.tech\/es\/wp-json\/wp\/v2\/pages\/13237"}],"wp:attachment":[{"href":"https:\/\/www.unimedia.tech\/es\/wp-json\/wp\/v2\/media?parent=13324"}],"curies":[{"name":"wp","href":"https:\/\/api.w.org\/{rel}","templated":true}]}}