{"id":2546,"date":"2023-09-28T11:31:10","date_gmt":"2023-09-28T09:31:10","guid":{"rendered":"http:\/\/www.unimedia.tech.mialias.net\/aviso-legal\/"},"modified":"2024-01-25T17:46:22","modified_gmt":"2024-01-25T16:46:22","slug":"aviso-legal","status":"publish","type":"page","link":"https:\/\/www.unimedia.tech\/es\/aviso-legal\/","title":{"rendered":"Aviso legal"},"content":{"rendered":"\t\t<div data-elementor-type=\"wp-page\" data-elementor-id=\"2546\" class=\"elementor elementor-2546 elementor-390\" data-elementor-post-type=\"page\">\n\t\t\t\t\t\t<section class=\"elementor-section elementor-top-section elementor-element elementor-element-4d15bd1e elementor-section-boxed elementor-section-height-default elementor-section-height-default\" data-id=\"4d15bd1e\" data-element_type=\"section\" data-e-type=\"section\">\n\t\t\t\t\t\t<div class=\"elementor-container elementor-column-gap-default\">\n\t\t\t\t\t<div class=\"elementor-column elementor-col-100 elementor-top-column elementor-element elementor-element-a9c1718\" data-id=\"a9c1718\" data-element_type=\"column\" data-e-type=\"column\">\n\t\t\t<div class=\"elementor-widget-wrap elementor-element-populated\">\n\t\t\t\t\t\t<div class=\"elementor-element elementor-element-15c4c84 elementor-widget elementor-widget-heading\" data-id=\"15c4c84\" data-element_type=\"widget\" data-e-type=\"widget\" data-widget_type=\"heading.default\">\n\t\t\t\t<div class=\"elementor-widget-container\">\n\t\t\t\t\t<h1 class=\"elementor-heading-title elementor-size-default\">Aviso legal<\/h1>\t\t\t\t<\/div>\n\t\t\t\t<\/div>\n\t\t\t\t<div class=\"elementor-element elementor-element-7cba4574 elementor-widget elementor-widget-text-editor\" data-id=\"7cba4574\" data-element_type=\"widget\" data-e-type=\"widget\" data-widget_type=\"text-editor.default\">\n\t\t\t\t<div class=\"elementor-widget-container\">\n\t\t\t\t\t\t\t\t\t<h2>Identificaci\u00f3n del titular<\/h2>\n<p>Nombre de la empresa: Unimedia Technology S.L.U.<\/p>\n<p>NIF: B66934365<\/p>\n<p>Domicilio social: C\/Esteve Terradas, 1, 111A &#8211; Parque Mediterr\u00e1neo de la Tecnolog\u00eda (PMT) &#8211; 08860 Castelldefels, Barcelona, Espa\u00f1a<\/p>\n<p>Correo electr\u00f3nico de contacto: info@unimedia.tech<\/p>\n<p>Tel: +34 936 01 40 40<\/p>\n<h2>Prop\u00f3sito<\/h2>\n<p>El presente Aviso Legal regula el uso y utilizaci\u00f3n del sitio web <a href=\"https:\/\/www.unimedia.tech\/es\/\">https:\/\/www.unimedia.tech\/<\/a>, propiedad de Unimedia Technology SLU. La navegaci\u00f3n por el sitio web del Titular atribuye la condici\u00f3n de usuario e implica la aceptaci\u00f3n plena y sin reservas de todas y cada una de las disposiciones incluidas en este Aviso Legal, que pueden sufrir modificaciones.<\/p>\n<h2>Uso del sitio web<\/h2>\n<p>El sitio web y sus servicios son de acceso libre y gratuito, no obstante, Unimedia Technology SLU condiciona la utilizaci\u00f3n de algunos de los servicios ofrecidos en su web a la previa cumplimentaci\u00f3n del correspondiente formulario.<br \/>El usuario garantiza la autenticidad y actualidad de todos aquellos datos que comunique a Unimedia Technology SLU y ser\u00e1 el \u00fanico responsable de las manifestaciones falsas o inexactas que realice.<\/p>\n<h2>Propiedad intelectual e industrial<\/h2>\n<p>Unimedia Technology SLU es titular de todos los derechos de propiedad intelectual e industrial de su p\u00e1gina web, as\u00ed como de los elementos contenidos en la misma. Cualquier uso no autorizado previamente por Unimedia Technology SLU ser\u00e1 considerado un incumplimiento grave de los derechos de propiedad intelectual o industrial del autor.<\/p>\n<h2>Exclusi\u00f3n de garant\u00edas y responsabilidad<\/h2>\n<p>Unimedia Technology SLU no otorga ninguna garant\u00eda ni se hace responsable, en ning\u00fan caso, de los da\u00f1os y perjuicios de cualquier naturaleza que pudiera causar la falta de disponibilidad, mantenimiento y efectivo funcionamiento del sitio web o de sus servicios y contenidos.<\/p>\n<h2>Modificaciones<\/h2>\n<p>Unimedia Technology SLU se reserva el derecho de efectuar sin previo aviso las modificaciones que considere oportunas en su sitio web, pudiendo cambiar, suprimir o a\u00f1adir tanto los contenidos y servicios que se presten a trav\u00e9s de la misma como la forma en la que \u00e9stos aparezcan presentados o localizados en su portal.<\/p>\n<h2>Enlaces<\/h2>\n<p>En el caso de que en la web se dispusiesen enlaces o hiperv\u00ednculos hac\u00eda otros sitios de Internet, Unimedia Technology SLU no ejercer\u00e1 ning\u00fan tipo de control sobre dichos sitios ni contenidos. Unimedia Technology SLU no tiene control alguno sobre el contenido, las pol\u00edticas de privacidad o las pr\u00e1cticas de los sitios web o servicios de terceros y no asume responsabilidad alguna por ellos.<\/p>\n<h2>Derecho de exclusi\u00f3n<\/h2>\n<p>Unimedia Technology SLU se reserva el derecho a denegar o retirar el acceso a portal y\/o los servicios ofrecidos sin necesidad de preaviso, a instancia propia o de un tercero, a aquellos usuarios que incumplan el presente Aviso Legal.<\/p>\n<h2>Legislaci\u00f3n y jurisdicci\u00f3n aplicables<\/h2>\n<p>La relaci\u00f3n entre Unimedia Technology SLU y el usuario se regir\u00e1 por la normativa espa\u00f1ola vigente y cualquier controversia se someter\u00e1 a los Juzgados y tribunales de la ciudad de Barcelona, Espa\u00f1a.<\/p>\n<h2>Contacte con nosotros<\/h2>\n<p class=\"nitro-offscreen\">Si tiene alguna pregunta sobre estas Condiciones, p\u00f3ngase en contacto con nosotros.<\/p>\n\t\t\t\t\t\t\t\t<\/div>\n\t\t\t\t<\/div>\n\t\t\t\t\t<\/div>\n\t\t<\/div>\n\t\t\t\t\t<\/div>\n\t\t<\/section>\n\t\t\t\t<\/div>\n\t\t","protected":false},"excerpt":{"rendered":"<p>Identificaci\u00f3n del titular Nombre de la empresa: Unimedia Technology S.L.U. NIF: B66934365 Domicilio social: C\/Esteve Terradas, 1, 111A &#8211; Parque Mediterr\u00e1neo de la Tecnolog\u00eda (PMT) &#8211; 08860 Castelldefels, Barcelona, Espa\u00f1a Correo electr\u00f3nico de contacto: info@unimedia.tech Tel: +34 936 01 40 40 Prop\u00f3sito El presente Aviso Legal regula el uso y utilizaci\u00f3n del sitio web https:\/\/www.unimedia.tech\/, [&hellip;]<\/p>\n","protected":false},"author":4,"featured_media":0,"parent":0,"menu_order":0,"comment_status":"closed","ping_status":"closed","template":"elementor_header_footer","meta":{"_acf_changed":false,"footnotes":""},"class_list":["post-2546","page","type-page","status-publish","hentry"],"acf":[],"yoast_head":"<!-- This site is optimized with the Yoast SEO Premium plugin v21.6 (Yoast SEO v27.1.1) - https:\/\/yoast.com\/product\/yoast-seo-premium-wordpress\/ -->\n<title>Aviso legal<\/title>\n<meta name=\"description\" content=\"Nuestro aviso legal en Unimedia Tech proporciona una visi\u00f3n detallada de nuestros t\u00e9rminos y condiciones, garantizando transparencia y confianza.\" \/>\n<meta name=\"robots\" content=\"noindex, follow\" \/>\n<meta property=\"og:locale\" content=\"es_ES\" \/>\n<meta property=\"og:type\" content=\"article\" \/>\n<meta property=\"og:title\" content=\"Aviso legal\" \/>\n<meta property=\"og:description\" content=\"Nuestro aviso legal en Unimedia Tech proporciona una visi\u00f3n detallada de nuestros t\u00e9rminos y condiciones, garantizando transparencia y confianza.\" \/>\n<meta property=\"og:url\" content=\"https:\/\/www.unimedia.tech\/es\/aviso-legal\/\" \/>\n<meta property=\"og:site_name\" content=\"Unimedia Technology\" \/>\n<meta property=\"article:publisher\" content=\"https:\/\/www.linkedin.com\/company\/unimedia-technology\/\" \/>\n<meta property=\"article:modified_time\" content=\"2024-01-25T16:46:22+00:00\" \/>\n<meta property=\"og:image\" content=\"https:\/\/www.unimedia.tech\/wp-content\/uploads\/2023\/12\/cloud_border-3.png\" \/>\n\t<meta property=\"og:image:width\" content=\"403\" \/>\n\t<meta property=\"og:image:height\" content=\"309\" \/>\n\t<meta property=\"og:image:type\" content=\"image\/png\" \/>\n<meta name=\"twitter:card\" content=\"summary_large_image\" \/>\n<meta name=\"twitter:site\" content=\"@UnimediaCTO\" \/>\n<meta name=\"twitter:label1\" content=\"Tiempo de lectura\" \/>\n\t<meta name=\"twitter:data1\" content=\"3 minutos\" \/>\n<!-- \/ Yoast SEO Premium plugin. -->","yoast_head_json":{"title":"Aviso legal","description":"Nuestro aviso legal en Unimedia Tech proporciona una visi\u00f3n detallada de nuestros t\u00e9rminos y condiciones, garantizando transparencia y confianza.","robots":{"index":"noindex","follow":"follow"},"og_locale":"es_ES","og_type":"article","og_title":"Aviso legal","og_description":"Nuestro aviso legal en Unimedia Tech proporciona una visi\u00f3n detallada de nuestros t\u00e9rminos y condiciones, garantizando transparencia y confianza.","og_url":"https:\/\/www.unimedia.tech\/es\/aviso-legal\/","og_site_name":"Unimedia Technology","article_publisher":"https:\/\/www.linkedin.com\/company\/unimedia-technology\/","article_modified_time":"2024-01-25T16:46:22+00:00","og_image":[{"width":403,"height":309,"url":"https:\/\/www.unimedia.tech\/wp-content\/uploads\/2023\/12\/cloud_border-3.png","type":"image\/png"}],"twitter_card":"summary_large_image","twitter_site":"@UnimediaCTO","twitter_misc":{"Tiempo de lectura":"3 minutos"},"schema":{"@context":"https:\/\/schema.org","@graph":[{"@type":"WebPage","@id":"https:\/\/www.unimedia.tech\/es\/aviso-legal\/","url":"https:\/\/www.unimedia.tech\/es\/aviso-legal\/","name":"Aviso legal","isPartOf":{"@id":"https:\/\/www.unimedia.tech\/es\/#website"},"datePublished":"2023-09-28T09:31:10+00:00","dateModified":"2024-01-25T16:46:22+00:00","description":"Nuestro aviso legal en Unimedia Tech proporciona una visi\u00f3n detallada de nuestros t\u00e9rminos y condiciones, garantizando transparencia y confianza.","breadcrumb":{"@id":"https:\/\/www.unimedia.tech\/es\/aviso-legal\/#breadcrumb"},"inLanguage":"es","potentialAction":[{"@type":"ReadAction","target":["https:\/\/www.unimedia.tech\/es\/aviso-legal\/"]}]},{"@type":"BreadcrumbList","@id":"https:\/\/www.unimedia.tech\/es\/aviso-legal\/#breadcrumb","itemListElement":[{"@type":"ListItem","position":1,"name":"Home","item":"https:\/\/www.unimedia.tech\/es\/"},{"@type":"ListItem","position":2,"name":"Aviso legal"}]},{"@type":"WebSite","@id":"https:\/\/www.unimedia.tech\/es\/#website","url":"https:\/\/www.unimedia.tech\/es\/","name":"Unimedia Technology","description":"Your software development partner","publisher":{"@id":"https:\/\/www.unimedia.tech\/es\/#organization"},"alternateName":"Unimedia Tech","potentialAction":[{"@type":"SearchAction","target":{"@type":"EntryPoint","urlTemplate":"https:\/\/www.unimedia.tech\/es\/?s={search_term_string}"},"query-input":{"@type":"PropertyValueSpecification","valueRequired":true,"valueName":"search_term_string"}}],"inLanguage":"es"},{"@type":"Organization","@id":"https:\/\/www.unimedia.tech\/es\/#organization","name":"Unimedia Technology","alternateName":"Unimedia Tech","url":"https:\/\/www.unimedia.tech\/es\/","logo":{"@type":"ImageObject","inLanguage":"es","@id":"https:\/\/www.unimedia.tech\/es\/#\/schema\/logo\/image\/","url":"https:\/\/www.unimedia.tech\/wp-content\/uploads\/2023\/12\/cloud_border-3.png","contentUrl":"https:\/\/www.unimedia.tech\/wp-content\/uploads\/2023\/12\/cloud_border-3.png","width":403,"height":309,"caption":"Unimedia Technology"},"image":{"@id":"https:\/\/www.unimedia.tech\/es\/#\/schema\/logo\/image\/"},"sameAs":["https:\/\/www.linkedin.com\/company\/unimedia-technology\/","https:\/\/x.com\/UnimediaCTO","https:\/\/www.instagram.com\/unimedia.technology\/"]}]}},"_links":{"self":[{"href":"https:\/\/www.unimedia.tech\/es\/wp-json\/wp\/v2\/pages\/2546","targetHints":{"allow":["GET"]}}],"collection":[{"href":"https:\/\/www.unimedia.tech\/es\/wp-json\/wp\/v2\/pages"}],"about":[{"href":"https:\/\/www.unimedia.tech\/es\/wp-json\/wp\/v2\/types\/page"}],"author":[{"embeddable":true,"href":"https:\/\/www.unimedia.tech\/es\/wp-json\/wp\/v2\/users\/4"}],"replies":[{"embeddable":true,"href":"https:\/\/www.unimedia.tech\/es\/wp-json\/wp\/v2\/comments?post=2546"}],"version-history":[{"count":0,"href":"https:\/\/www.unimedia.tech\/es\/wp-json\/wp\/v2\/pages\/2546\/revisions"}],"wp:attachment":[{"href":"https:\/\/www.unimedia.tech\/es\/wp-json\/wp\/v2\/media?parent=2546"}],"curies":[{"name":"wp","href":"https:\/\/api.w.org\/{rel}","templated":true}]}}