{"id":2558,"date":"2023-09-28T11:31:49","date_gmt":"2023-09-28T09:31:49","guid":{"rendered":"http:\/\/www.unimedia.tech.mialias.net\/politica-de-cookies\/"},"modified":"2026-02-04T17:19:22","modified_gmt":"2026-02-04T16:19:22","slug":"politica-de-cookies","status":"publish","type":"page","link":"https:\/\/www.unimedia.tech\/es\/politica-de-cookies\/","title":{"rendered":"Pol\u00edtica de cookies"},"content":{"rendered":"\t\t<div data-elementor-type=\"wp-page\" data-elementor-id=\"2558\" class=\"elementor elementor-2558 elementor-395\" data-elementor-post-type=\"page\">\n\t\t\t\t\t\t<section class=\"elementor-section elementor-top-section elementor-element elementor-element-5867924e elementor-section-boxed elementor-section-height-default elementor-section-height-default\" data-id=\"5867924e\" data-element_type=\"section\" data-e-type=\"section\">\n\t\t\t\t\t\t<div class=\"elementor-container elementor-column-gap-default\">\n\t\t\t\t\t<div class=\"elementor-column elementor-col-100 elementor-top-column elementor-element elementor-element-2f6b6fe6\" data-id=\"2f6b6fe6\" data-element_type=\"column\" data-e-type=\"column\">\n\t\t\t<div class=\"elementor-widget-wrap elementor-element-populated\">\n\t\t\t\t\t\t<div class=\"elementor-element elementor-element-04dcd03 elementor-widget elementor-widget-heading\" data-id=\"04dcd03\" data-element_type=\"widget\" data-e-type=\"widget\" data-widget_type=\"heading.default\">\n\t\t\t\t<div class=\"elementor-widget-container\">\n\t\t\t\t\t<h1 class=\"elementor-heading-title elementor-size-default\">Pol\u00edtica de cookies<\/h1>\t\t\t\t<\/div>\n\t\t\t\t<\/div>\n\t\t\t\t<div class=\"elementor-element elementor-element-4f6c591c elementor-widget elementor-widget-text-editor\" data-id=\"4f6c591c\" data-element_type=\"widget\" data-e-type=\"widget\" data-widget_type=\"text-editor.default\">\n\t\t\t\t<div class=\"elementor-widget-container\">\n\t\t\t\t\t\t\t\t\t<p>En cumplimiento de la Ley 34\/2002, de 11 de julio, de servicios de la sociedad de la informaci\u00f3n y de comercio electr\u00f3nico, Unimedia Technology SLU informa a sus usuarios de la utilizaci\u00f3n de cookies para mejorar el servicio prestado.<\/p>\n<h2>Qu\u00e9 son las cookies<\/h2>\n<p><span style=\"font-weight: 400;\">Una &#8220;cookie&#8221; es un peque\u00f1o archivo de texto que se almacena en tu navegador cuando visitas casi cualquier p\u00e1gina web. Su utilidad es que la web sea capaz de recordar tu visita cuando vuelvas a navegar por esa p\u00e1gina. Las cookies suelen almacenar informaci\u00f3n de car\u00e1cter t\u00e9cnico, preferencias personales, personalizaci\u00f3n de contenidos, estad\u00edsticas de uso, enlaces a redes sociales, acceso a cuentas de usuario, etc. El objetivo de la cookie es adaptar el contenido de la web a tu perfil y necesidades<\/span><\/p>\n<p>Las cookies pueden ser:<\/p>\n<p>Cookies de sesi\u00f3n: Son un tipo de cookies dise\u00f1adas para recabar y almacenar datos mientras el usuario accede a una p\u00e1gina web. Estas cookies no se almacenan en el ordenador del usuario cuando caduca la sesi\u00f3n o \u00e9ste cierra el navegador.<\/p>\n<p>Cookies persistentes: Son un tipo de cookies en el que los datos siguen almacenados en el ordenador del usuario y pueden ser accedidos y tratados cuando \u00e9ste abandona la p\u00e1gina web y cuando se vuelve a conectar a ella. Estas cookies pueden ser eliminadas en cualquier momento por el Usuario.<\/p>\n<h2>\u00bfQu\u00e9 tipo de cookies utiliza este sitio web?<\/h2>\n<ul>\n<li>Cookies t\u00e9cnicas: Son aqu\u00e9llas que permiten al usuario la navegaci\u00f3n a trav\u00e9s de una p\u00e1gina web, plataforma o aplicaci\u00f3n y la utilizaci\u00f3n de las diferentes opciones o servicios que en ella existan.<\/li>\n<li>Son aqu\u00e9llas que permiten al responsable de las mismas, el seguimiento y an\u00e1lisis del comportamiento de los usuarios del sitio web al que est\u00e1n vinculadas. La informaci\u00f3n recogida mediante este tipo de cookies se utiliza en la medici\u00f3n de la actividad de los sitios web, plataformas o aplicaciones y para la elaboraci\u00f3n de perfiles de navegaci\u00f3n de los usuarios de dichos sitios, plataformas o aplicaciones, con el fin de introducir mejoras en funci\u00f3n del an\u00e1lisis de los datos de uso que hacen los usuarios.<\/li>\n<\/ul>\n<h2>Cookies de terceros<\/h2>\n<p>Adem\u00e1s de nuestras propias cookies, tambi\u00e9n podemos utilizar cookies de terceros para mejorar la experiencia de navegaci\u00f3n de nuestros usuarios y ofrecer contenidos y publicidad de inter\u00e9s.<\/p>\n<h2>Permitir, bloquear o eliminar cookies<\/h2>\n<p>Puedes permitir, bloquear o eliminar las cookies instaladas en tu equipo mediante la configuraci\u00f3n de las opciones del navegador instalado en tu ordenador.<\/p>\n<p>No obstante, ten en cuenta que si borras las cookies o te niegas a aceptarlas, es posible que no puedas utilizar todas las funciones que ofrecemos, que no puedas almacenar tus preferencias y que algunas de nuestras p\u00e1ginas no se muestren correctamente.<\/p>\n<p>Puedes obtener m\u00e1s informaci\u00f3n sobre c\u00f3mo eliminar o bloquear las cookies de tu navegador en:<\/p>\n<ul class=\"nitro-offscreen\">\n<li>Para el navegador Chrome, visita esta p\u00e1gina de Google: <a href=\"https:\/\/support.google.com\/accounts\/answer\/32050\" target=\"_self\" rel=\"nofollow external noopener noreferrer\" data-wpel-link=\"external\">https:\/\/support.google.com\/accounts\/answer\/32050<\/a><\/li>\n<li>Para el navegador web Microsoft Edge: <a href=\"https:\/\/support.microsoft.com\/en-us\/windows\/delete-and-manage-cookies-168dab11-0753-043d-7c16-ede5947fc64d\">https:\/\/support.microsoft.com\/en-us\/windows\/delete-and-manage-cookies-168dab11-0753-043d-7c16-ede5947fc64d<\/a><\/li>\n<li>Para el navegador Firefox, visita esta p\u00e1gina de Mozilla: <a href=\"https:\/\/support.mozilla.org\/en-US\/kb\/delete-cookies-remove-info-websites-stored\" target=\"_self\" rel=\"nofollow external noopener noreferrer\" data-wpel-link=\"external\">https:\/\/support.mozilla.org\/en-US\/kb\/delete-cookies-remove-info-websites-stored<\/a><\/li>\n<li>Para el navegador Safari, visita esta p\u00e1gina de Apple: <a href=\"https:\/\/support.apple.com\/guide\/safari\/manage-cookies-and-website-data-sfri11471\/mac\" target=\"_self\" rel=\"nofollow external noopener noreferrer\" data-wpel-link=\"external\">https:\/\/support.apple.com\/guide\/safari\/manage-cookies-and-website-data-sfri11471\/mac<\/a><\/li>\n<li>Para cualquier otro navegador, visita las p\u00e1ginas oficiales del navegador que utilices.<\/li>\n<\/ul>\n<h2> <\/h2>\n<h2 class=\"nitro-offscreen\">D\u00f3nde puedes encontrar m\u00e1s informaci\u00f3n sobre las cookies<\/h2>\n<p class=\"nitro-offscreen\">Puedes obtener m\u00e1s informaci\u00f3n sobre las cookies y los siguientes sitios web de terceros:<\/p>\n<ul class=\"nitro-offscreen\">\n<li>AllAboutCookies: <a href=\"http:\/\/www.allaboutcookies.org\/\" target=\"_self\" rel=\"nofollow external noopener noreferrer\" data-wpel-link=\"external\">http:\/\/www.allaboutcookies.org\/<\/a><\/li>\n<li>Iniciativa de Publicidad en Red: <a href=\"http:\/\/www.networkadvertising.org\/\" target=\"_self\" rel=\"nofollow external noopener noreferrer\" data-wpel-link=\"external\">http:\/\/www.networkadvertising.org\/<\/a><\/li>\n<\/ul>\n\t\t\t\t\t\t\t\t<\/div>\n\t\t\t\t<\/div>\n\t\t\t\t\t<\/div>\n\t\t<\/div>\n\t\t\t\t\t<\/div>\n\t\t<\/section>\n\t\t\t\t<\/div>\n\t\t","protected":false},"excerpt":{"rendered":"<p>En cumplimiento de la Ley 34\/2002, de 11 de julio, de servicios de la sociedad de la informaci\u00f3n y de comercio electr\u00f3nico, Unimedia Technology SLU informa a sus usuarios de la utilizaci\u00f3n de cookies para mejorar el servicio prestado. Qu\u00e9 son las cookies Una &#8220;cookie&#8221; es un peque\u00f1o archivo de texto que se almacena en [&hellip;]<\/p>\n","protected":false},"author":4,"featured_media":0,"parent":0,"menu_order":0,"comment_status":"closed","ping_status":"closed","template":"elementor_header_footer","meta":{"_acf_changed":false,"footnotes":""},"class_list":["post-2558","page","type-page","status-publish","hentry"],"acf":[],"yoast_head":"<!-- This site is optimized with the Yoast SEO Premium plugin v21.6 (Yoast SEO v27.1.1) - https:\/\/yoast.com\/product\/yoast-seo-premium-wordpress\/ -->\n<title>Pol\u00edtica de cookies<\/title>\n<meta name=\"description\" content=\"Conoce c\u00f3mo nuestra pol\u00edtica de cookies en Unimedia Tech mejora tu experiencia online con seguridad y transparencia.\" \/>\n<meta name=\"robots\" content=\"noindex, follow\" \/>\n<meta property=\"og:locale\" content=\"es_ES\" \/>\n<meta property=\"og:type\" content=\"article\" \/>\n<meta property=\"og:title\" content=\"Pol\u00edtica de cookies\" \/>\n<meta property=\"og:description\" content=\"Conoce c\u00f3mo nuestra pol\u00edtica de cookies en Unimedia Tech mejora tu experiencia online con seguridad y transparencia.\" \/>\n<meta property=\"og:url\" content=\"https:\/\/www.unimedia.tech\/es\/politica-de-cookies\/\" \/>\n<meta property=\"og:site_name\" content=\"Unimedia Technology\" \/>\n<meta property=\"article:publisher\" content=\"https:\/\/www.linkedin.com\/company\/unimedia-technology\/\" \/>\n<meta property=\"article:modified_time\" content=\"2026-02-04T16:19:22+00:00\" \/>\n<meta property=\"og:image\" content=\"https:\/\/www.unimedia.tech\/wp-content\/uploads\/2023\/12\/cloud_border-3.png\" \/>\n\t<meta property=\"og:image:width\" content=\"403\" \/>\n\t<meta property=\"og:image:height\" content=\"309\" \/>\n\t<meta property=\"og:image:type\" content=\"image\/png\" \/>\n<meta name=\"twitter:card\" content=\"summary_large_image\" \/>\n<meta name=\"twitter:site\" content=\"@UnimediaCTO\" \/>\n<meta name=\"twitter:label1\" content=\"Tiempo de lectura\" \/>\n\t<meta name=\"twitter:data1\" content=\"3 minutos\" \/>\n<!-- \/ Yoast SEO Premium plugin. -->","yoast_head_json":{"title":"Pol\u00edtica de cookies","description":"Conoce c\u00f3mo nuestra pol\u00edtica de cookies en Unimedia Tech mejora tu experiencia online con seguridad y transparencia.","robots":{"index":"noindex","follow":"follow"},"og_locale":"es_ES","og_type":"article","og_title":"Pol\u00edtica de cookies","og_description":"Conoce c\u00f3mo nuestra pol\u00edtica de cookies en Unimedia Tech mejora tu experiencia online con seguridad y transparencia.","og_url":"https:\/\/www.unimedia.tech\/es\/politica-de-cookies\/","og_site_name":"Unimedia Technology","article_publisher":"https:\/\/www.linkedin.com\/company\/unimedia-technology\/","article_modified_time":"2026-02-04T16:19:22+00:00","og_image":[{"width":403,"height":309,"url":"https:\/\/www.unimedia.tech\/wp-content\/uploads\/2023\/12\/cloud_border-3.png","type":"image\/png"}],"twitter_card":"summary_large_image","twitter_site":"@UnimediaCTO","twitter_misc":{"Tiempo de lectura":"3 minutos"},"schema":{"@context":"https:\/\/schema.org","@graph":[{"@type":"WebPage","@id":"https:\/\/www.unimedia.tech\/es\/politica-de-cookies\/","url":"https:\/\/www.unimedia.tech\/es\/politica-de-cookies\/","name":"Pol\u00edtica de cookies","isPartOf":{"@id":"https:\/\/www.unimedia.tech\/es\/#website"},"datePublished":"2023-09-28T09:31:49+00:00","dateModified":"2026-02-04T16:19:22+00:00","description":"Conoce c\u00f3mo nuestra pol\u00edtica de cookies en Unimedia Tech mejora tu experiencia online con seguridad y transparencia.","breadcrumb":{"@id":"https:\/\/www.unimedia.tech\/es\/politica-de-cookies\/#breadcrumb"},"inLanguage":"es","potentialAction":[{"@type":"ReadAction","target":["https:\/\/www.unimedia.tech\/es\/politica-de-cookies\/"]}]},{"@type":"BreadcrumbList","@id":"https:\/\/www.unimedia.tech\/es\/politica-de-cookies\/#breadcrumb","itemListElement":[{"@type":"ListItem","position":1,"name":"Home","item":"https:\/\/www.unimedia.tech\/es\/"},{"@type":"ListItem","position":2,"name":"Pol\u00edtica de cookies"}]},{"@type":"WebSite","@id":"https:\/\/www.unimedia.tech\/es\/#website","url":"https:\/\/www.unimedia.tech\/es\/","name":"Unimedia Technology","description":"Your software development partner","publisher":{"@id":"https:\/\/www.unimedia.tech\/es\/#organization"},"alternateName":"Unimedia Tech","potentialAction":[{"@type":"SearchAction","target":{"@type":"EntryPoint","urlTemplate":"https:\/\/www.unimedia.tech\/es\/?s={search_term_string}"},"query-input":{"@type":"PropertyValueSpecification","valueRequired":true,"valueName":"search_term_string"}}],"inLanguage":"es"},{"@type":"Organization","@id":"https:\/\/www.unimedia.tech\/es\/#organization","name":"Unimedia Technology","alternateName":"Unimedia Tech","url":"https:\/\/www.unimedia.tech\/es\/","logo":{"@type":"ImageObject","inLanguage":"es","@id":"https:\/\/www.unimedia.tech\/es\/#\/schema\/logo\/image\/","url":"https:\/\/www.unimedia.tech\/wp-content\/uploads\/2023\/12\/cloud_border-3.png","contentUrl":"https:\/\/www.unimedia.tech\/wp-content\/uploads\/2023\/12\/cloud_border-3.png","width":403,"height":309,"caption":"Unimedia Technology"},"image":{"@id":"https:\/\/www.unimedia.tech\/es\/#\/schema\/logo\/image\/"},"sameAs":["https:\/\/www.linkedin.com\/company\/unimedia-technology\/","https:\/\/x.com\/UnimediaCTO","https:\/\/www.instagram.com\/unimedia.technology\/"]}]}},"_links":{"self":[{"href":"https:\/\/www.unimedia.tech\/es\/wp-json\/wp\/v2\/pages\/2558","targetHints":{"allow":["GET"]}}],"collection":[{"href":"https:\/\/www.unimedia.tech\/es\/wp-json\/wp\/v2\/pages"}],"about":[{"href":"https:\/\/www.unimedia.tech\/es\/wp-json\/wp\/v2\/types\/page"}],"author":[{"embeddable":true,"href":"https:\/\/www.unimedia.tech\/es\/wp-json\/wp\/v2\/users\/4"}],"replies":[{"embeddable":true,"href":"https:\/\/www.unimedia.tech\/es\/wp-json\/wp\/v2\/comments?post=2558"}],"version-history":[{"count":1,"href":"https:\/\/www.unimedia.tech\/es\/wp-json\/wp\/v2\/pages\/2558\/revisions"}],"predecessor-version":[{"id":17379,"href":"https:\/\/www.unimedia.tech\/es\/wp-json\/wp\/v2\/pages\/2558\/revisions\/17379"}],"wp:attachment":[{"href":"https:\/\/www.unimedia.tech\/es\/wp-json\/wp\/v2\/media?parent=2558"}],"curies":[{"name":"wp","href":"https:\/\/api.w.org\/{rel}","templated":true}]}}