{"id":2570,"date":"2023-09-28T11:31:28","date_gmt":"2023-09-28T09:31:28","guid":{"rendered":"http:\/\/www.unimedia.tech.mialias.net\/politica-de-privacidad\/"},"modified":"2024-01-25T18:47:45","modified_gmt":"2024-01-25T17:47:45","slug":"politica-de-privacidad","status":"publish","type":"page","link":"https:\/\/www.unimedia.tech\/es\/politica-de-privacidad\/","title":{"rendered":"Pol\u00edtica de privacidad"},"content":{"rendered":"\t\t<div data-elementor-type=\"wp-page\" data-elementor-id=\"2570\" class=\"elementor elementor-2570 elementor-392\" data-elementor-post-type=\"page\">\n\t\t\t\t\t\t<section class=\"elementor-section elementor-top-section elementor-element elementor-element-f4dc359 elementor-section-boxed elementor-section-height-default elementor-section-height-default\" data-id=\"f4dc359\" data-element_type=\"section\" data-e-type=\"section\">\n\t\t\t\t\t\t<div class=\"elementor-container elementor-column-gap-default\">\n\t\t\t\t\t<div class=\"elementor-column elementor-col-100 elementor-top-column elementor-element elementor-element-0400c07\" data-id=\"0400c07\" data-element_type=\"column\" data-e-type=\"column\">\n\t\t\t<div class=\"elementor-widget-wrap elementor-element-populated\">\n\t\t\t\t\t\t<div class=\"elementor-element elementor-element-2e1093b elementor-widget elementor-widget-heading\" data-id=\"2e1093b\" data-element_type=\"widget\" data-e-type=\"widget\" data-widget_type=\"heading.default\">\n\t\t\t\t<div class=\"elementor-widget-container\">\n\t\t\t\t\t<h1 class=\"elementor-heading-title elementor-size-default\">Pol\u00edtica de privacidad<\/h1>\t\t\t\t<\/div>\n\t\t\t\t<\/div>\n\t\t\t\t<div class=\"elementor-element elementor-element-60c2b09 elementor-widget elementor-widget-text-editor\" data-id=\"60c2b09\" data-element_type=\"widget\" data-e-type=\"widget\" data-widget_type=\"text-editor.default\">\n\t\t\t\t<div class=\"elementor-widget-container\">\n\t\t\t\t\t\t\t\t\t<h2>Responsable del tratamiento de datos<\/h2>\n<p>Identidad: Unimedia Technology SLU<\/p>\n<p>NIF: B66934365<\/p>\n<p>Direcci\u00f3n: C\/Esteve Terradas, 1, 111A &#8211; Parque Mediterr\u00e1neo de la Tecnolog\u00eda (PMT) &#8211; 08860 Castelldefels, Barcelona, Espa\u00f1a<\/p>\n<p>Tel\u00e9fono de contacto: +34 936 01 40 40<\/p>\n<p>Correo electr\u00f3nico: info@unimedia.tech<\/p>\n<h2>Normativa sobre gesti\u00f3n de datos<\/h2>\n<p>Nuestras actividades se rigen por el Reglamento General de Protecci\u00f3n de Datos (RGPD), que es el Reglamento (UE) 2016\/679 del Parlamento Europeo y del Consejo, de 27 de abril de 2016, relativo a la protecci\u00f3n de las personas f\u00edsicas en lo que respecta al tratamiento de datos personales y a la libre circulaci\u00f3n de estos datos, por la Ley Org\u00e1nica 3\/2018, de 5 de diciembre, de Protecci\u00f3n de Datos Personales y Garant\u00eda de los Derechos Digitales (LOPDGDD), y por el resto de normativa nacional aplicable.<\/p>\n<h2>Principios aplicados al Tratamiento de Datos<\/h2>\n<p>En el tratamiento de tus datos personales, Unimedia Technology SLU aplicar\u00e1 los siguientes principios que se ajustan a las exigencias del nuevo reglamento europeo de protecci\u00f3n de datos:<\/p>\n<p>Principio de licitud, lealtad y transparencia: Unimedia Technology SLU siempre requerir\u00e1 el consentimiento para el tratamiento de tus datos personales, que puede ser para uno o varios fines espec\u00edficos sobre los que te informar\u00e1 previamente con absoluta transparencia.<\/p>\n<p>Principio de minimizaci\u00f3n de datos: Unimedia Technology solicitar\u00e1 \u00fanicamente los datos estrictamente necesarios para la finalidad o finalidades para las que se solicitan.<\/p>\n<p>Principio de limitaci\u00f3n del plazo de conservaci\u00f3n: Los datos se conservar\u00e1n durante el tiempo estrictamente necesario para la finalidad o finalidades del tratamiento.<\/p>\n<p>Principio de integridad y confidencialidad: Los datos se tratar\u00e1n de forma que se garantice una seguridad adecuada de los datos personales y se mantenga la confidencialidad.<\/p>\n<h2>Obtenci\u00f3n de Datos Personales<\/h2>\n<p>Para navegar por nuestro sitio web no es necesario facilitar ning\u00fan dato personal. Los casos en los que s\u00ed proporcionas tus datos personales son los siguientes:<\/p>\n<p>Al contactar a trav\u00e9s de los formularios de contacto.<br \/>Al realizar una solicitud de consultas y\/o servicios.<br \/>Al aplicar en una oferta de empleo.<\/p>\n<h2>Tus Derechos<\/h2>\n<p>Unimedia Technology SLU te informa que respecto a tus datos personales tienes derecho a:<\/p>\n<ul>\n<li>Solicitar acceso a los datos almacenados. Puedes preguntarnos si estamos tratando tus datos y c\u00f3mo.<\/li>\n<li>Solicitar la rectificaci\u00f3n o cancelaci\u00f3n. Puedes pedirnos que actualicemos tus datos personales si son incorrectos, y suprimirlos si as\u00ed lo deseas, cuando tus datos ya no sean necesarios para el tratamiento, retires tu consentimiento, sea un tratamiento il\u00edcito o haya una obligaci\u00f3n legal de hacerlo Analizaremos el caso y aplicaremos la ley.<\/li>\n<li>Solicitar la limitaci\u00f3n de su tratamiento. En este caso, \u00fanicamente ser\u00e1n conservados por Unimedia Technology SLU para el ejercicio o defensa de reclamaciones.<\/li>\n<li>Oponerte al tratamiento de tus datos. Tras tu solicitud de oposici\u00f3n al tratamiento, Unimedia Technology SLU dejar\u00e1 de tratar los datos en la forma que indiques, salvo que por motivos leg\u00edtimos imperiosos o el ejercicio o la defensa de posibles reclamaciones se tengan que seguir tratando.<\/li>\n<li>Solicitar la portabilidad de tus datos. En caso de que desees que tus datos sean tratados por otra empresa, Unimedia Technology SLU te facilitar\u00e1 la portabilidad de tus datos al nuevo responsable.<\/li>\n<li>Retirar el consentimiento dado. La retirada del consentimiento no afectar\u00e1 a la legalidad del tratamiento basado en el consentimiento previo a su retirada.<\/li>\n<\/ul>\n<p>El ejercicio de estos derechos es personal y, por tanto, debe ser ejercido directamente por el interesado, solicit\u00e1ndolo directamente a sus titulares.<\/p>\n<h2>Seguridad de los datos personales<\/h2>\n<p>Unimedia Technology SLU se compromete en la utilizaci\u00f3n de los datos, a respetar su confidencialidad y a utilizarlos de acuerdo con la finalidad de los mismos, as\u00ed como a dar cumplimiento a su obligaci\u00f3n de guardarlos y adaptar todas las medidas para evitar la alteraci\u00f3n, p\u00e9rdida, tratamiento o acceso no autorizado, de conformidad con lo establecido en la normativa vigente de protecci\u00f3n de datos.<\/p>\n<h2>Cambios en la pol\u00edtica de privacidad<\/h2>\n<p>Unimedia Technology SLU se reserva el derecho a modificar la presente pol\u00edtica para adaptarla a novedades legislativas o jurisprudenciales. En tal caso, Unimedia Technology anunciar\u00e1 en esta p\u00e1gina los cambios introducidos con razonable antelaci\u00f3n a su puesta en pr\u00e1ctica.<\/p>\n<p>Para conocer nuestra <strong>Pol\u00edtica de Cookies<\/strong>, visita: <a href=\"https:\/\/www.unimedia.tech\/es\/politica-de-cookies\/\">https:\/\/www.unimedia.tech\/cookies-policy\/<\/a><\/p>\n<h2>Contacta con nosotros<\/h2>\n<p class=\"nitro-offscreen\">Si tienes alguna consulta sobre nuestra Pol\u00edtica de privacidad, no dudes en contactarnos.<\/p>\n\t\t\t\t\t\t\t\t<\/div>\n\t\t\t\t<\/div>\n\t\t\t\t\t<\/div>\n\t\t<\/div>\n\t\t\t\t\t<\/div>\n\t\t<\/section>\n\t\t\t\t<\/div>\n\t\t","protected":false},"excerpt":{"rendered":"<p>Responsable del tratamiento de datos Identidad: Unimedia Technology SLU NIF: B66934365 Direcci\u00f3n: C\/Esteve Terradas, 1, 111A &#8211; Parque Mediterr\u00e1neo de la Tecnolog\u00eda (PMT) &#8211; 08860 Castelldefels, Barcelona, Espa\u00f1a Tel\u00e9fono de contacto: +34 936 01 40 40 Correo electr\u00f3nico: info@unimedia.tech Normativa sobre gesti\u00f3n de datos Nuestras actividades se rigen por el Reglamento General de Protecci\u00f3n de [&hellip;]<\/p>\n","protected":false},"author":4,"featured_media":0,"parent":0,"menu_order":0,"comment_status":"closed","ping_status":"closed","template":"elementor_header_footer","meta":{"_acf_changed":false,"footnotes":""},"class_list":["post-2570","page","type-page","status-publish","hentry"],"acf":[],"yoast_head":"<!-- This site is optimized with the Yoast SEO Premium plugin v21.6 (Yoast SEO v27.1.1) - https:\/\/yoast.com\/product\/yoast-seo-premium-wordpress\/ -->\n<title>Pol\u00edtica de privacidad<\/title>\n<meta name=\"description\" content=\"En Unimedia Tech, nuestra pol\u00edtica de privacidad garantiza la protecci\u00f3n y el tratamiento responsable de sus datos personales.\" \/>\n<meta name=\"robots\" content=\"noindex, follow\" \/>\n<meta property=\"og:locale\" content=\"es_ES\" \/>\n<meta property=\"og:type\" content=\"article\" \/>\n<meta property=\"og:title\" content=\"Pol\u00edtica de privacidad\" \/>\n<meta property=\"og:description\" content=\"En Unimedia Tech, nuestra pol\u00edtica de privacidad garantiza la protecci\u00f3n y el tratamiento responsable de sus datos personales.\" \/>\n<meta property=\"og:url\" content=\"https:\/\/www.unimedia.tech\/es\/politica-de-privacidad\/\" \/>\n<meta property=\"og:site_name\" content=\"Unimedia Technology\" \/>\n<meta property=\"article:publisher\" content=\"https:\/\/www.linkedin.com\/company\/unimedia-technology\/\" \/>\n<meta property=\"article:modified_time\" content=\"2024-01-25T17:47:45+00:00\" \/>\n<meta property=\"og:image\" content=\"https:\/\/www.unimedia.tech\/wp-content\/uploads\/2023\/12\/cloud_border-3.png\" \/>\n\t<meta property=\"og:image:width\" content=\"403\" \/>\n\t<meta property=\"og:image:height\" content=\"309\" \/>\n\t<meta property=\"og:image:type\" content=\"image\/png\" \/>\n<meta name=\"twitter:card\" content=\"summary_large_image\" \/>\n<meta name=\"twitter:site\" content=\"@UnimediaCTO\" \/>\n<meta name=\"twitter:label1\" content=\"Tiempo de lectura\" \/>\n\t<meta name=\"twitter:data1\" content=\"4 minutos\" \/>\n<!-- \/ Yoast SEO Premium plugin. -->","yoast_head_json":{"title":"Pol\u00edtica de privacidad","description":"En Unimedia Tech, nuestra pol\u00edtica de privacidad garantiza la protecci\u00f3n y el tratamiento responsable de sus datos personales.","robots":{"index":"noindex","follow":"follow"},"og_locale":"es_ES","og_type":"article","og_title":"Pol\u00edtica de privacidad","og_description":"En Unimedia Tech, nuestra pol\u00edtica de privacidad garantiza la protecci\u00f3n y el tratamiento responsable de sus datos personales.","og_url":"https:\/\/www.unimedia.tech\/es\/politica-de-privacidad\/","og_site_name":"Unimedia Technology","article_publisher":"https:\/\/www.linkedin.com\/company\/unimedia-technology\/","article_modified_time":"2024-01-25T17:47:45+00:00","og_image":[{"width":403,"height":309,"url":"https:\/\/www.unimedia.tech\/wp-content\/uploads\/2023\/12\/cloud_border-3.png","type":"image\/png"}],"twitter_card":"summary_large_image","twitter_site":"@UnimediaCTO","twitter_misc":{"Tiempo de lectura":"4 minutos"},"schema":{"@context":"https:\/\/schema.org","@graph":[{"@type":"WebPage","@id":"https:\/\/www.unimedia.tech\/es\/politica-de-privacidad\/","url":"https:\/\/www.unimedia.tech\/es\/politica-de-privacidad\/","name":"Pol\u00edtica de privacidad","isPartOf":{"@id":"https:\/\/www.unimedia.tech\/es\/#website"},"datePublished":"2023-09-28T09:31:28+00:00","dateModified":"2024-01-25T17:47:45+00:00","description":"En Unimedia Tech, nuestra pol\u00edtica de privacidad garantiza la protecci\u00f3n y el tratamiento responsable de sus datos personales.","breadcrumb":{"@id":"https:\/\/www.unimedia.tech\/es\/politica-de-privacidad\/#breadcrumb"},"inLanguage":"es","potentialAction":[{"@type":"ReadAction","target":["https:\/\/www.unimedia.tech\/es\/politica-de-privacidad\/"]}]},{"@type":"BreadcrumbList","@id":"https:\/\/www.unimedia.tech\/es\/politica-de-privacidad\/#breadcrumb","itemListElement":[{"@type":"ListItem","position":1,"name":"Home","item":"https:\/\/www.unimedia.tech\/es\/"},{"@type":"ListItem","position":2,"name":"Pol\u00edtica de privacidad"}]},{"@type":"WebSite","@id":"https:\/\/www.unimedia.tech\/es\/#website","url":"https:\/\/www.unimedia.tech\/es\/","name":"Unimedia Technology","description":"Your software development partner","publisher":{"@id":"https:\/\/www.unimedia.tech\/es\/#organization"},"alternateName":"Unimedia Tech","potentialAction":[{"@type":"SearchAction","target":{"@type":"EntryPoint","urlTemplate":"https:\/\/www.unimedia.tech\/es\/?s={search_term_string}"},"query-input":{"@type":"PropertyValueSpecification","valueRequired":true,"valueName":"search_term_string"}}],"inLanguage":"es"},{"@type":"Organization","@id":"https:\/\/www.unimedia.tech\/es\/#organization","name":"Unimedia Technology","alternateName":"Unimedia Tech","url":"https:\/\/www.unimedia.tech\/es\/","logo":{"@type":"ImageObject","inLanguage":"es","@id":"https:\/\/www.unimedia.tech\/es\/#\/schema\/logo\/image\/","url":"https:\/\/www.unimedia.tech\/wp-content\/uploads\/2023\/12\/cloud_border-3.png","contentUrl":"https:\/\/www.unimedia.tech\/wp-content\/uploads\/2023\/12\/cloud_border-3.png","width":403,"height":309,"caption":"Unimedia Technology"},"image":{"@id":"https:\/\/www.unimedia.tech\/es\/#\/schema\/logo\/image\/"},"sameAs":["https:\/\/www.linkedin.com\/company\/unimedia-technology\/","https:\/\/x.com\/UnimediaCTO","https:\/\/www.instagram.com\/unimedia.technology\/"]}]}},"_links":{"self":[{"href":"https:\/\/www.unimedia.tech\/es\/wp-json\/wp\/v2\/pages\/2570","targetHints":{"allow":["GET"]}}],"collection":[{"href":"https:\/\/www.unimedia.tech\/es\/wp-json\/wp\/v2\/pages"}],"about":[{"href":"https:\/\/www.unimedia.tech\/es\/wp-json\/wp\/v2\/types\/page"}],"author":[{"embeddable":true,"href":"https:\/\/www.unimedia.tech\/es\/wp-json\/wp\/v2\/users\/4"}],"replies":[{"embeddable":true,"href":"https:\/\/www.unimedia.tech\/es\/wp-json\/wp\/v2\/comments?post=2570"}],"version-history":[{"count":0,"href":"https:\/\/www.unimedia.tech\/es\/wp-json\/wp\/v2\/pages\/2570\/revisions"}],"wp:attachment":[{"href":"https:\/\/www.unimedia.tech\/es\/wp-json\/wp\/v2\/media?parent=2570"}],"curies":[{"name":"wp","href":"https:\/\/api.w.org\/{rel}","templated":true}]}}