{"id":7933,"date":"2024-01-05T11:34:56","date_gmt":"2024-01-05T10:34:56","guid":{"rendered":"http:\/\/www.unimedia.tech.mialias.net\/gracias-por-solicitar-formar-parte-del-equipo-de-unimedia\/"},"modified":"2026-02-04T17:13:32","modified_gmt":"2026-02-04T16:13:32","slug":"gracias-por-solicitar-formar-parte-del-equipo-de-unimedia","status":"publish","type":"page","link":"https:\/\/www.unimedia.tech\/es\/gracias-por-solicitar-formar-parte-del-equipo-de-unimedia\/","title":{"rendered":"Gracias por solicitar formar parte del equipo de UniMedia"},"content":{"rendered":"\t\t<div data-elementor-type=\"wp-page\" data-elementor-id=\"7933\" class=\"elementor elementor-7933 elementor-7927\" data-elementor-post-type=\"page\">\n\t\t\t\t\t\t<section class=\"elementor-section elementor-top-section elementor-element elementor-element-1aaf349 elementor-section-height-min-height elementor-section-boxed elementor-section-height-default elementor-section-items-middle\" data-id=\"1aaf349\" data-element_type=\"section\" data-e-type=\"section\" data-settings=\"{&quot;background_background&quot;:&quot;classic&quot;}\">\n\t\t\t\t\t\t\t<div class=\"elementor-background-overlay\"><\/div>\n\t\t\t\t\t\t\t<div class=\"elementor-container elementor-column-gap-default\">\n\t\t\t\t\t<div class=\"elementor-column elementor-col-100 elementor-top-column elementor-element elementor-element-0d6a46b\" data-id=\"0d6a46b\" data-element_type=\"column\" data-e-type=\"column\">\n\t\t\t<div class=\"elementor-widget-wrap elementor-element-populated\">\n\t\t\t\t\t\t<div class=\"elementor-element elementor-element-db52e31 elementor-widget elementor-widget-image\" data-id=\"db52e31\" data-element_type=\"widget\" data-e-type=\"widget\" data-widget_type=\"image.default\">\n\t\t\t\t<div class=\"elementor-widget-container\">\n\t\t\t\t\t\t\t\t\t\t\t\t\t\t\t<img decoding=\"async\" width=\"148\" height=\"114\" src=\"https:\/\/www.unimedia.tech\/wp-content\/uploads\/2023\/10\/Capa-5.png\" class=\"attachment-medium size-medium wp-image-2042\" alt=\"\" \/>\t\t\t\t\t\t\t\t\t\t\t\t\t\t\t<\/div>\n\t\t\t\t<\/div>\n\t\t\t\t<div class=\"elementor-element elementor-element-29cc11f elementor-widget elementor-widget-heading\" data-id=\"29cc11f\" data-element_type=\"widget\" data-e-type=\"widget\" data-widget_type=\"heading.default\">\n\t\t\t\t<div class=\"elementor-widget-container\">\n\t\t\t\t\t<h1 class=\"elementor-heading-title elementor-size-default\">Gracias por solicitar formar parte del equipo de UniMedia.<\/h1>\t\t\t\t<\/div>\n\t\t\t\t<\/div>\n\t\t\t\t<div class=\"elementor-element elementor-element-e9bc8a3 elementor-widget elementor-widget-text-editor\" data-id=\"e9bc8a3\" data-element_type=\"widget\" data-e-type=\"widget\" data-widget_type=\"text-editor.default\">\n\t\t\t\t<div class=\"elementor-widget-container\">\n\t\t\t\t\t\t\t\t\t<p>Agradecemos sinceramente su inter\u00e9s en formar parte de la familia UniMedia. Su solicitud para el puesto ha sido recibida correctamente y est\u00e1 siendo revisada por nuestro equipo de contrataci\u00f3n.  <\/p>\n\t\t\t\t\t\t\t\t<\/div>\n\t\t\t\t<\/div>\n\t\t\t\t\t<\/div>\n\t\t<\/div>\n\t\t\t\t\t<\/div>\n\t\t<\/section>\n\t\t\t\t<section class=\"elementor-section elementor-top-section elementor-element elementor-element-c31a70a elementor-section-boxed elementor-section-height-default elementor-section-height-default\" data-id=\"c31a70a\" data-element_type=\"section\" data-e-type=\"section\">\n\t\t\t\t\t\t<div class=\"elementor-container elementor-column-gap-default\">\n\t\t\t\t\t<div class=\"elementor-column elementor-col-100 elementor-top-column elementor-element elementor-element-d479acd\" data-id=\"d479acd\" data-element_type=\"column\" data-e-type=\"column\">\n\t\t\t<div class=\"elementor-widget-wrap elementor-element-populated\">\n\t\t\t\t\t\t<div class=\"elementor-element elementor-element-1f04a49 elementor-widget elementor-widget-text-editor\" data-id=\"1f04a49\" data-element_type=\"widget\" data-e-type=\"widget\" data-widget_type=\"text-editor.default\">\n\t\t\t\t<div class=\"elementor-widget-container\">\n\t\t\t\t\t\t\t\t\t<p>Nos comprometemos a fomentar un entorno de trabajo din\u00e1mico y colaborativo, en el que la contribuci\u00f3n de cada miembro del equipo se valore y sea fundamental para nuestro \u00e9xito. Entendemos que el proceso de solicitud de empleo puede ser un momento de ansiedad, y queremos asegurarle que su solicitud recibir\u00e1 la consideraci\u00f3n que merece.<\/p>\n\t\t\t\t\t\t\t\t<\/div>\n\t\t\t\t<\/div>\n\t\t\t\t<div class=\"elementor-element elementor-element-58c68de elementor-widget elementor-widget-heading\" data-id=\"58c68de\" data-element_type=\"widget\" data-e-type=\"widget\" data-widget_type=\"heading.default\">\n\t\t\t\t<div class=\"elementor-widget-container\">\n\t\t\t\t\t<h2 class=\"elementor-heading-title elementor-size-default\">Esto es lo que puede esperar a continuaci\u00f3n en nuestro proceso de contrataci\u00f3n:\n\n<\/h2>\t\t\t\t<\/div>\n\t\t\t\t<\/div>\n\t\t\t\t<div class=\"elementor-element elementor-element-17146ed elementor-widget elementor-widget-text-editor\" data-id=\"17146ed\" data-element_type=\"widget\" data-e-type=\"widget\" data-widget_type=\"text-editor.default\">\n\t\t\t\t<div class=\"elementor-widget-container\">\n\t\t\t\t\t\t\t\t\t<p><strong>1.Revisi\u00f3n de la solicitud<\/strong>: Nuestro equipo revisar\u00e1 minuciosamente su solicitud, evaluando sus competencias, experiencia e idoneidad para el puesto.<\/p>\n<p><strong>2.Comunicaci\u00f3n<\/strong>: Si su perfil se ajusta a nuestras necesidades para este puesto, nos pondremos en contacto con usted directamente para hablar de los siguientes pasos, que normalmente incluyen una entrevista inicial.<\/p>\n<p><strong>3.Proceso de entrevistas<\/strong>: Esta fase puede implicar una o varias rondas de entrevistas, dependiendo de la naturaleza del puesto.<\/p>\n<p><strong>4.Decisi\u00f3n y feedback<\/strong>: Independientemente del resultado, creemos que debemos proporcionar un feedback constructivo a todos nuestros candidatos.<\/p>\n<p>Le rogamos que nos conceda un plazo de dos semanas para tramitar su solicitud. Le animamos a visitar nuestro sitio web y a seguirnos en nuestras redes sociales para estar al d\u00eda de las \u00faltimas novedades y noticias sobre la vida en UniMedia.<\/p>\n<p>Gracias una vez m\u00e1s por considerar la posibilidad de hacer carrera en UniMedia. Estamos entusiasmados con la posibilidad de tenerle en nuestro equipo y esperamos tener la oportunidad de seguir hablando de su candidatura.<\/p>\n\t\t\t\t\t\t\t\t<\/div>\n\t\t\t\t<\/div>\n\t\t\t\t\t<\/div>\n\t\t<\/div>\n\t\t\t\t\t<\/div>\n\t\t<\/section>\n\t\t\t\t<section class=\"elementor-section elementor-top-section elementor-element elementor-element-b8f755e elementor-section-boxed elementor-section-height-default elementor-section-height-default\" data-id=\"b8f755e\" data-element_type=\"section\" data-e-type=\"section\">\n\t\t\t\t\t\t<div class=\"elementor-container elementor-column-gap-default\">\n\t\t\t\t\t<div class=\"elementor-column elementor-col-100 elementor-top-column elementor-element elementor-element-212586d\" data-id=\"212586d\" data-element_type=\"column\" data-e-type=\"column\">\n\t\t\t<div class=\"elementor-widget-wrap elementor-element-populated\">\n\t\t\t\t\t\t<div class=\"elementor-element elementor-element-d6d1f29 elementor-widget elementor-widget-heading\" data-id=\"d6d1f29\" data-element_type=\"widget\" data-e-type=\"widget\" data-widget_type=\"heading.default\">\n\t\t\t\t<div class=\"elementor-widget-container\">\n\t\t\t\t\t<h2 class=\"elementor-heading-title elementor-size-default\">Mientras tanto, no dude en explorar nuestro sitio web para obtener m\u00e1s informaci\u00f3n.<\/h2>\t\t\t\t<\/div>\n\t\t\t\t<\/div>\n\t\t\t\t<div class=\"elementor-element elementor-element-2860fe1 elementor-widget elementor-widget-heading\" data-id=\"2860fe1\" data-element_type=\"widget\" data-e-type=\"widget\" data-widget_type=\"heading.default\">\n\t\t\t\t<div class=\"elementor-widget-container\">\n\t\t\t\t\t<h2 class=\"elementor-heading-title elementor-size-default\">\u00daltimos art\u00edculos de nuestro blog<\/h2>\t\t\t\t<\/div>\n\t\t\t\t<\/div>\n\t\t\t\t<div class=\"elementor-element elementor-element-fbd5941 elementor-grid-3 elementor-grid-tablet-2 elementor-grid-mobile-1 elementor-posts--thumbnail-top elementor-widget elementor-widget-posts\" data-id=\"fbd5941\" data-element_type=\"widget\" data-e-type=\"widget\" data-settings=\"{&quot;classic_columns&quot;:&quot;3&quot;,&quot;classic_columns_tablet&quot;:&quot;2&quot;,&quot;classic_columns_mobile&quot;:&quot;1&quot;,&quot;classic_row_gap&quot;:{&quot;unit&quot;:&quot;px&quot;,&quot;size&quot;:35,&quot;sizes&quot;:[]},&quot;classic_row_gap_tablet&quot;:{&quot;unit&quot;:&quot;px&quot;,&quot;size&quot;:&quot;&quot;,&quot;sizes&quot;:[]},&quot;classic_row_gap_mobile&quot;:{&quot;unit&quot;:&quot;px&quot;,&quot;size&quot;:&quot;&quot;,&quot;sizes&quot;:[]}}\" data-widget_type=\"posts.classic\">\n\t\t\t\t<div class=\"elementor-widget-container\">\n\t\t\t\t\t\t\t<div class=\"elementor-posts-container elementor-posts elementor-posts--skin-classic elementor-grid\" role=\"list\">\n\t\t\t\t<article class=\"elementor-post elementor-grid-item post-17677 post type-post status-publish format-standard has-post-thumbnail hentry category-inteligencia-artificial-ai\" role=\"listitem\">\n\t\t\t\t<a class=\"elementor-post__thumbnail__link\" href=\"https:\/\/www.unimedia.tech\/es\/como-mejorar-la-conversion-con-ia-en-empresas-de-servicios\/\" tabindex=\"-1\" >\n\t\t\t<div class=\"elementor-post__thumbnail\"><img fetchpriority=\"high\" decoding=\"async\" width=\"300\" height=\"169\" src=\"https:\/\/www.unimedia.tech\/wp-content\/uploads\/2026\/04\/ai-conversion-optimization-business-dashboard-300x169.jpg\" class=\"attachment-medium size-medium wp-image-17676\" alt=\"Equipo de trabajo evaluando m\u00e9tricas de conversi\u00f3n con IA en una empresa de servicios\" srcset=\"https:\/\/www.unimedia.tech\/wp-content\/uploads\/2026\/04\/ai-conversion-optimization-business-dashboard-300x169.jpg 300w, https:\/\/www.unimedia.tech\/wp-content\/uploads\/2026\/04\/ai-conversion-optimization-business-dashboard-768x432.jpg 768w, https:\/\/www.unimedia.tech\/wp-content\/uploads\/2026\/04\/ai-conversion-optimization-business-dashboard.jpg 900w\" sizes=\"(max-width: 300px) 100vw, 300px\" \/><\/div>\n\t\t<\/a>\n\t\t\t\t<div class=\"elementor-post__text\">\n\t\t\t\t<h3 class=\"elementor-post__title\">\n\t\t\t<a href=\"https:\/\/www.unimedia.tech\/es\/como-mejorar-la-conversion-con-ia-en-empresas-de-servicios\/\" >\n\t\t\t\tC\u00f3mo mejorar la conversi\u00f3n con IA en empresas de servicios\t\t\t<\/a>\n\t\t<\/h3>\n\t\t\t\t<\/div>\n\t\t\t\t<\/article>\n\t\t\t\t<article class=\"elementor-post elementor-grid-item post-17667 post type-post status-publish format-standard has-post-thumbnail hentry category-desarrollo-de-apps\" role=\"listitem\">\n\t\t\t\t<a class=\"elementor-post__thumbnail__link\" href=\"https:\/\/www.unimedia.tech\/es\/vertical-saas-el-auge-de-las-plataformas-especializadas-en-2026\/\" tabindex=\"-1\" >\n\t\t\t<div class=\"elementor-post__thumbnail\"><img decoding=\"async\" width=\"300\" height=\"200\" src=\"https:\/\/www.unimedia.tech\/wp-content\/uploads\/2026\/04\/nearshore-software-development-team-spain-300x200.jpg\" class=\"attachment-medium size-medium wp-image-17666\" alt=\"equipo de desarrollo de software en Espa\u00f1a colaborando en un proyecto en un entorno moderno\" srcset=\"https:\/\/www.unimedia.tech\/wp-content\/uploads\/2026\/04\/nearshore-software-development-team-spain-300x200.jpg 300w, https:\/\/www.unimedia.tech\/wp-content\/uploads\/2026\/04\/nearshore-software-development-team-spain-768x512.jpg 768w, https:\/\/www.unimedia.tech\/wp-content\/uploads\/2026\/04\/nearshore-software-development-team-spain.jpg 900w\" sizes=\"(max-width: 300px) 100vw, 300px\" \/><\/div>\n\t\t<\/a>\n\t\t\t\t<div class=\"elementor-post__text\">\n\t\t\t\t<h3 class=\"elementor-post__title\">\n\t\t\t<a href=\"https:\/\/www.unimedia.tech\/es\/vertical-saas-el-auge-de-las-plataformas-especializadas-en-2026\/\" >\n\t\t\t\tVertical SaaS: el auge de las plataformas especializadas en 2026\t\t\t<\/a>\n\t\t<\/h3>\n\t\t\t\t<\/div>\n\t\t\t\t<\/article>\n\t\t\t\t<article class=\"elementor-post elementor-grid-item post-17658 post type-post status-publish format-standard has-post-thumbnail hentry category-asesoramiento\" role=\"listitem\">\n\t\t\t\t<a class=\"elementor-post__thumbnail__link\" href=\"https:\/\/www.unimedia.tech\/es\/desarrollo-de-software-en-espana-por-que-el-modelo-nearshore-funciona\/\" tabindex=\"-1\" >\n\t\t\t<div class=\"elementor-post__thumbnail\"><img loading=\"lazy\" decoding=\"async\" width=\"300\" height=\"200\" src=\"https:\/\/www.unimedia.tech\/wp-content\/uploads\/2026\/04\/software-development-spain-nearshore-300x200.jpg\" class=\"attachment-medium size-medium wp-image-17657\" alt=\"desarrollo de software en Espa\u00f1a representado por desarrollador programando en un entorno tecnol\u00f3gico moderno\" srcset=\"https:\/\/www.unimedia.tech\/wp-content\/uploads\/2026\/04\/software-development-spain-nearshore-300x200.jpg 300w, https:\/\/www.unimedia.tech\/wp-content\/uploads\/2026\/04\/software-development-spain-nearshore-768x513.jpg 768w, https:\/\/www.unimedia.tech\/wp-content\/uploads\/2026\/04\/software-development-spain-nearshore.jpg 900w\" sizes=\"(max-width: 300px) 100vw, 300px\" \/><\/div>\n\t\t<\/a>\n\t\t\t\t<div class=\"elementor-post__text\">\n\t\t\t\t<h3 class=\"elementor-post__title\">\n\t\t\t<a href=\"https:\/\/www.unimedia.tech\/es\/desarrollo-de-software-en-espana-por-que-el-modelo-nearshore-funciona\/\" >\n\t\t\t\tDesarrollo de software en Espa\u00f1a: por qu\u00e9 el modelo nearshore funciona\t\t\t<\/a>\n\t\t<\/h3>\n\t\t\t\t<\/div>\n\t\t\t\t<\/article>\n\t\t\t\t<article class=\"elementor-post elementor-grid-item post-17620 post type-post status-publish format-standard has-post-thumbnail hentry category-inteligencia-artificial-ai\" role=\"listitem\">\n\t\t\t\t<a class=\"elementor-post__thumbnail__link\" href=\"https:\/\/www.unimedia.tech\/es\/generacion-de-leads-con-ia-como-automatizar-presupuestos-y-acelerar-las-ventas\/\" tabindex=\"-1\" >\n\t\t\t<div class=\"elementor-post__thumbnail\"><img loading=\"lazy\" decoding=\"async\" width=\"300\" height=\"200\" src=\"https:\/\/www.unimedia.tech\/wp-content\/uploads\/2026\/04\/group-young-men-woman-c-300x200.jpg\" class=\"attachment-medium size-medium wp-image-17619\" alt=\"Equipo analizando datos de ventas en un dashboard desde una tablet para la generaci\u00f3n de leads y el crecimiento del negocio\" srcset=\"https:\/\/www.unimedia.tech\/wp-content\/uploads\/2026\/04\/group-young-men-woman-c-300x200.jpg 300w, https:\/\/www.unimedia.tech\/wp-content\/uploads\/2026\/04\/group-young-men-woman-c-768x513.jpg 768w, https:\/\/www.unimedia.tech\/wp-content\/uploads\/2026\/04\/group-young-men-woman-c.jpg 900w\" sizes=\"(max-width: 300px) 100vw, 300px\" \/><\/div>\n\t\t<\/a>\n\t\t\t\t<div class=\"elementor-post__text\">\n\t\t\t\t<h3 class=\"elementor-post__title\">\n\t\t\t<a href=\"https:\/\/www.unimedia.tech\/es\/generacion-de-leads-con-ia-como-automatizar-presupuestos-y-acelerar-las-ventas\/\" >\n\t\t\t\tGeneraci\u00f3n de leads con IA: c\u00f3mo automatizar presupuestos y acelerar las ventas\t\t\t<\/a>\n\t\t<\/h3>\n\t\t\t\t<\/div>\n\t\t\t\t<\/article>\n\t\t\t\t<article class=\"elementor-post elementor-grid-item post-17607 post type-post status-publish format-standard has-post-thumbnail hentry category-soluciones-informaticas\" role=\"listitem\">\n\t\t\t\t<a class=\"elementor-post__thumbnail__link\" href=\"https:\/\/www.unimedia.tech\/es\/cuanto-cuesta-desarrollar-una-plataforma-saas-en-2026\/\" tabindex=\"-1\" >\n\t\t\t<div class=\"elementor-post__thumbnail\"><img loading=\"lazy\" decoding=\"async\" width=\"300\" height=\"217\" src=\"https:\/\/www.unimedia.tech\/wp-content\/uploads\/2026\/04\/saas-development-cost-300x217.jpg\" class=\"attachment-medium size-medium wp-image-17606\" alt=\"Estimaci\u00f3n gratuita para tu proyecto SaaS\" srcset=\"https:\/\/www.unimedia.tech\/wp-content\/uploads\/2026\/04\/saas-development-cost-300x217.jpg 300w, https:\/\/www.unimedia.tech\/wp-content\/uploads\/2026\/04\/saas-development-cost-768x555.jpg 768w, https:\/\/www.unimedia.tech\/wp-content\/uploads\/2026\/04\/saas-development-cost.jpg 900w\" sizes=\"(max-width: 300px) 100vw, 300px\" \/><\/div>\n\t\t<\/a>\n\t\t\t\t<div class=\"elementor-post__text\">\n\t\t\t\t<h3 class=\"elementor-post__title\">\n\t\t\t<a href=\"https:\/\/www.unimedia.tech\/es\/cuanto-cuesta-desarrollar-una-plataforma-saas-en-2026\/\" >\n\t\t\t\t\u00bfCu\u00e1nto cuesta desarrollar una plataforma SaaS en 2026?\t\t\t<\/a>\n\t\t<\/h3>\n\t\t\t\t<\/div>\n\t\t\t\t<\/article>\n\t\t\t\t<article class=\"elementor-post elementor-grid-item post-17591 post type-post status-publish format-standard has-post-thumbnail hentry category-sin-categorizar\" role=\"listitem\">\n\t\t\t\t<a class=\"elementor-post__thumbnail__link\" href=\"https:\/\/www.unimedia.tech\/es\/donde-se-guardan-tus-datos-lo-que-todo-cto-debe-tener-en-cuenta-en-europa\/\" tabindex=\"-1\" >\n\t\t\t<div class=\"elementor-post__thumbnail\"><img loading=\"lazy\" decoding=\"async\" width=\"300\" height=\"185\" src=\"https:\/\/www.unimedia.tech\/wp-content\/uploads\/2026\/04\/eu-cloud-data-sovereignty-infrastructure-300x185.jpg\" class=\"attachment-medium size-medium wp-image-17590\" alt=\"Gesti\u00f3n de datos en software en la UE representada mediante infraestructura cloud segura en un data center moderno\" srcset=\"https:\/\/www.unimedia.tech\/wp-content\/uploads\/2026\/04\/eu-cloud-data-sovereignty-infrastructure-300x185.jpg 300w, https:\/\/www.unimedia.tech\/wp-content\/uploads\/2026\/04\/eu-cloud-data-sovereignty-infrastructure-768x473.jpg 768w, https:\/\/www.unimedia.tech\/wp-content\/uploads\/2026\/04\/eu-cloud-data-sovereignty-infrastructure.jpg 900w\" sizes=\"(max-width: 300px) 100vw, 300px\" \/><\/div>\n\t\t<\/a>\n\t\t\t\t<div class=\"elementor-post__text\">\n\t\t\t\t<h3 class=\"elementor-post__title\">\n\t\t\t<a href=\"https:\/\/www.unimedia.tech\/es\/donde-se-guardan-tus-datos-lo-que-todo-cto-debe-tener-en-cuenta-en-europa\/\" >\n\t\t\t\tD\u00f3nde se guardan tus datos: lo que todo CTO debe tener en cuenta en Europa\t\t\t<\/a>\n\t\t<\/h3>\n\t\t\t\t<\/div>\n\t\t\t\t<\/article>\n\t\t\t\t<\/div>\n\t\t\n\t\t\t\t\t\t<\/div>\n\t\t\t\t<\/div>\n\t\t\t\t\t<\/div>\n\t\t<\/div>\n\t\t\t\t\t<\/div>\n\t\t<\/section>\n\t\t\t\t<\/div>\n\t\t","protected":false},"excerpt":{"rendered":"<p>Gracias por solicitar formar parte del equipo de UniMedia. Agradecemos sinceramente su inter\u00e9s en formar parte de la familia UniMedia. Su solicitud para el puesto<\/p>\n","protected":false},"author":4,"featured_media":0,"parent":0,"menu_order":0,"comment_status":"closed","ping_status":"closed","template":"elementor_header_footer","meta":{"_acf_changed":false,"footnotes":""},"class_list":["post-7933","page","type-page","status-publish","hentry"],"acf":[],"yoast_head":"<!-- This site is optimized with the Yoast SEO Premium plugin v21.6 (Yoast SEO v27.1.1) - https:\/\/yoast.com\/product\/yoast-seo-premium-wordpress\/ -->\n<title>Gracias por solicitar formar parte del equipo de UniMedia - Unimedia Technology<\/title>\n<meta name=\"robots\" content=\"noindex, follow\" \/>\n<meta property=\"og:locale\" content=\"es_ES\" \/>\n<meta property=\"og:type\" content=\"article\" \/>\n<meta property=\"og:title\" content=\"Gracias por solicitar formar parte del equipo de UniMedia\" \/>\n<meta property=\"og:description\" content=\"Gracias por solicitar formar parte del equipo de UniMedia. Agradecemos sinceramente su inter\u00e9s en formar parte de la familia UniMedia. Su solicitud para el puesto\" \/>\n<meta property=\"og:url\" content=\"https:\/\/www.unimedia.tech\/es\/gracias-por-solicitar-formar-parte-del-equipo-de-unimedia\/\" \/>\n<meta property=\"og:site_name\" content=\"Unimedia Technology\" \/>\n<meta property=\"article:publisher\" content=\"https:\/\/www.linkedin.com\/company\/unimedia-technology\/\" \/>\n<meta property=\"article:modified_time\" content=\"2026-02-04T16:13:32+00:00\" \/>\n<meta property=\"og:image\" content=\"https:\/\/www.unimedia.tech\/wp-content\/uploads\/2023\/10\/Capa-5.png\" \/>\n<meta name=\"twitter:card\" content=\"summary_large_image\" \/>\n<meta name=\"twitter:site\" content=\"@UnimediaCTO\" \/>\n<meta name=\"twitter:label1\" content=\"Tiempo de lectura\" \/>\n\t<meta name=\"twitter:data1\" content=\"2 minutos\" \/>\n<!-- \/ Yoast SEO Premium plugin. -->","yoast_head_json":{"title":"Gracias por solicitar formar parte del equipo de UniMedia - Unimedia Technology","robots":{"index":"noindex","follow":"follow"},"og_locale":"es_ES","og_type":"article","og_title":"Gracias por solicitar formar parte del equipo de UniMedia","og_description":"Gracias por solicitar formar parte del equipo de UniMedia. Agradecemos sinceramente su inter\u00e9s en formar parte de la familia UniMedia. Su solicitud para el puesto","og_url":"https:\/\/www.unimedia.tech\/es\/gracias-por-solicitar-formar-parte-del-equipo-de-unimedia\/","og_site_name":"Unimedia Technology","article_publisher":"https:\/\/www.linkedin.com\/company\/unimedia-technology\/","article_modified_time":"2026-02-04T16:13:32+00:00","og_image":[{"url":"https:\/\/www.unimedia.tech\/wp-content\/uploads\/2023\/10\/Capa-5.png","type":"","width":"","height":""}],"twitter_card":"summary_large_image","twitter_site":"@UnimediaCTO","twitter_misc":{"Tiempo de lectura":"2 minutos"},"schema":{"@context":"https:\/\/schema.org","@graph":[{"@type":"WebPage","@id":"https:\/\/www.unimedia.tech\/es\/gracias-por-solicitar-formar-parte-del-equipo-de-unimedia\/","url":"https:\/\/www.unimedia.tech\/es\/gracias-por-solicitar-formar-parte-del-equipo-de-unimedia\/","name":"Gracias por solicitar formar parte del equipo de UniMedia - Unimedia Technology","isPartOf":{"@id":"https:\/\/www.unimedia.tech\/es\/#website"},"primaryImageOfPage":{"@id":"https:\/\/www.unimedia.tech\/es\/gracias-por-solicitar-formar-parte-del-equipo-de-unimedia\/#primaryimage"},"image":{"@id":"https:\/\/www.unimedia.tech\/es\/gracias-por-solicitar-formar-parte-del-equipo-de-unimedia\/#primaryimage"},"thumbnailUrl":"https:\/\/www.unimedia.tech\/wp-content\/uploads\/2023\/10\/Capa-5.png","datePublished":"2024-01-05T10:34:56+00:00","dateModified":"2026-02-04T16:13:32+00:00","breadcrumb":{"@id":"https:\/\/www.unimedia.tech\/es\/gracias-por-solicitar-formar-parte-del-equipo-de-unimedia\/#breadcrumb"},"inLanguage":"es","potentialAction":[{"@type":"ReadAction","target":["https:\/\/www.unimedia.tech\/es\/gracias-por-solicitar-formar-parte-del-equipo-de-unimedia\/"]}]},{"@type":"ImageObject","inLanguage":"es","@id":"https:\/\/www.unimedia.tech\/es\/gracias-por-solicitar-formar-parte-del-equipo-de-unimedia\/#primaryimage","url":"https:\/\/www.unimedia.tech\/wp-content\/uploads\/2023\/10\/Capa-5.png","contentUrl":"https:\/\/www.unimedia.tech\/wp-content\/uploads\/2023\/10\/Capa-5.png"},{"@type":"BreadcrumbList","@id":"https:\/\/www.unimedia.tech\/es\/gracias-por-solicitar-formar-parte-del-equipo-de-unimedia\/#breadcrumb","itemListElement":[{"@type":"ListItem","position":1,"name":"Home","item":"https:\/\/www.unimedia.tech\/es\/"},{"@type":"ListItem","position":2,"name":"Gracias por solicitar formar parte del equipo de UniMedia"}]},{"@type":"WebSite","@id":"https:\/\/www.unimedia.tech\/es\/#website","url":"https:\/\/www.unimedia.tech\/es\/","name":"Unimedia Technology","description":"Your software development partner","publisher":{"@id":"https:\/\/www.unimedia.tech\/es\/#organization"},"alternateName":"Unimedia Tech","potentialAction":[{"@type":"SearchAction","target":{"@type":"EntryPoint","urlTemplate":"https:\/\/www.unimedia.tech\/es\/?s={search_term_string}"},"query-input":{"@type":"PropertyValueSpecification","valueRequired":true,"valueName":"search_term_string"}}],"inLanguage":"es"},{"@type":"Organization","@id":"https:\/\/www.unimedia.tech\/es\/#organization","name":"Unimedia Technology","alternateName":"Unimedia Tech","url":"https:\/\/www.unimedia.tech\/es\/","logo":{"@type":"ImageObject","inLanguage":"es","@id":"https:\/\/www.unimedia.tech\/es\/#\/schema\/logo\/image\/","url":"https:\/\/www.unimedia.tech\/wp-content\/uploads\/2023\/12\/cloud_border-3.png","contentUrl":"https:\/\/www.unimedia.tech\/wp-content\/uploads\/2023\/12\/cloud_border-3.png","width":403,"height":309,"caption":"Unimedia Technology"},"image":{"@id":"https:\/\/www.unimedia.tech\/es\/#\/schema\/logo\/image\/"},"sameAs":["https:\/\/www.linkedin.com\/company\/unimedia-technology\/","https:\/\/x.com\/UnimediaCTO","https:\/\/www.instagram.com\/unimedia.technology\/"]}]}},"_links":{"self":[{"href":"https:\/\/www.unimedia.tech\/es\/wp-json\/wp\/v2\/pages\/7933","targetHints":{"allow":["GET"]}}],"collection":[{"href":"https:\/\/www.unimedia.tech\/es\/wp-json\/wp\/v2\/pages"}],"about":[{"href":"https:\/\/www.unimedia.tech\/es\/wp-json\/wp\/v2\/types\/page"}],"author":[{"embeddable":true,"href":"https:\/\/www.unimedia.tech\/es\/wp-json\/wp\/v2\/users\/4"}],"replies":[{"embeddable":true,"href":"https:\/\/www.unimedia.tech\/es\/wp-json\/wp\/v2\/comments?post=7933"}],"version-history":[{"count":1,"href":"https:\/\/www.unimedia.tech\/es\/wp-json\/wp\/v2\/pages\/7933\/revisions"}],"predecessor-version":[{"id":17375,"href":"https:\/\/www.unimedia.tech\/es\/wp-json\/wp\/v2\/pages\/7933\/revisions\/17375"}],"wp:attachment":[{"href":"https:\/\/www.unimedia.tech\/es\/wp-json\/wp\/v2\/media?parent=7933"}],"curies":[{"name":"wp","href":"https:\/\/api.w.org\/{rel}","templated":true}]}}